{"id":41901,"date":"2018-05-24T13:45:42","date_gmt":"2018-05-24T11:45:42","guid":{"rendered":"http:\/\/e3mag.com\/?page_id=41901"},"modified":"2025-03-17T08:32:19","modified_gmt":"2025-03-17T07:32:19","slug":"protection-des-donnees","status":"publish","type":"page","link":"https:\/\/e3mag.com\/fr\/protection-des-donnees\/","title":{"rendered":"Protection des donn\u00e9es"},"content":{"rendered":"\n<h1 class=\"wp-block-heading\">Umsetzung der Vorschriften der EU Datenschutz-Grundverordnung<\/h1>\n\n\n\n<p><strong>Sehr geehrte Damen und Herren,<\/strong><\/p>\n\n\n\n<p>Die EU Datenschutz-Grundverordnung (DSGVO) gilt in allen EU-Staaten. Den Text der Verordnung finden Sie <a href=\"https:\/\/www.datenschutz-grundverordnung.eu\/eu-datenschutz-grundverordnung-eu-dsgvo\/dokumente-links-und-downloads\/\" target=\"_blank\" rel=\"noreferrer noopener\">hier<\/a>.<\/p>\n\n\n\n<p><strong>Um den Bestimmungen nachzukommen, d\u00fcrfen wir Sie nachfolgend informieren:<\/strong><\/p>\n\n\n\n<p>Die B4Bmedia.net AG erhebt, verarbeitet und nutzt personenbezogene Daten. Dies geschieht nur unter Einwilligung (Beispiel: Abonnement-Anmeldung) und zum Zwecke der von uns gebotenen Serviceleistungen und gem\u00e4\u00df den Bestimmungen der DSGVO. Wir folgen dabei selbstverst\u00e4ndlich den datenschutz- und zivilrechtlichen Bestimmungen.<\/p>\n\n\n\n<p>Weiteres sind von der Erhebung von personenbezogenen Daten ausschlie\u00dflich jene Daten betroffen, welche f\u00fcr die Durchf\u00fchrung der jeweiligen Serviceleistung notwendig sind, oder welche Sie uns freiwillig zur Verf\u00fcgung gestellt haben. Unter personenbezogenen Daten ist folgendes zu verstehen: Angaben zu pers\u00f6nlichen oder sachlichen Verh\u00e4ltnissen (Name, E-Mail, Anschrift, Telefonnummer, Geburtsdatum, Alter, Geschlecht, Sozialversicherungsnummer, Kreditkarteninformationen, Fingerabdr\u00fccke, Videoaufzeichnungen, Fotos, Stimmaufnahmen und \u00e4hnliches. Auch sensible Daten wie Gesundheitsdaten k\u00f6nnen in manchen F\u00e4llen mit betroffen sein.<\/p>\n\n\n\n<p>B4Bmedia.net darf Sie um eine Mitteilung bei \u00c4nderung Ihrer Daten ersuchen, da Sie gem\u00e4\u00df der DSGVO zuk\u00fcnftig das Recht auf Auskunft \u00fcber Ihre gespeicherten pers\u00f6nlichen Daten, deren Herkunft sowie Empf\u00e4nger und den Zweck der Datenverarbeitung und nat\u00fcrlich ein Recht auf L\u00f6schung, Berichtigung, Daten\u00fcbertragung, Widerspruch, Einschr\u00e4nkung der Bearbeitung sowie Sperrung jener Daten haben.<\/p>\n\n\n\n<p>Sie k\u00f6nnen ferner jegliche Zustimmung zur Verarbeitung personenbezogener Daten jederzeit widerrufen, indem Sie sich mit Ihrer Bitte um Auskunft, L\u00f6schung, Berichtigung, Widerspruch und\/oder Daten\u00fcbertragung direkt an unsere Gesch\u00e4ftsanschrift richten.<\/p>\n\n\n\n<p>Sind Sie der Meinung, dass die Verarbeitung Ihrer personenbezogenen \nDaten durch uns gegen geltendes Datenschutzrecht verst\u00f6\u00dft, bitten wir \nSie, uns diesbez\u00fcglich zu kontaktieren. Auch haben Sie die M\u00f6glichkeit, \nsich direkt bei der zust\u00e4ndigen Datenschutzbeh\u00f6rde zu melden. Dies ist \nin unserem Fall das Landesamt f\u00fcr Datenschutzaufsicht. \/\/ Postfach 606, \n91511 Ansbach \/ Promenade 27 (Schloss), 91522 Ansbach \/\/ Telefon: 0981 \n53 \u2013 1300 \/\/ E-Mail: <a href=\"mailto:poststelle@lda.bayern.de\">poststelle@lda.bayern.de<\/a> \/\/ Internet: <a href=\"https:\/\/www.lda.brandenburg.de\" target=\"_blank\" rel=\"noopener\">https:\/\/www.lda.brandenburg.de<\/a><\/p>\n\n\n\n<p>Um Ihre Daten bestm\u00f6glich zu sch\u00fctzen, treffen wir selbstverst\u00e4ndlich entsprechende Vorkehrungen, wie vertragliche Vereinbarungen mit Partnerunternehmen, Firewalls, Passwortschutz und regelm\u00e4\u00dfige Updates. Besonderen Wert legen wir dabei nat\u00fcrlich auf den Schutz vor unerlaubtem, zuf\u00e4lligem oder rechtswidrigem Zugriff, Verarbeitung, Verwendung von Manipulation sowie Verlust.<\/p>\n\n\n\n<p>Obwohl wir all unsere Bem\u00fchungen daransetzen, dies zu gew\u00e4hrleisten, k\u00f6nnen wir leider nie vollends ausschlie\u00dfen, dass Informationen, welche Sie uns \u00fcber das Internet zukommen lassen, von anderen Personen eingesehen und genutzt werden. Wir bitten Sie daher zu beachten, dass wir keinerlei wie auch immer geartete Haftung f\u00fcr die Offenlegung von Informationen aufgrund nicht von uns verursachter Fehler bei der Daten\u00fcbertragung und\/oder unautorisiertem Zugriff durch Dritte \u00fcbernehmen. (z.B.: Hackerangriffe auf E-Mail-Konten, Telefon oder Abfangen von Faxen)<\/p>\n\n\n\n<p>Auch versichern wir, die uns von Ihnen zur Verf\u00fcgung gestellten Daten lediglich zum Zwecke der Erf\u00fcllung unseres Angebotes oder sonstigen durch die Bestimmungen der DSGVO gedeckten Zwecken zu nutzen. Eine Ausnahme bildet hierbei die Nutzung der Daten zu statistischen Zwecken, sofern die entsprechenden Daten anonymisiert wurden.<\/p>\n\n\n\n<p>Unsere Website verwendet <strong>keine Third Party Cookies<\/strong>. Durch den Wechsel zu <strong>Usermaven<\/strong>, einem Tool f\u00fcr cookieloses Tracking (nur technische Cookies), erfassen wir nur anonyme Nutzungsdaten, ohne Third Party Cookies auf Ihrem Ger\u00e4t zu speichern. Dies verbessert den Datenschutz und entspricht den aktuellen gesetzlichen Vorgaben.<\/p>\n\n\n\n<p>Der Schutz Ihrer Daten liegt uns sehr am Herzen. Wir sind gerne unter\n den in unserem Impressum angef\u00fchrten Kontaktdaten erreichbar.<\/p>\n\n\n\n<p><strong>Wir danken f\u00fcr Ihr Vertrauen und verbleiben mit freundlichen Gr\u00fc\u00dfen.<\/strong><\/p>\n\n\n\n<p><strong>B4Bmedia.net AG<\/strong><\/p>\n\n\n\n<hr class=\"wp-block-separator has-css-opacity is-style-wide\"\/>\n\n\n\n<h5 class=\"wp-block-heading\" id=\"datenschutz\"><strong>Datenschutz-Hinweise:<\/strong><\/h5>\n\n\n\n<p>Der Betreiber speichert automatisch in seinen Server-Log-Dateien technische Informationen, die Ihr Browser \u00fcbermittelt. Dazu geh\u00f6ren der Browsertyp\/-version, die Referrer-URL, das verwendete Betriebssystem, der Hostname des zugreifenden Rechners (IP-Adresse) sowie die Uhrzeit der Serveranfrage. Diese Daten dienen ausschlie\u00dflich der technischen Analyse und Betriebssicherheit und werden nicht mit anderen Datenquellen zusammengef\u00fchrt oder zur Profilbildung genutzt. Es erfolgt keinerlei Tracking \u00fcber Cookies oder \u00e4hnliche Technologien.<\/p>\n\n\n\n<p><strong>Drittlandtransfer<\/strong><\/p>\n\n\n\n<p>Soweit Daten au\u00dferhalb der EU\/des EWR verarbeitet werden und kein dem europ\u00e4ischen Standard entsprechendes Datenschutzniveau besteht, haben wir zur Herstellung eines angemessenen Datenschutzniveaus mit dem Dienstleister EU-Standardvertragsklauseln geschlossen.<\/p>\n\n\n\n<p><strong>Rechtsgrundlage<\/strong><\/p>\n\n\n\n<p>Rechtsgrundlage f\u00fcr diese Datenverarbeitung ist Ihre Einwilligung gem. Art.6 Abs.1 S.1 lit.a DSGVO.<\/p>\n\n\n\n<h5 class=\"wp-block-heading\"><strong>Kontaktformular<\/strong><\/h5>\n\n\n\n<p>Alle von Ihnen im Kontaktformular eingegebenen Daten, werden per \nE-Mail an den Betreiber dieser Webseite \u00fcbertragen und nicht auf dem \nServer gespeichert. Es kommt daher unter Umst\u00e4nden zu einer Speicherung \nIhrer Anfrage in den verwendeten Backendsystemen (Postfach, \nKundenverwaltungssystem) wenn dies von notwendigkeit ist, um Ihr \nAnliegen zu bearbeiten. Dritte haben keinen Zugriff auf die genannten \nDaten. Auch werden Ihre Kontaktdaten nicht zu Marketingzwecken \neingesetzt oder weitergegeben.<\/p>\n\n\n\n<div class=\"wp-block-group hidden\"><div class=\"wp-block-group__inner-container is-layout-flow wp-block-group-is-layout-flow\">\n<p><strong>Google Analytics:<\/strong><\/p>\n\n\n\n<p>Diese Website benutzt Google Analytics, einen Webanalysedienst der  Google Inc. (\u201eGoogle\u201c). Google Analytics verwendet sog. \u201eCookies\u201c,  Textdateien, die auf Ihrem Computer gespeichert werden und die eine  Analyse der Benutzung der Website durch Sie erm\u00f6glichen. Die durch den  Cookie erzeugten Informationen \u00fcber Ihre Benutzung dieser Website (Ihrer  IP-Adresse wird hierbei Anonymisiert) wird an einen Server von Google  in den USA \u00fcbertragen und dort gespeichert. Google wird diese  Informationen benutzen, um Ihre Nutzung der Website auszuwerten, um  Reports \u00fcber die Websiteaktivit\u00e4ten f\u00fcr die Websitebetreiber  zusammenzustellen und um weitere mit der Websitenutzung und der  Internetnutzung verbundene Dienstleistungen zu erbringen. Auch wird  Google diese Informationen gegebenenfalls an Dritte \u00fcbertragen, sofern  dies gesetzlich vorgeschrieben oder soweit Dritte diese Daten im Auftrag  von Google verarbeiten. Sie k\u00f6nnen die Installation der Cookies durch  eine entsprechende Einstellung Ihrer Browser Software oder durch klicken  auf den nach dieser Erkl\u00e4rung gelisteten Link verhindern; wir weisen  Sie jedoch darauf hin, dass Sie in diesem Fall gegebenenfalls nicht  s\u00e4mtliche Funktionen dieser Website vollumf\u00e4nglich nutzen k\u00f6nnen. Durch  die Nutzung dieser Website erkl\u00e4ren Sie sich mit der Bearbeitung der  \u00fcber Sie erhobenen Daten durch Google in der zuvor beschriebenen Art und  Weise und zu dem zuvor benannten Zweck einverstanden. <\/p>\n\n\n\n<p>[ga_optout]<\/p>\n<\/div><\/div>\n\n\n\n<h5 class=\"wp-block-heading\"><strong>Advanced Ads<\/strong><\/h5>\n\n\n\n<p>Diese Seite nutzt das PlugIn Advanced Ads zur Anzeige und Auswertung von Werbung. Impressum: <strong>Advanced Ads<\/strong> GmbH<\/p>\n\n\n\n<p>Hans-Fallada-Stra\u00dfe 20 17489 Greifswald, Deutschland,  Datenschutzerkl\u00e4rung:&nbsp;<a href=\"https:\/\/ajdg.solutions\/terms-of-service-and-privacy-policy\/\" target=\"_blank\" rel=\"noreferrer noopener\">hhttps:\/\/wpadvancedads.com\/privacy-policy\/<\/a><\/p>\n\n\n\n<h5 class=\"wp-block-heading\"><strong>Google Web Fonts<\/strong><\/h5>\n\n\n\n<p>Diese Webseite kann Google Web Fonts enthalten. Dies ist ein Dienst, \nwelcher es uns erm\u00f6glicht, f\u00fcr Sie angenehm lesbare Schriften direkt von\n Google zu beziehen. Bei der Auslieferung der Schriftarten kommt es zu \neiner \u00fcbermittlung Ihrer IP an Google.<\/p>\n\n\n\n<h5 class=\"wp-block-heading\"><strong>Rapidmail<\/strong><\/h5>\n\n\n\n<p>Das E3 Magazin versendet in regelm\u00e4\u00dfigen Abst\u00e4nden Newsletter. Um den Empfang dieses Newsletters zu erm\u00f6glichen, erheben wir bei der Anmeldung einige Daten, welche durch unseren Newsletter-Anbieter Rapidmail gespeichert werden.<\/p>\n\n\n\n<p>Um den auf unserer Webseite angebotenen Newsletter zu beziehen, k\u00f6nnen Sie sich \u00fcber unser Formular anmelden. Dabei nutzen wir das sogenannte Double-Opt-In Verfahren. Hier wird zun\u00e4chst eine Best\u00e4tigungsmail an Ihre angegebene E-Mail Adresse gesendet, mit der Bitte um Best\u00e4tigung. Die Anmeldung wird erst wirksam, wenn Sie den in der Best\u00e4tigungsmail enthaltenen Aktivierungslink anklicken. Wir verwenden Ihre an uns \u00fcbertragenen Daten ausschlie\u00dflich f\u00fcr den Versand des Newsletters, der Informationen oder Angebot enthalten kann.<\/p>\n\n\n\n<p>Wir verwenden rapidmail, um unseren Newsletter zu versenden. Ihre Daten werden daher an die rapidmail GmbH \u00fcbermittelt. Dabei ist es der rapidmail GmbH untersagt, Ihre Daten f\u00fcr andere Zwecke als f\u00fcr den Versand des Newsletters zu nutzen. Eine Weitergabe oder ein Verkauf Ihrer Daten ist der rapidmail GmbH nicht gestattet. rapidmail ist ein deutscher, zertifizierter Newsletter Software Anbieter, welcher nach den Anforderungen der DSGVO und des BDSG sorgf\u00e4ltig ausgew\u00e4hlt wurde.<\/p>\n\n\n\n<p>Sie k\u00f6nnen Ihre Einwilligung zur Speicherung der Daten und deren Nutzung zum Newsletter-Versand jederzeit widerrufen, z.B. \u00fcber den Abmelde-Link im Newsletter.<\/p>\n\n\n\n<p>Bei der Registrierung f\u00fcr den Newsletter vom E-3 Magazin \/  B4Bmedia.net AG werden alle Daten, welche durch Sie angegeben werden, an  Rapidmail zum Zwecke des Newsletter Versands gesendet und dort  gespeichert.<\/p>\n\n\n\n<p>Wir nutzen, entsprechend der Datenschutzbestimmungen in der EU, ein  \u201edouble opt-in\u201c Verfahren bei der Anmeldung infolge dessen Sie nach der  Anmeldung eine E-Mail bekommen um Ihre Anmeldung zu best\u00e4tigen. Dies dient Ihrem Schutz. Sie haben nat\u00fcrlich jederzeit die M\u00f6glichkeit sich vom Newsletter abzumelden. Entsprechende Links finden Sie in jeder  E-Mail. Eine Abmeldung per E-Mail an <a href=\"mailto:web@b4bmedia.net\">web@b4bmedia.net<\/a> ist nat\u00fcrlich ebenso m\u00f6glich.<\/p>\n\n\n\n<h5 class=\"wp-block-heading\"><strong>Weitere Informationen<\/strong><\/h5>\n\n\n\n<p>Ihr Vertrauen ist uns wichtig. Sollten noch Fragen bestehen, geben \nwir Ihnen daher jederzeit gerne Auskunft auf Fragen bez\u00fcglich der \nVerarbeitung Ihrer personenbezogenen Daten sowie zu dieser \nDatenschutzerkl\u00e4rung. Wenden Sie sich daf\u00fcr bitte \u00fcber das \nKontaktformular auf dieser Seite oder \u00fcber die im Impressum angegebenen \nKontaktinformationen direkt an uns.<\/p>\n\n\n\n<p><em>Quelle: Folgendes Impressum wurde mit Hilfe der Impressum-Vorlage von firmenwebseiten.at erstellt.<\/em><\/p>\n\n\n\n<h5 class=\"wp-block-heading\"><strong>Haftungsausschluss<\/strong><\/h5>\n\n\n\n<p>Dieser Haftungsausschluss ist als Teil des Internetangebotes zu \nbetrachten, von dem aus auf diese Webseite verwiesen wurde. Sofern Teile\n oder einzelne Formulierungen dieses Textes der geltenden Rechtslage \nnicht, nicht mehr oder nicht vollst\u00e4ndig entsprechen sollten, bleiben \ndie \u00fcbrigen Teile des Dokumentes in ihrem Inhalt und ihrer G\u00fcltigkeit \ndavon unber\u00fchrt.<\/p>\n\n\n\n<h5 class=\"wp-block-heading\"><strong>Haftung f\u00fcr Inhalte dieser Webseite<\/strong><\/h5>\n\n\n\n<p>Die Inhalte dieser Seiten wurden mit gr\u00f6\u00dfter Sorgfalt erstellt. F\u00fcr \ndie Richtigkeit, Vollst\u00e4ndigkeit und Aktualit\u00e4t der Inhalte k\u00f6nnen wir \njedoch keine Gew\u00e4hr \u00fcbernehmen.<\/p>\n\n\n\n<p>Die Kontrolle weiterf\u00fchrender Links ist nicht zumutbar. Bei \nBekanntwerden von Rechtsverletzungen werden wir derartige Links aber \nnat\u00fcrlich umgehend entfernen.<\/p>\n\n\n\n<h5 class=\"wp-block-heading\"><strong>Haftung f\u00fcr Links auf Webseiten Dritter<\/strong><\/h5>\n\n\n\n<p>Unser Angebot enth\u00e4lt Links zu externen Webseiten Dritter, auf deren \nInhalte wir keinen Einfluss haben. Deshalb k\u00f6nnen wir f\u00fcr diese fremden \nInhalte auch keine Gew\u00e4hr \u00fcbernehmen. F\u00fcr die Inhalte der verlinkten \nSeiten ist stets der jeweilige Anbieter oder Betreiber der Seiten \nverantwortlich. Die verlinkten Seiten wurden zum Zeitpunkt der \nVerlinkung auf m\u00f6gliche Rechtsverst\u00f6\u00dfe \u00fcberpr\u00fcft. Rechtswidrige Inhalte \nwaren zum Zeitpunkt der Verlinkung nicht erkennbar. Eine permanente \ninhaltliche Kontrolle der verlinkten Seiten ist jedoch ohne konkrete \nAnhaltspunkte einer Rechtsverletzung<\/p>\n\n\n\n<h5 class=\"wp-block-heading\"><strong>Urheberrecht<\/strong><\/h5>\n\n\n\n<p>Die Betreiber dieser Webseite sind bem\u00fcht, stets die Urheberrechte \nanderer zu beachten bzw. auf selbst erstellte sowie lizenzfreie Werke \nzur\u00fcckzugreifen. Die durch die Seitenbetreiber erstellten Inhalte und \nWerke auf dieser Webseite unterliegen dem Urheberrecht. Beitr\u00e4ge Dritter\n sind als solche gekennzeichnet. Die Vervielf\u00e4ltigung, Bearbeitung, \nVerbreitung und jede Art der Verwertung au\u00dferhalb der Grenzen des \nUrheberrechtes bed\u00fcrfen der schriftlichen Zustimmung des jeweiligen \nAutors bzw. Erstellers. Downloads und Kopien dieser Seite sind nur f\u00fcr \nden privaten, nicht kommerziellen Gebrauch gestattet.<\/p>\n\n\n\n<h5 class=\"wp-block-heading\"><strong>Datenschutzerkl\u00e4rung f\u00fcr die Nutzung von YouTube<\/strong><\/h5>\n\n\n\n<p>Unsere Website nutzt Funktionen des Dienstes YouTube. Diese Funktionen werden von YouTube, LLC, 901<br>Cherry Ave., San Bruno, CA 94066, USA angeboten. Wenn Sie unsere Website besuchen, m\u00fcssen Sie die YouTube-Cookies akzeptieren, um Videos anzeigen zu k\u00f6nnen. Wir verwenden keine zus\u00e4tzlichen Cookies, sind in keiner Weise mit YouTube verbunden und haben keinen Zugriff auf die Informationen, die YouTube \u00fcber seine Cookies sammelt.<\/p>\n\n\n\n<h5 class=\"wp-block-heading\"><strong>Pers\u00f6nliche Daten<\/strong><\/h5>\n\n\n\n<p>Pers\u00f6nliche Daten, die Sie auf dieser Website elektronisch \n\u00fcbermitteln, wie zum Beispiel Ihren Namen, E-Mail-Adresse, Adresse oder \nandere pers\u00f6nlichen Angaben, werden von uns nur zum jeweils angegebenen \nZweck verwendet, sicher verwahrt und nicht an Dritte weitergegeben. Der \nProvider erhebt und speichert automatisch Informationen am Webserver wie\n verwendeter Browser, Betriebssystem, Verweisseite, IP-Adresse, Uhrzeit \ndes Zugriffs usw. Diese Daten k\u00f6nnen ohne Pr\u00fcfung weiterer Datenquellen \nkeinen bestimmten Personen zugeordnet werden und wir werten diese Daten \nauch nicht weiter aus solange keine rechtswidrige Nutzung unserer \nWebseite vorliegt.<\/p>\n\n\n\n<h5 class=\"wp-block-heading\"><strong>Formulardaten und Kommentare<\/strong><\/h5>\n\n\n\n<p>Kontaktformular:<\/p>\n\n\n\n<p>Alle von Ihnen im Kontaktformular eingegebenen Daten werden per E-Mail an den Betreiber dieser Webseite \u00fcbertragen und nicht auf dem Server gespeichert. Es kann daher unter Umst\u00e4nden zu einer Speicherung Ihrer Anfrage in den verwendeten Backendsystemen (Postfach, Kundenverwaltungssystem) kommen, wenn dies zur Bearbeitung Ihres Anliegens erforderlich ist. Dritte haben keinen Zugriff auf die genannten Daten. Auch werden Ihre Kontaktdaten nicht zu Marketingzwecken eingesetzt oder weitergegeben (mit Ausnahme einer gekennzeichnet Genehmigung von Ihnen, siehe entsprechende Formulare).<\/p>\n\n\n\n<p>B4Bmedia.net ist stets bem\u00fcht, eventuelle Datenpannen oder Lecks fr\u00fchzeitig zu erkennen und gegebenenfalls unverz\u00fcglich Ihnen bzw. der jeweilig zust\u00e4ndigen Aufsichtsbeh\u00f6rde zu melden. Ihre Daten werden nicht l\u00e4nger aufbewahrt, als dies zur Erf\u00fcllung unserer vertraglichen\/gesetzlichen Verpflichtungen erforderlich ist.<\/p>\n\n\n\n<p>Der Schutz Ihrer Daten liegt uns sehr am Herzen. Wir sind gerne unter den in unserem Impressum angef\u00fchrten Kontaktdaten erreichbar.<\/p>\n\n\n\n<p>Wir danken f\u00fcr Ihr Vertrauen und verbleiben mit freundlichen Gr\u00fc\u00dfen.<\/p>\n\n\n\n<p>Gesch\u00e4ftsleitung<\/p>\n\n\n\n<p>B4Bmedia.net AG<\/p>\n\n\n\n<p>Freilassing, 26. Februar 2025<\/p>\n\n\n\n<h5 class=\"wp-block-heading\"><strong>Auskunftsrecht<\/strong><\/h5>\n\n\n\n<p>Sie haben jederzeit das Recht auf Auskunft \u00fcber die bez\u00fcglich Ihrer \nPerson gespeicherten Daten, deren Herkunft und Empf\u00e4nger sowie den Zweck\n der Speicherung.<\/p>\n","protected":false},"excerpt":{"rendered":"<p>Umsetzung der Vorschriften der EU Datenschutz-Grundverordnung Sehr geehrte Damen und Herren, Die EU Datenschutz-Grundverordnung (DSGVO) gilt in allen EU-Staaten. Den Text der Verordnung finden Sie hier. Um den Bestimmungen nachzukommen, d\u00fcrfen wir Sie nachfolgend informieren: Die B4Bmedia.net AG erhebt, verarbeitet und nutzt personenbezogene Daten. Dies geschieht nur unter Einwilligung (Beispiel: Abonnement-Anmeldung) und zum Zwecke der [&hellip;]<\/p>\n","protected":false},"author":38,"featured_media":41904,"parent":0,"menu_order":51,"comment_status":"closed","ping_status":"closed","template":"","meta":{"_acf_changed":false,"pmpro_default_level":"","footnotes":""},"coauthors":[19920],"class_list":["post-41901","page","type-page","status-publish","has-post-thumbnail","hentry","pmpro-has-access"],"acf":[],"featured_image_urls_v2":{"full":["https:\/\/e3mag.com\/wp-content\/uploads\/2018\/05\/EU-DSGVO.jpg",1000,366,false],"thumbnail":["https:\/\/e3mag.com\/wp-content\/uploads\/2018\/05\/EU-DSGVO-150x150.jpg",150,150,true],"medium":["https:\/\/e3mag.com\/wp-content\/uploads\/2018\/05\/EU-DSGVO.jpg",400,146,false],"medium_large":["https:\/\/e3mag.com\/wp-content\/uploads\/2018\/05\/EU-DSGVO-768x281.jpg",768,281,true],"large":["https:\/\/e3mag.com\/wp-content\/uploads\/2018\/05\/EU-DSGVO.jpg",1000,366,false],"image-100":["https:\/\/e3mag.com\/wp-content\/uploads\/2018\/05\/EU-DSGVO-100x37.jpg",100,37,true],"image-480":["https:\/\/e3mag.com\/wp-content\/uploads\/2018\/05\/EU-DSGVO-480x176.jpg",480,176,true],"image-640":["https:\/\/e3mag.com\/wp-content\/uploads\/2018\/05\/EU-DSGVO-640x234.jpg",640,234,true],"image-720":["https:\/\/e3mag.com\/wp-content\/uploads\/2018\/05\/EU-DSGVO-720x264.jpg",720,264,true],"image-960":["https:\/\/e3mag.com\/wp-content\/uploads\/2018\/05\/EU-DSGVO-960x351.jpg",960,351,true],"image-1168":["https:\/\/e3mag.com\/wp-content\/uploads\/2018\/05\/EU-DSGVO.jpg",1000,366,false],"image-1440":["https:\/\/e3mag.com\/wp-content\/uploads\/2018\/05\/EU-DSGVO.jpg",1000,366,false],"image-1920":["https:\/\/e3mag.com\/wp-content\/uploads\/2018\/05\/EU-DSGVO.jpg",1000,366,false],"1536x1536":["https:\/\/e3mag.com\/wp-content\/uploads\/2018\/05\/EU-DSGVO.jpg",1000,366,false],"2048x2048":["https:\/\/e3mag.com\/wp-content\/uploads\/2018\/05\/EU-DSGVO.jpg",1000,366,false],"trp-custom-language-flag":["https:\/\/e3mag.com\/wp-content\/uploads\/2018\/05\/EU-DSGVO.jpg",18,7,false],"bricks_large_16x9":["https:\/\/e3mag.com\/wp-content\/uploads\/2018\/05\/EU-DSGVO.jpg",1000,366,false],"bricks_large":["https:\/\/e3mag.com\/wp-content\/uploads\/2018\/05\/EU-DSGVO.jpg",1000,366,false],"bricks_large_square":["https:\/\/e3mag.com\/wp-content\/uploads\/2018\/05\/EU-DSGVO.jpg",1000,366,false],"bricks_medium":["https:\/\/e3mag.com\/wp-content\/uploads\/2018\/05\/EU-DSGVO.jpg",600,220,false],"bricks_medium_square":["https:\/\/e3mag.com\/wp-content\/uploads\/2018\/05\/EU-DSGVO.jpg",600,220,false],"profile_24":["https:\/\/e3mag.com\/wp-content\/uploads\/2018\/05\/EU-DSGVO-24x24.jpg",24,24,true],"profile_48":["https:\/\/e3mag.com\/wp-content\/uploads\/2018\/05\/EU-DSGVO-48x48.jpg",48,48,true],"profile_96":["https:\/\/e3mag.com\/wp-content\/uploads\/2018\/05\/EU-DSGVO-96x96.jpg",96,96,true],"profile_150":["https:\/\/e3mag.com\/wp-content\/uploads\/2018\/05\/EU-DSGVO-150x150.jpg",150,150,true],"profile_300":["https:\/\/e3mag.com\/wp-content\/uploads\/2018\/05\/EU-DSGVO-300x300.jpg",300,300,true]},"post_excerpt_stackable_v2":"<p>Sehr geehrte Damen und Herren, Die EU Datenschutz-Grundverordnung (DSGVO) gilt in allen EU-Staaten. Den Text der Verordnung finden Sie hier. Um den Bestimmungen nachzukommen, d\u00fcrfen wir Sie nachfolgend informieren: Die B4Bmedia.net AG erhebt, verarbeitet und nutzt personenbezogene Daten. Dies geschieht nur unter Einwilligung (Beispiel: Abonnement-Anmeldung) und zum Zwecke der von uns gebotenen Serviceleistungen und gem\u00e4\u00df den Bestimmungen der DSGVO. Wir folgen dabei selbstverst\u00e4ndlich den datenschutz- und zivilrechtlichen Bestimmungen. Weiteres sind von der Erhebung von personenbezogenen Daten ausschlie\u00dflich jene Daten betroffen, welche f\u00fcr die Durchf\u00fchrung der jeweiligen Serviceleistung notwendig sind, oder welche Sie uns freiwillig zur Verf\u00fcgung gestellt haben. Unter personenbezogenen\u2026<\/p>\n","category_list_v2":"","author_info_v2":{"name":"Magazine E-3","url":"https:\/\/e3mag.com\/fr\/author\/e-3-magazin\/"},"comments_num_v2":"0 commentaire","_links":{"self":[{"href":"https:\/\/e3mag.com\/fr\/wp-json\/wp\/v2\/pages\/41901","targetHints":{"allow":["GET"]}}],"collection":[{"href":"https:\/\/e3mag.com\/fr\/wp-json\/wp\/v2\/pages"}],"about":[{"href":"https:\/\/e3mag.com\/fr\/wp-json\/wp\/v2\/types\/page"}],"author":[{"embeddable":true,"href":"https:\/\/e3mag.com\/fr\/wp-json\/wp\/v2\/users\/38"}],"replies":[{"embeddable":true,"href":"https:\/\/e3mag.com\/fr\/wp-json\/wp\/v2\/comments?post=41901"}],"version-history":[{"count":5,"href":"https:\/\/e3mag.com\/fr\/wp-json\/wp\/v2\/pages\/41901\/revisions"}],"predecessor-version":[{"id":149700,"href":"https:\/\/e3mag.com\/fr\/wp-json\/wp\/v2\/pages\/41901\/revisions\/149700"}],"wp:featuredmedia":[{"embeddable":true,"href":"https:\/\/e3mag.com\/fr\/wp-json\/wp\/v2\/media\/41904"}],"wp:attachment":[{"href":"https:\/\/e3mag.com\/fr\/wp-json\/wp\/v2\/media?parent=41901"}],"wp:term":[{"taxonomy":"author","embeddable":true,"href":"https:\/\/e3mag.com\/fr\/wp-json\/wp\/v2\/coauthors?post=41901"}],"curies":[{"name":"wp","href":"https:\/\/api.w.org\/{rel}","templated":true}]}}