{"id":148704,"date":"2025-02-03T13:57:51","date_gmt":"2025-02-03T12:57:51","guid":{"rendered":"http:\/\/e3mag.com\/?page_id=148704"},"modified":"2025-02-03T14:04:14","modified_gmt":"2025-02-03T13:04:14","slug":"journees-technologiques-dsag-2025","status":"publish","type":"page","link":"https:\/\/e3mag.com\/fr\/journees-technologiques-dsag-2025\/","title":{"rendered":"Journ\u00e9es technologiques DSAG 2025"},"content":{"rendered":"<h2 class=\"wp-block-heading\"><strong>Strategy Royale : Call, Raise or Fold ?<\/strong><\/h2>\n\n\n\n<p>Lors des journ\u00e9es technologiques et du TechXchange qui se tiendront les 2 et 3 avril 2025 \u00e0 Wiesbaden, il s'agira d'une part d'\u00e9valuer les strat\u00e9gies et d'autre part de d\u00e9couvrir et d'exp\u00e9rimenter la technologie SAP dans le cadre de l'exp\u00e9rience ultime en direct. <\/p>\n\n\n\n<p><a href=\"https:\/\/www.dsag.de\/techtage\" target=\"_blank\" rel=\"noopener\">www.dsag.de\/techtage<\/a> et <a href=\"https:\/\/www.dsag.de\/techxchange25\" target=\"_blank\" rel=\"noopener\">www.dsag.de\/techxchange25<\/a><\/p>","protected":false},"excerpt":{"rendered":"<p>Strategy Royale : Call, Raise or Fold ? Lors des journ\u00e9es technologiques et du TechXchange qui se tiendront du 2 au 3 avril 2025 \u00e0 Wiesbaden, il s'agira d'une part de peser le pour et le contre des strat\u00e9gies et d'autre part d'exp\u00e9rimenter et de vivre la technologie SAP dans l'exp\u00e9rience ultime en direct. www.dsag.de\/techtage et www.dsag.de\/techxchange25<\/p>","protected":false},"author":2368,"featured_media":148705,"parent":0,"menu_order":0,"comment_status":"closed","ping_status":"closed","template":"","meta":{"_acf_changed":false,"pmpro_default_level":"","footnotes":""},"coauthors":[39720],"class_list":["post-148704","page","type-page","status-publish","has-post-thumbnail","hentry","pmpro-has-access"],"acf":[],"featured_image_urls_v2":{"full":["https:\/\/e3mag.com\/wp-content\/uploads\/2025\/02\/TT25-1150x500-1.png",1150,500,false],"thumbnail":["https:\/\/e3mag.com\/wp-content\/uploads\/2025\/02\/TT25-1150x500-1-150x150.png",150,150,true],"medium":["https:\/\/e3mag.com\/wp-content\/uploads\/2025\/02\/TT25-1150x500-1-400x174.png",400,174,true],"medium_large":["https:\/\/e3mag.com\/wp-content\/uploads\/2025\/02\/TT25-1150x500-1-768x334.png",768,334,true],"large":["https:\/\/e3mag.com\/wp-content\/uploads\/2025\/02\/TT25-1150x500-1.png",1150,500,false],"image-100":["https:\/\/e3mag.com\/wp-content\/uploads\/2025\/02\/TT25-1150x500-1-100x43.png",100,43,true],"image-480":["https:\/\/e3mag.com\/wp-content\/uploads\/2025\/02\/TT25-1150x500-1-480x209.png",480,209,true],"image-640":["https:\/\/e3mag.com\/wp-content\/uploads\/2025\/02\/TT25-1150x500-1-640x278.png",640,278,true],"image-720":["https:\/\/e3mag.com\/wp-content\/uploads\/2025\/02\/TT25-1150x500-1-720x313.png",720,313,true],"image-960":["https:\/\/e3mag.com\/wp-content\/uploads\/2025\/02\/TT25-1150x500-1-960x417.png",960,417,true],"image-1168":["https:\/\/e3mag.com\/wp-content\/uploads\/2025\/02\/TT25-1150x500-1.png",1150,500,false],"image-1440":["https:\/\/e3mag.com\/wp-content\/uploads\/2025\/02\/TT25-1150x500-1.png",1150,500,false],"image-1920":["https:\/\/e3mag.com\/wp-content\/uploads\/2025\/02\/TT25-1150x500-1.png",1150,500,false],"1536x1536":["https:\/\/e3mag.com\/wp-content\/uploads\/2025\/02\/TT25-1150x500-1.png",1150,500,false],"2048x2048":["https:\/\/e3mag.com\/wp-content\/uploads\/2025\/02\/TT25-1150x500-1.png",1150,500,false],"trp-custom-language-flag":["https:\/\/e3mag.com\/wp-content\/uploads\/2025\/02\/TT25-1150x500-1-18x8.png",18,8,true],"bricks_large_16x9":["https:\/\/e3mag.com\/wp-content\/uploads\/2025\/02\/TT25-1150x500-1.png",1150,500,false],"bricks_large":["https:\/\/e3mag.com\/wp-content\/uploads\/2025\/02\/TT25-1150x500-1.png",1150,500,false],"bricks_large_square":["https:\/\/e3mag.com\/wp-content\/uploads\/2025\/02\/TT25-1150x500-1.png",1150,500,false],"bricks_medium":["https:\/\/e3mag.com\/wp-content\/uploads\/2025\/02\/TT25-1150x500-1-600x261.png",600,261,true],"bricks_medium_square":["https:\/\/e3mag.com\/wp-content\/uploads\/2025\/02\/TT25-1150x500-1-600x500.png",600,500,true],"profile_24":["https:\/\/e3mag.com\/wp-content\/uploads\/2025\/02\/TT25-1150x500-1-24x24.png",24,24,true],"profile_48":["https:\/\/e3mag.com\/wp-content\/uploads\/2025\/02\/TT25-1150x500-1-48x48.png",48,48,true],"profile_96":["https:\/\/e3mag.com\/wp-content\/uploads\/2025\/02\/TT25-1150x500-1-96x96.png",96,96,true],"profile_150":["https:\/\/e3mag.com\/wp-content\/uploads\/2025\/02\/TT25-1150x500-1-150x150.png",150,150,true],"profile_300":["https:\/\/e3mag.com\/wp-content\/uploads\/2025\/02\/TT25-1150x500-1-300x300.png",300,300,true]},"post_excerpt_stackable_v2":"<p>Bei den Technologietagen und der TechXchange vom 2. bis 3. April 2025 in Wiesbaden gilt es einerseits Strategien abzuw\u00e4gen und andererseits im ultimativen Live-Erlebnis, SAP-Technologie zu erfahren und zu erleben. www.dsag.de\/techtage und www.dsag.de\/techxchange25<\/p>\n","category_list_v2":"","author_info_v2":{"name":"E3 Magazine","url":"https:\/\/e3mag.com\/fr\/author\/e3_magazin\/"},"comments_num_v2":"0 commentaire","_links":{"self":[{"href":"https:\/\/e3mag.com\/fr\/wp-json\/wp\/v2\/pages\/148704","targetHints":{"allow":["GET"]}}],"collection":[{"href":"https:\/\/e3mag.com\/fr\/wp-json\/wp\/v2\/pages"}],"about":[{"href":"https:\/\/e3mag.com\/fr\/wp-json\/wp\/v2\/types\/page"}],"author":[{"embeddable":true,"href":"https:\/\/e3mag.com\/fr\/wp-json\/wp\/v2\/users\/2368"}],"replies":[{"embeddable":true,"href":"https:\/\/e3mag.com\/fr\/wp-json\/wp\/v2\/comments?post=148704"}],"version-history":[{"count":3,"href":"https:\/\/e3mag.com\/fr\/wp-json\/wp\/v2\/pages\/148704\/revisions"}],"predecessor-version":[{"id":148713,"href":"https:\/\/e3mag.com\/fr\/wp-json\/wp\/v2\/pages\/148704\/revisions\/148713"}],"wp:featuredmedia":[{"embeddable":true,"href":"https:\/\/e3mag.com\/fr\/wp-json\/wp\/v2\/media\/148705"}],"wp:attachment":[{"href":"https:\/\/e3mag.com\/fr\/wp-json\/wp\/v2\/media?parent=148704"}],"wp:term":[{"taxonomy":"author","embeddable":true,"href":"https:\/\/e3mag.com\/fr\/wp-json\/wp\/v2\/coauthors?post=148704"}],"curies":[{"name":"wp","href":"https:\/\/api.w.org\/{rel}","templated":true}]}}