{"id":148539,"date":"2025-01-28T08:35:33","date_gmt":"2025-01-28T07:35:33","guid":{"rendered":"http:\/\/e3mag.com\/?page_id=148539"},"modified":"2025-02-11T10:14:28","modified_gmt":"2025-02-11T09:14:28","slug":"logimat-2025","status":"publish","type":"page","link":"https:\/\/e3mag.com\/fr\/logimat-2025\/","title":{"rendered":"LogiMAT 2025"},"content":{"rendered":"<h2 class=\"wp-block-heading\">LogiMAT 2025<\/h2>\n\n\n\n<p class=\"has-text-align-left\"><span style=\"color: #333333;\" class=\"ugb-highlight\">du 11 au 13 mars 2025,<\/span> Foire de Stuttgart<\/p>\n\n\n\n<p style=\"font-size:18px\">LogiMAT, le salon international des solutions intralogistiques et de la gestion des processus, aura lieu du 11 au 13 mars 2025 au parc des expositions de Stuttgart, directement \u00e0 l'a\u00e9roport de Stuttgart. LogiMAT est consid\u00e9r\u00e9 comme le plus grand salon professionnel au monde pour les solutions intralogistiques et est organis\u00e9 par EUROEXPO Messe- und Kongress-GmbH. Il offre un aper\u00e7u complet du march\u00e9 sur tout ce qui fait bouger le secteur de l'intralogistique, de l'approvisionnement \u00e0 la livraison en passant par la production. Des exposants internationaux pr\u00e9sentent des technologies, des produits, des syst\u00e8mes et des solutions innovants permettant de rationaliser, d'optimiser les processus et de r\u00e9duire les co\u00fbts des processus logistiques internes \u00e0 l'entreprise. Outre l'exposition, la manifestation propose des s\u00e9ries de conf\u00e9rences qui changent tous les jours ainsi que des \u00e9v\u00e9nements en direct sur les th\u00e8mes les plus divers.<\/p>\n\n\n\n<div class=\"wp-block-stackable-button-group stk-block-button-group stk-block stk-72e7e05\" data-block-id=\"72e7e05\"><style>.stk-72e7e05 .stk-button-group{flex-direction:row !important;}.stk-72e7e05 {margin-bottom:50px !important;}@media screen and (max-width:1199px){.stk-72e7e05 .stk-button-group{flex-direction:row !important;}}@media screen and (max-width: 767px){.stk-72e7e05 .stk-button-group{flex-direction:row !important;}}<\/style><div class=\"stk-row stk-inner-blocks stk-block-content stk-button-group\">\n<div class=\"wp-block-stackable-button stk-block-button stk-block stk-d095374\" data-block-id=\"d095374\"><style>.stk-d095374 {margin-top:20px !important;margin-bottom:0px !important;}.stk-d095374 .stk-button{background:#cd1719 !important;}.stk-d095374 .stk-button:hover:after{background:#cd1719 !important;opacity:1 !important;}.stk-d095374 .stk-button__inner-text{font-size:18px !important;}@media screen and (max-width:1199px){.stk-d095374 .stk-button__inner-text{font-size:18px !important;}}<\/style><a class=\"stk-link stk-button stk--hover-effect-darken\" href=\"https:\/\/www.logimat-messe.de\/\" target=\"_blank\" rel=\"noreferrer noopener\"><span class=\"stk-button__inner-text\">Toutes les informations<\/span><\/a><\/div>\n<\/div><\/div>\n\n\n\n<div class=\"wp-block-stackable-divider stk-block-divider stk-block stk-a1426db\" data-block-id=\"a1426db\"><hr class=\"stk-block-divider__hr\"\/><\/div>\n\n\n\n<div style=\"height:40px\" aria-hidden=\"true\" class=\"wp-block-spacer\"><\/div>\n\n\n\n<h2 class=\"wp-block-heading has-text-align-center\">Exposant<\/h2>\n\n\n\n<div style=\"height:40px\" aria-hidden=\"true\" class=\"wp-block-spacer\"><\/div>\n\n\n\n<div class=\"wp-block-columns is-layout-flex wp-container-core-columns-is-layout-9d6595d7 wp-block-columns-is-layout-flex\">\n<div class=\"wp-block-column is-layout-flow wp-block-column-is-layout-flow\" style=\"flex-basis:33.33%\">\n<figure class=\"wp-block-image size-full\"><a href=\"https:\/\/swan.de\/\" target=\"_blank\" rel=\"noreferrer noopener\"><img loading=\"lazy\" decoding=\"async\" width=\"500\" height=\"500\" src=\"https:\/\/e3mag.com\/wp-content\/uploads\/2025\/02\/special_guide_button_web_swan.jpg\" alt=\"\" class=\"wp-image-148953\" srcset=\"https:\/\/e3mag.com\/wp-content\/uploads\/2025\/02\/special_guide_button_web_swan.jpg 500w, https:\/\/e3mag.com\/wp-content\/uploads\/2025\/02\/special_guide_button_web_swan-400x400.jpg 400w, https:\/\/e3mag.com\/wp-content\/uploads\/2025\/02\/special_guide_button_web_swan-150x150.jpg 150w, https:\/\/e3mag.com\/wp-content\/uploads\/2025\/02\/special_guide_button_web_swan-100x100.jpg 100w, https:\/\/e3mag.com\/wp-content\/uploads\/2025\/02\/special_guide_button_web_swan-480x480.jpg 480w, https:\/\/e3mag.com\/wp-content\/uploads\/2025\/02\/special_guide_button_web_swan-12x12.jpg 12w, https:\/\/e3mag.com\/wp-content\/uploads\/2025\/02\/special_guide_button_web_swan-24x24.jpg 24w, https:\/\/e3mag.com\/wp-content\/uploads\/2025\/02\/special_guide_button_web_swan-48x48.jpg 48w, https:\/\/e3mag.com\/wp-content\/uploads\/2025\/02\/special_guide_button_web_swan-96x96.jpg 96w, https:\/\/e3mag.com\/wp-content\/uploads\/2025\/02\/special_guide_button_web_swan-300x300.jpg 300w\" sizes=\"auto, (max-width: 500px) 100vw, 500px\" \/><\/a><\/figure>\n<\/div>\n\n\n\n<div class=\"wp-block-column is-layout-flow wp-block-column-is-layout-flow\" style=\"flex-basis:66.66%\">\n<h3 class=\"wp-block-heading\"><a href=\"https:\/\/swan.de\/\" target=\"_blank\" rel=\"noopener\">SWAN GmbH<\/a><\/h3>\n\n\n\n<p><strong>Le changement num\u00e9rique dans la logistique SAP - we live performance<\/strong><\/p>\n\n\n\n<p>SWAN propose des solutions logistiques innovantes bas\u00e9es sur les modules SAP EWM, SAP TM et SAP DM. Nous nous concentrons sur la connexion et la commande d'installations automatiques ainsi que sur la cr\u00e9ation d'interfaces techniques. Nos propres produits dans les domaines de l'automatisation, de l'utilisabilit\u00e9 et de la connectivit\u00e9, ainsi que des d\u00e9veloppements bas\u00e9s sur SAP BTP, compl\u00e8tent notre portefeuille. Notre service SWAN Customer Lifecycle est \u00e0 la disposition des clients et des tiers 24 heures sur 24 et 7 jours sur 7, m\u00eame apr\u00e8s la mise en service.<\/p>\n\n\n\n<p>Venez rencontrer nos experts SAP au salon LogiMAT, hall 4, stand C09.<\/p>\n\n\n\n<div class=\"wp-block-group is-vertical is-layout-flex wp-container-core-group-is-layout-8cf370e7 wp-block-group-is-layout-flex\">\n<p>Assistez en outre \u00e0 d'int\u00e9ressantes conf\u00e9rences sp\u00e9cialis\u00e9es.<\/p>\n\n\n\n<div class=\"wp-block-group is-vertical is-layout-flex wp-container-core-group-is-layout-8cf370e7 wp-block-group-is-layout-flex\">\n<p><strong>Pleins feux sur l'utilisabilit\u00e9 au shopfloor : vers une logistique intelligente gr\u00e2ce \u00e0 SAP EWM et UI5<\/strong><\/p>\n\n\n\n<p>Kai Starke, directeur de la r\u00e9alisation SAP | fond\u00e9 de pouvoir chez SWAN<\/p>\n\n\n\n<p>Forum Sud, hall 4, stand 4C61, 12.03.2025, 12h00-12h20<\/p>\n<\/div>\n<\/div>\n\n\n\n<p><a href=\"https:\/\/swan.de\/\" target=\"_blank\" rel=\"noreferrer noopener\">swan.fr<\/a><\/p>\n<\/div>\n<\/div>","protected":false},"excerpt":{"rendered":"<p>LogiMAT 2025 vom 11. bis 13. M\u00e4rz 2025, Messe Stuttgart Die LogiMAT, Internationale Fachmesse f\u00fcr Intralogistik-L\u00f6sungen und Prozessmanagement, findet vom 11. bis 13. M\u00e4rz 2025 auf dem Messegel\u00e4nde Stuttgart direkt am Stuttgarter Flughafen statt. Die LogiMAT gilt als weltweit gr\u00f6\u00dfte Fachmesse f\u00fcr Intralogistik-L\u00f6sungen und wird von der EUROEXPO Messe- und Kongress-GmbH lausgerichtet. Sie bietet einen [&hellip;]<\/p>\n","protected":false},"author":2368,"featured_media":148963,"parent":0,"menu_order":0,"comment_status":"closed","ping_status":"closed","template":"","meta":{"_acf_changed":false,"pmpro_default_level":"","footnotes":""},"coauthors":[39720],"class_list":["post-148539","page","type-page","status-publish","has-post-thumbnail","hentry","pmpro-has-access"],"acf":[],"featured_image_urls_v2":{"full":["https:\/\/e3mag.com\/wp-content\/uploads\/2025\/02\/lm25-1000x400de-neu.jpg",1498,599,false],"thumbnail":["https:\/\/e3mag.com\/wp-content\/uploads\/2025\/02\/lm25-1000x400de-neu-150x150.jpg",150,150,true],"medium":["https:\/\/e3mag.com\/wp-content\/uploads\/2025\/02\/lm25-1000x400de-neu-400x160.jpg",400,160,true],"medium_large":["https:\/\/e3mag.com\/wp-content\/uploads\/2025\/02\/lm25-1000x400de-neu-768x307.jpg",768,307,true],"large":["https:\/\/e3mag.com\/wp-content\/uploads\/2025\/02\/lm25-1000x400de-neu-1200x480.jpg",1200,480,true],"image-100":["https:\/\/e3mag.com\/wp-content\/uploads\/2025\/02\/lm25-1000x400de-neu-100x40.jpg",100,40,true],"image-480":["https:\/\/e3mag.com\/wp-content\/uploads\/2025\/02\/lm25-1000x400de-neu-480x192.jpg",480,192,true],"image-640":["https:\/\/e3mag.com\/wp-content\/uploads\/2025\/02\/lm25-1000x400de-neu-640x256.jpg",640,256,true],"image-720":["https:\/\/e3mag.com\/wp-content\/uploads\/2025\/02\/lm25-1000x400de-neu-720x288.jpg",720,288,true],"image-960":["https:\/\/e3mag.com\/wp-content\/uploads\/2025\/02\/lm25-1000x400de-neu-960x384.jpg",960,384,true],"image-1168":["https:\/\/e3mag.com\/wp-content\/uploads\/2025\/02\/lm25-1000x400de-neu-1168x467.jpg",1168,467,true],"image-1440":["https:\/\/e3mag.com\/wp-content\/uploads\/2025\/02\/lm25-1000x400de-neu-1440x576.jpg",1440,576,true],"image-1920":["https:\/\/e3mag.com\/wp-content\/uploads\/2025\/02\/lm25-1000x400de-neu.jpg",1498,599,false],"1536x1536":["https:\/\/e3mag.com\/wp-content\/uploads\/2025\/02\/lm25-1000x400de-neu.jpg",1498,599,false],"2048x2048":["https:\/\/e3mag.com\/wp-content\/uploads\/2025\/02\/lm25-1000x400de-neu.jpg",1498,599,false],"trp-custom-language-flag":["https:\/\/e3mag.com\/wp-content\/uploads\/2025\/02\/lm25-1000x400de-neu-18x7.jpg",18,7,true],"bricks_large_16x9":["https:\/\/e3mag.com\/wp-content\/uploads\/2025\/02\/lm25-1000x400de-neu-1200x599.jpg",1200,599,true],"bricks_large":["https:\/\/e3mag.com\/wp-content\/uploads\/2025\/02\/lm25-1000x400de-neu-1200x480.jpg",1200,480,true],"bricks_large_square":["https:\/\/e3mag.com\/wp-content\/uploads\/2025\/02\/lm25-1000x400de-neu-1200x599.jpg",1200,599,true],"bricks_medium":["https:\/\/e3mag.com\/wp-content\/uploads\/2025\/02\/lm25-1000x400de-neu-600x240.jpg",600,240,true],"bricks_medium_square":["https:\/\/e3mag.com\/wp-content\/uploads\/2025\/02\/lm25-1000x400de-neu-600x599.jpg",600,599,true],"profile_24":["https:\/\/e3mag.com\/wp-content\/uploads\/2025\/02\/lm25-1000x400de-neu-24x24.jpg",24,24,true],"profile_48":["https:\/\/e3mag.com\/wp-content\/uploads\/2025\/02\/lm25-1000x400de-neu-48x48.jpg",48,48,true],"profile_96":["https:\/\/e3mag.com\/wp-content\/uploads\/2025\/02\/lm25-1000x400de-neu-96x96.jpg",96,96,true],"profile_150":["https:\/\/e3mag.com\/wp-content\/uploads\/2025\/02\/lm25-1000x400de-neu-150x150.jpg",150,150,true],"profile_300":["https:\/\/e3mag.com\/wp-content\/uploads\/2025\/02\/lm25-1000x400de-neu-300x300.jpg",300,300,true]},"post_excerpt_stackable_v2":"<p>vom 11. bis 13. M\u00e4rz 2025, Messe Stuttgart Die LogiMAT, Internationale Fachmesse f\u00fcr Intralogistik-L\u00f6sungen und Prozessmanagement, findet vom 11. bis 13. M\u00e4rz 2025 auf dem Messegel\u00e4nde Stuttgart direkt am Stuttgarter Flughafen statt. Die LogiMAT gilt als weltweit gr\u00f6\u00dfte Fachmesse f\u00fcr Intralogistik-L\u00f6sungen und wird von der EUROEXPO Messe- und Kongress-GmbH lausgerichtet. Sie bietet einen vollst\u00e4ndigen Markt\u00fcberblick \u00fcber alles, was die Intralogistik-Branche von der Beschaffung \u00fcber die Produktion bis zur Auslieferung bewegt. Internationale Aussteller zeigen innovative Technologien, Produkte, Systeme und L\u00f6sungen zur Rationalisierung, Prozessoptimierung und Kostensenkung der inner- betrieblichen logistischen Prozesse. Die Veranstaltung bietet neben der Ausstellung t\u00e4glich wechselnde Vortragsreihen sowie Live-Events\u2026<\/p>\n","category_list_v2":"","author_info_v2":{"name":"E3 Magazine","url":"https:\/\/e3mag.com\/fr\/author\/e3_magazin\/"},"comments_num_v2":"0 commentaire","_links":{"self":[{"href":"https:\/\/e3mag.com\/fr\/wp-json\/wp\/v2\/pages\/148539","targetHints":{"allow":["GET"]}}],"collection":[{"href":"https:\/\/e3mag.com\/fr\/wp-json\/wp\/v2\/pages"}],"about":[{"href":"https:\/\/e3mag.com\/fr\/wp-json\/wp\/v2\/types\/page"}],"author":[{"embeddable":true,"href":"https:\/\/e3mag.com\/fr\/wp-json\/wp\/v2\/users\/2368"}],"replies":[{"embeddable":true,"href":"https:\/\/e3mag.com\/fr\/wp-json\/wp\/v2\/comments?post=148539"}],"version-history":[{"count":12,"href":"https:\/\/e3mag.com\/fr\/wp-json\/wp\/v2\/pages\/148539\/revisions"}],"predecessor-version":[{"id":148967,"href":"https:\/\/e3mag.com\/fr\/wp-json\/wp\/v2\/pages\/148539\/revisions\/148967"}],"wp:featuredmedia":[{"embeddable":true,"href":"https:\/\/e3mag.com\/fr\/wp-json\/wp\/v2\/media\/148963"}],"wp:attachment":[{"href":"https:\/\/e3mag.com\/fr\/wp-json\/wp\/v2\/media?parent=148539"}],"wp:term":[{"taxonomy":"author","embeddable":true,"href":"https:\/\/e3mag.com\/fr\/wp-json\/wp\/v2\/coauthors?post=148539"}],"curies":[{"name":"wp","href":"https:\/\/api.w.org\/{rel}","templated":true}]}}