{"id":144035,"date":"2024-07-29T10:26:06","date_gmt":"2024-07-29T08:26:06","guid":{"rendered":"http:\/\/e3mag.com\/?page_id=144035"},"modified":"2025-06-25T09:27:18","modified_gmt":"2025-06-25T07:27:18","slug":"congres-annuel-de-la-dsag-2024","status":"publish","type":"page","link":"https:\/\/e3mag.com\/fr\/e3-events\/congres-annuel-de-la-dsag-2024\/","title":{"rendered":"Congr\u00e8s annuel 2024 de la DSAG"},"content":{"rendered":"<h2 class=\"wp-block-heading has-text-align-center\"><strong>Le triptyque de l'avenir : utilisateurs, SAP et partenaires pour donner le tempo de la transformation<\/strong><\/h2>\n\n\n\n<p class=\"has-text-align-center\"><span style=\"color: #333333;\" class=\"ugb-highlight\">du 15 au 17 octobre 2024<\/span><\/p>\n\n\n\n<p>Le congr\u00e8s annuel 2024, qui se tiendra du 15 au 17 octobre 2024 \u00e0 Leipzig, aura pour th\u00e8me \"Le triptyque de l'avenir : utilisateurs, SAP et partenaires comme moteurs de la transformation\". La transformation num\u00e9rique fait du surplace. En effet, selon le dernier rapport d'investissement de DSAG, pr\u00e8s de la moiti\u00e9 des membres ne sont pas encore tr\u00e8s avanc\u00e9s dans leurs projets. Pourtant, le moment est venu d'utiliser les innovations SAP pour faire avancer les projets et les mener \u00e0 bien. La transformation num\u00e9rique en ce qui concerne le cloud et l'intelligence artificielle doit \u00eatre mise en lumi\u00e8re lors du congr\u00e8s annuel de la DSAG. Plus de 5 500 participants sont attendus \u00e0 cet \u00e9v\u00e9nement.<\/p>\n\n\n\n\n\n\n\n<p><a href=\"https:\/\/www.dsag.de\/jahreskongress\" data-type=\"link\" data-id=\"www.dsag.de\/jahreskongress\" target=\"_blank\" rel=\"noreferrer noopener\">www.dsag.de\/jahreskongress<\/a><\/p>\n\n\n\n<div class=\"wp-block-stackable-divider stk-block-divider stk-block stk-c387071\" data-block-id=\"c387071\"><hr class=\"stk-block-divider__hr\"\/><\/div>\n\n\n\n<div style=\"height:70px\" aria-hidden=\"true\" class=\"wp-block-spacer\"><\/div>\n\n\n\n<h2 class=\"wp-block-heading has-text-align-center\">Exposant<\/h2>\n\n\n\n<div style=\"height:70px\" aria-hidden=\"true\" class=\"wp-block-spacer\"><\/div>\n\n\n\n<p class=\"has-text-align-center\"><\/p>\n\n\n\n<div class=\"wp-block-columns is-layout-flex wp-container-core-columns-is-layout-9d6595d7 wp-block-columns-is-layout-flex\">\n<div class=\"wp-block-column is-layout-flow wp-block-column-is-layout-flow\" style=\"flex-basis:33.33%\">\n<figure class=\"wp-block-image size-full\"><a href=\"https:\/\/www.bissantz.de\/\" target=\"_blank\" rel=\"noreferrer noopener\"><img loading=\"lazy\" decoding=\"async\" width=\"1000\" height=\"1000\" src=\"https:\/\/e3mag.com\/wp-content\/uploads\/2024\/09\/Bissantz_logo.jpg\" alt=\"\" class=\"wp-image-145488\" style=\"object-fit:cover\" srcset=\"https:\/\/e3mag.com\/wp-content\/uploads\/2024\/09\/Bissantz_logo.jpg 1000w, https:\/\/e3mag.com\/wp-content\/uploads\/2024\/09\/Bissantz_logo-400x400.jpg 400w, https:\/\/e3mag.com\/wp-content\/uploads\/2024\/09\/Bissantz_logo-150x150.jpg 150w, https:\/\/e3mag.com\/wp-content\/uploads\/2024\/09\/Bissantz_logo-768x768.jpg 768w, https:\/\/e3mag.com\/wp-content\/uploads\/2024\/09\/Bissantz_logo-100x100.jpg 100w, https:\/\/e3mag.com\/wp-content\/uploads\/2024\/09\/Bissantz_logo-480x480.jpg 480w, https:\/\/e3mag.com\/wp-content\/uploads\/2024\/09\/Bissantz_logo-640x640.jpg 640w, https:\/\/e3mag.com\/wp-content\/uploads\/2024\/09\/Bissantz_logo-720x720.jpg 720w, https:\/\/e3mag.com\/wp-content\/uploads\/2024\/09\/Bissantz_logo-960x960.jpg 960w, https:\/\/e3mag.com\/wp-content\/uploads\/2024\/09\/Bissantz_logo-12x12.jpg 12w, https:\/\/e3mag.com\/wp-content\/uploads\/2024\/09\/Bissantz_logo-600x600.jpg 600w, https:\/\/e3mag.com\/wp-content\/uploads\/2024\/09\/Bissantz_logo-24x24.jpg 24w, https:\/\/e3mag.com\/wp-content\/uploads\/2024\/09\/Bissantz_logo-48x48.jpg 48w, https:\/\/e3mag.com\/wp-content\/uploads\/2024\/09\/Bissantz_logo-96x96.jpg 96w, https:\/\/e3mag.com\/wp-content\/uploads\/2024\/09\/Bissantz_logo-300x300.jpg 300w\" sizes=\"auto, (max-width: 1000px) 100vw, 1000px\" \/><\/a><\/figure>\n<\/div>\n\n\n\n<div class=\"wp-block-column is-layout-flow wp-block-column-is-layout-flow\" style=\"flex-basis:66.66%\">\n<h2 class=\"wp-block-heading\"><strong><a href=\"https:\/\/www.bissantz.de\/\" target=\"_blank\" rel=\"noreferrer noopener\">Bissantz<\/a><\/strong><\/h2>\n\n\n\n\n\n\n\n<p><strong>Bissantz ERP Solutions pour SAP : Business Intelligence avec un maximum de flexibilit\u00e9 et de rapidit\u00e9<\/strong><\/p>\n\n\n\n<p>Bissantz rend l'analyse inter-modules de vos donn\u00e9es SAP et non-SAP simple et efficace. Avec les solutions Bissantz ERP, votre entrep\u00f4t de donn\u00e9es ind\u00e9pendant est cr\u00e9\u00e9 en tr\u00e8s peu de temps - en m\u00eame temps la base pour la planification int\u00e9gr\u00e9e.<\/p>\n\n\n\n<ul class=\"wp-block-list\">\n<li>en deux jours de SAP \u00e0 un tableau de bord pr\u00eat \u00e0 l'emploi<\/li>\n\n\n\n<li>Autorisations, s\u00e9curit\u00e9, d\u00e9ploiement<\/li>\n\n\n\n<li>cadre standardis\u00e9 de business intelligence<\/li>\n\n\n\n<li>front-end unique pour l'analyse, la planification et le reporting<\/li>\n\n\n\n<li>possibilit\u00e9 d'extensions individuelles et d'acc\u00e8s direct \u00e0 SAP<\/li>\n<\/ul>\n\n\n\n<p>Les utilisateurs confirment : \"Les paysages SAP peuvent \u00eatre encombrants. J'\u00e9tais sceptique quant \u00e0 la possibilit\u00e9 de mettre en place quelque chose dessus aussi rapidement - mais Bissantz a tenu sa promesse !\"<br>Dr. Ulrike Neubauer, CEO, zwissTEX<\/p>\n\n\n\n<p><a href=\"https:\/\/www.bissantz.de\/\" target=\"_blank\" rel=\"noreferrer noopener\">www.bissantz.de<\/a><\/p>\n<\/div>\n<\/div>\n\n\n\n<div style=\"height:70px\" aria-hidden=\"true\" class=\"wp-block-spacer\"><\/div>\n\n\n\n<div class=\"wp-block-columns is-layout-flex wp-container-core-columns-is-layout-9d6595d7 wp-block-columns-is-layout-flex\">\n<div class=\"wp-block-column is-layout-flow wp-block-column-is-layout-flow\" style=\"flex-basis:33.33%\">\n<figure class=\"wp-block-image size-full\"><a href=\"https:\/\/www.claranet.com\/de\/\" target=\"_blank\" rel=\"noreferrer noopener\"><img loading=\"lazy\" decoding=\"async\" width=\"815\" height=\"814\" src=\"https:\/\/e3mag.com\/wp-content\/uploads\/2023\/08\/2023_09_claranet_sg.jpg\" alt=\"\" class=\"wp-image-131426\" style=\"object-fit:cover\" srcset=\"https:\/\/e3mag.com\/wp-content\/uploads\/2023\/08\/2023_09_claranet_sg.jpg 815w, https:\/\/e3mag.com\/wp-content\/uploads\/2023\/08\/2023_09_claranet_sg-400x400.jpg 400w, https:\/\/e3mag.com\/wp-content\/uploads\/2023\/08\/2023_09_claranet_sg-150x150.jpg 150w, https:\/\/e3mag.com\/wp-content\/uploads\/2023\/08\/2023_09_claranet_sg-768x767.jpg 768w, https:\/\/e3mag.com\/wp-content\/uploads\/2023\/08\/2023_09_claranet_sg-100x100.jpg 100w, https:\/\/e3mag.com\/wp-content\/uploads\/2023\/08\/2023_09_claranet_sg-480x479.jpg 480w, https:\/\/e3mag.com\/wp-content\/uploads\/2023\/08\/2023_09_claranet_sg-640x639.jpg 640w, https:\/\/e3mag.com\/wp-content\/uploads\/2023\/08\/2023_09_claranet_sg-720x719.jpg 720w, https:\/\/e3mag.com\/wp-content\/uploads\/2023\/08\/2023_09_claranet_sg-12x12.jpg 12w, https:\/\/e3mag.com\/wp-content\/uploads\/2023\/08\/2023_09_claranet_sg-600x600.jpg 600w, https:\/\/e3mag.com\/wp-content\/uploads\/2023\/08\/2023_09_claranet_sg-24x24.jpg 24w, https:\/\/e3mag.com\/wp-content\/uploads\/2023\/08\/2023_09_claranet_sg-48x48.jpg 48w, https:\/\/e3mag.com\/wp-content\/uploads\/2023\/08\/2023_09_claranet_sg-96x96.jpg 96w, https:\/\/e3mag.com\/wp-content\/uploads\/2023\/08\/2023_09_claranet_sg-300x300.jpg 300w\" sizes=\"auto, (max-width: 815px) 100vw, 815px\" \/><\/a><\/figure>\n<\/div>\n\n\n\n<div class=\"wp-block-column is-layout-flow wp-block-column-is-layout-flow\" style=\"flex-basis:66.66%\">\n<h2 class=\"wp-block-heading\"><strong><a href=\"https:\/\/www.claranet.com\/de\/\" target=\"_blank\" rel=\"noreferrer noopener\">Claranet GmbH<\/a><\/strong><\/h2>\n\n\n\n\n\n\n\n<p>Claranet est un fournisseur mondial de services technologiques avec des comp\u00e9tences dans les domaines du cloud, de la cybers\u00e9curit\u00e9, des donn\u00e9es, des applications, de SAP et des services de travail. Gr\u00e2ce \u00e0 notre savoir-faire de longue date et \u00e0 nos conseils ind\u00e9pendants et objectifs dans l'environnement SAP, nous aidons les entreprises \u00e0 moderniser leur informatique : avec des solutions technologiques flexibles et \u00e9volutives, un service local et une force de mise en \u0153uvre globale.<\/p>\n\n\n\n<p>Suivez notre podcast en direct le premier jour du congr\u00e8s (15.10.) \u00e0 15h : \"Comment identifier et contrer les menaces - Focus sur la s\u00e9curit\u00e9 SAP : connaissances d'experts et mesures de protection\".<\/p>\n\n\n\n<p>De plus, notre \u00e9quipe d'experts SAP se r\u00e9jouit de vous accueillir au stand <strong>C5<\/strong> \u00e0 un \u00e9change personnel avec vous !<\/p>\n\n\n\n<p><a href=\"https:\/\/www.claranet.com\/de\/\" data-type=\"link\" data-id=\"https:\/\/www.claranet.com\/de\/\" target=\"_blank\" rel=\"noreferrer noopener\">www.claranet.com\/de<\/a><\/p>\n<\/div>\n<\/div>","protected":false},"excerpt":{"rendered":"<p>Dreiklang der Zukunft: Anwender, SAP und Partner als Taktgeber der Transformation vom 15. &#8211; 17. Oktober 2024 Der Jahreskongress 2024 vom 15. bis 17. Oktober 2024 in Leipzig steht unter dem Motto \u201eDreiklang der Zukunft: Anwender, SAP und Partner als Taktgeber der Transformation\u201c. Die digitale Transformation tritt auf der Stelle. Denn laut des aktuellen DSAG-Investitionsreports [&hellip;]<\/p>\n","protected":false},"author":38,"featured_media":144036,"parent":136162,"menu_order":5,"comment_status":"closed","ping_status":"closed","template":"","meta":{"_acf_changed":false,"pmpro_default_level":"","footnotes":""},"coauthors":[19920],"class_list":["post-144035","page","type-page","status-publish","has-post-thumbnail","hentry","pmpro-has-access"],"acf":[],"featured_image_urls_v2":{"full":["https:\/\/e3mag.com\/wp-content\/uploads\/2024\/07\/KV_DSAG_Jahreskongress-2024_1000x450.jpg",1920,865,false],"thumbnail":["https:\/\/e3mag.com\/wp-content\/uploads\/2024\/07\/KV_DSAG_Jahreskongress-2024_1000x450-150x150.jpg",150,150,true],"medium":["https:\/\/e3mag.com\/wp-content\/uploads\/2024\/07\/KV_DSAG_Jahreskongress-2024_1000x450-400x180.jpg",400,180,true],"medium_large":["https:\/\/e3mag.com\/wp-content\/uploads\/2024\/07\/KV_DSAG_Jahreskongress-2024_1000x450-768x346.jpg",768,346,true],"large":["https:\/\/e3mag.com\/wp-content\/uploads\/2024\/07\/KV_DSAG_Jahreskongress-2024_1000x450-1200x540.jpg",1200,540,true],"image-100":["https:\/\/e3mag.com\/wp-content\/uploads\/2024\/07\/KV_DSAG_Jahreskongress-2024_1000x450-100x45.jpg",100,45,true],"image-480":["https:\/\/e3mag.com\/wp-content\/uploads\/2024\/07\/KV_DSAG_Jahreskongress-2024_1000x450-480x216.jpg",480,216,true],"image-640":["https:\/\/e3mag.com\/wp-content\/uploads\/2024\/07\/KV_DSAG_Jahreskongress-2024_1000x450-640x288.jpg",640,288,true],"image-720":["https:\/\/e3mag.com\/wp-content\/uploads\/2024\/07\/KV_DSAG_Jahreskongress-2024_1000x450-720x324.jpg",720,324,true],"image-960":["https:\/\/e3mag.com\/wp-content\/uploads\/2024\/07\/KV_DSAG_Jahreskongress-2024_1000x450-960x432.jpg",960,432,true],"image-1168":["https:\/\/e3mag.com\/wp-content\/uploads\/2024\/07\/KV_DSAG_Jahreskongress-2024_1000x450-1168x526.jpg",1168,526,true],"image-1440":["https:\/\/e3mag.com\/wp-content\/uploads\/2024\/07\/KV_DSAG_Jahreskongress-2024_1000x450-1440x648.jpg",1440,648,true],"image-1920":["https:\/\/e3mag.com\/wp-content\/uploads\/2024\/07\/KV_DSAG_Jahreskongress-2024_1000x450-1920x865.jpg",1920,865,true],"1536x1536":["https:\/\/e3mag.com\/wp-content\/uploads\/2024\/07\/KV_DSAG_Jahreskongress-2024_1000x450-1536x692.jpg",1536,692,true],"2048x2048":["https:\/\/e3mag.com\/wp-content\/uploads\/2024\/07\/KV_DSAG_Jahreskongress-2024_1000x450-2048x922.jpg",1920,864,true],"trp-custom-language-flag":["https:\/\/e3mag.com\/wp-content\/uploads\/2024\/07\/KV_DSAG_Jahreskongress-2024_1000x450-18x8.jpg",18,8,true],"bricks_large_16x9":["https:\/\/e3mag.com\/wp-content\/uploads\/2024\/07\/KV_DSAG_Jahreskongress-2024_1000x450-1200x675.jpg",1200,675,true],"bricks_large":["https:\/\/e3mag.com\/wp-content\/uploads\/2024\/07\/KV_DSAG_Jahreskongress-2024_1000x450-1200x540.jpg",1200,540,true],"bricks_large_square":["https:\/\/e3mag.com\/wp-content\/uploads\/2024\/07\/KV_DSAG_Jahreskongress-2024_1000x450-1200x938.jpg",1200,938,true],"bricks_medium":["https:\/\/e3mag.com\/wp-content\/uploads\/2024\/07\/KV_DSAG_Jahreskongress-2024_1000x450-600x270.jpg",600,270,true],"bricks_medium_square":["https:\/\/e3mag.com\/wp-content\/uploads\/2024\/07\/KV_DSAG_Jahreskongress-2024_1000x450-600x600.jpg",600,600,true],"profile_24":["https:\/\/e3mag.com\/wp-content\/uploads\/2024\/07\/KV_DSAG_Jahreskongress-2024_1000x450-24x24.jpg",24,24,true],"profile_48":["https:\/\/e3mag.com\/wp-content\/uploads\/2024\/07\/KV_DSAG_Jahreskongress-2024_1000x450-48x48.jpg",48,48,true],"profile_96":["https:\/\/e3mag.com\/wp-content\/uploads\/2024\/07\/KV_DSAG_Jahreskongress-2024_1000x450-96x96.jpg",96,96,true],"profile_150":["https:\/\/e3mag.com\/wp-content\/uploads\/2024\/07\/KV_DSAG_Jahreskongress-2024_1000x450-150x150.jpg",150,150,true],"profile_300":["https:\/\/e3mag.com\/wp-content\/uploads\/2024\/07\/KV_DSAG_Jahreskongress-2024_1000x450-300x300.jpg",300,300,true]},"post_excerpt_stackable_v2":"<p>vom 15. &#8211; 17. Oktober 2024 Der Jahreskongress 2024 vom 15. bis 17. Oktober 2024 in Leipzig steht unter dem Motto \u201eDreiklang der Zukunft: Anwender, SAP und Partner als Taktgeber der Transformation\u201c. Die digitale Transformation tritt auf der Stelle. Denn laut des aktuellen DSAG-Investitionsreports ist rund die H\u00e4lfte der Mitglieder noch nicht sehr weit gekommen mit ihren Projekten. Doch die Zeit, um SAP-Innovationen zu nutzen, um Projekte voranzutreiben und erfolgreich abzuschlie\u00dfen, ist jetzt. Die digitale Transformation im Hinblick auf die Cloud und auf die k\u00fcnstliche Intelligenz gilt es, beim DSAG-Jahreskongress zu beleuchten. Mehr als 5.500 Teilnehmende werden zu der Veranstaltung\u2026<\/p>\n","category_list_v2":"","author_info_v2":{"name":"Magazine E-3","url":"https:\/\/e3mag.com\/fr\/author\/e-3-magazin\/"},"comments_num_v2":"0 commentaire","_links":{"self":[{"href":"https:\/\/e3mag.com\/fr\/wp-json\/wp\/v2\/pages\/144035","targetHints":{"allow":["GET"]}}],"collection":[{"href":"https:\/\/e3mag.com\/fr\/wp-json\/wp\/v2\/pages"}],"about":[{"href":"https:\/\/e3mag.com\/fr\/wp-json\/wp\/v2\/types\/page"}],"author":[{"embeddable":true,"href":"https:\/\/e3mag.com\/fr\/wp-json\/wp\/v2\/users\/38"}],"replies":[{"embeddable":true,"href":"https:\/\/e3mag.com\/fr\/wp-json\/wp\/v2\/comments?post=144035"}],"version-history":[{"count":38,"href":"https:\/\/e3mag.com\/fr\/wp-json\/wp\/v2\/pages\/144035\/revisions"}],"predecessor-version":[{"id":152703,"href":"https:\/\/e3mag.com\/fr\/wp-json\/wp\/v2\/pages\/144035\/revisions\/152703"}],"up":[{"embeddable":true,"href":"https:\/\/e3mag.com\/fr\/wp-json\/wp\/v2\/pages\/136162"}],"wp:featuredmedia":[{"embeddable":true,"href":"https:\/\/e3mag.com\/fr\/wp-json\/wp\/v2\/media\/144036"}],"wp:attachment":[{"href":"https:\/\/e3mag.com\/fr\/wp-json\/wp\/v2\/media?parent=144035"}],"wp:term":[{"taxonomy":"author","embeddable":true,"href":"https:\/\/e3mag.com\/fr\/wp-json\/wp\/v2\/coauthors?post=144035"}],"curies":[{"name":"wp","href":"https:\/\/api.w.org\/{rel}","templated":true}]}}