{"id":131403,"date":"2023-08-07T12:07:22","date_gmt":"2023-08-07T10:07:22","guid":{"rendered":"http:\/\/e3mag.com\/?page_id=131403"},"modified":"2024-11-18T10:43:37","modified_gmt":"2024-11-18T09:43:37","slug":"journees-technologiques-dsag-2","status":"publish","type":"page","link":"https:\/\/e3mag.com\/fr\/e3-events\/dsag-technologietage-2\/","title":{"rendered":"Journ\u00e9es technologiques DSAG 2023"},"content":{"rendered":"<h2 class=\"wp-block-heading has-text-align-center\">Travail en cours<\/h2>\n\n\n\n<p class=\"has-text-align-center\"><span style=\"color: #333333;\" class=\"ugb-highlight\">du 22 au 23 mars 2023<\/span><\/p>\n\n\n\n<p>\"Work in Progress\" est la devise des journ\u00e9es technologiques 2023 du groupe d'utilisateurs SAP germanophones e. V. (DSAG) qui se tiendront les 22 et 23 mars \u00e0 Mannheim. Il y a actuellement beaucoup de choses en cours du c\u00f4t\u00e9 de SAP. De nouveaux produits sont en attente, d'autres vont sortir de la maintenance dans un avenir proche, beaucoup de choses sont en cours, dont certaines, du point de vue de la DSAG, durent d\u00e9j\u00e0 depuis trop longtemps. Les journ\u00e9es technologiques DSAG mettent en lumi\u00e8re l'\u00e9tat actuel de th\u00e8mes importants et montrent des moyens de faire passer le statut de \"en cours\" \u00e0 \"termin\u00e9\". <a href=\"https:\/\/www.dsag.de\/techtage\" data-type=\"URL\" data-id=\"www.dsag.de\/techtage\" target=\"_blank\" rel=\"noreferrer noopener\">www.dsag.de\/jahreskongress<\/a><\/p>\n\n\n\n<div class=\"wp-block-columns is-layout-flex wp-container-core-columns-is-layout-9d6595d7 wp-block-columns-is-layout-flex\">\n<div class=\"wp-block-column is-layout-flow wp-block-column-is-layout-flow\"><\/div>\n\n\n\n<div class=\"wp-block-column is-layout-flow wp-block-column-is-layout-flow\"><\/div>\n\n\n\n<div class=\"wp-block-column is-layout-flow wp-block-column-is-layout-flow\"><\/div>\n<\/div>\n\n\n\n<h2 class=\"wp-block-heading has-text-align-center\">Exposant<\/h2>\n\n\n\n<div style=\"height:45px\" aria-hidden=\"true\" class=\"wp-block-spacer\"><\/div>\n\n\n\n<div class=\"wp-block-columns is-layout-flex wp-container-core-columns-is-layout-9d6595d7 wp-block-columns-is-layout-flex\">\n<div class=\"wp-block-column is-layout-flow wp-block-column-is-layout-flow\" style=\"flex-basis:33.33%\">\n<figure class=\"wp-block-image size-full\"><img decoding=\"async\" src=\"https:\/\/e3mag.com\/wp-content\/uploads\/2021\/08\/Zetvisions_Hund.png\" alt=\"Le mod\u00e8le devient r\u00e9alit\u00e9\" class=\"wp-image-94987\"\/><figcaption class=\"wp-element-caption\">Le mod\u00e8le devient r\u00e9alit\u00e9<\/figcaption><\/figure>\n<\/div>\n\n\n\n<div class=\"wp-block-column is-layout-flow wp-block-column-is-layout-flow\" style=\"flex-basis:66.66%\">\n<h3 class=\"wp-block-heading\">Basis Technologies<\/h3>\n\n\n\n<p>Si vous \u00eates confront\u00e9 au d\u00e9fi d'exploiter vos environnements ERP ou S\/4 existants de mani\u00e8re hautement efficace, rapide et agile, venez d\u00e9couvrir notre plateforme de test SAP et DevOps enti\u00e8rement automatis\u00e9e pour SAP lors des journ\u00e9es technologiques DSAG \u00e0 Mannheim. D\u00e9couvrez comment notre technologie d'automatisation peut vous aider \u00e0 r\u00e9aliser votre transformation S\/4HANA en douceur et \u00e0 augmenter consid\u00e9rablement la r\u00e9silience de votre entreprise.<\/p>\n\n\n\n<p>Notre conf\u00e9rence VP003 du jeudi 23.03.23 \u00e0 09:00 met en lumi\u00e8re en d\u00e9tail notre nouvelle analyse d'impact pour un parcours SAP S\/4HANA sans stress. Elle vous permet d'identifier automatiquement l'impact des changements dans votre syst\u00e8me SAP et de cr\u00e9er des faits pour une base de d\u00e9cision optimale dans le cadre de l'introduction et de l'optimisation de SAP S\/4.<\/p>\n<\/div>\n<\/div>\n\n\n\n<div style=\"height:30px\" aria-hidden=\"true\" class=\"wp-block-spacer\"><\/div>\n\n\n\n<div class=\"wp-block-columns is-layout-flex wp-container-core-columns-is-layout-9d6595d7 wp-block-columns-is-layout-flex\">\n<div class=\"wp-block-column is-layout-flow wp-block-column-is-layout-flow\" style=\"flex-basis:33.33%\">\n<figure class=\"wp-block-image size-full\"><a href=\"https:\/\/www.gtw-mc.com\/\" target=\"_blank\" rel=\"noopener\"><img loading=\"lazy\" decoding=\"async\" width=\"815\" height=\"815\" src=\"https:\/\/e3mag.com\/wp-content\/uploads\/2023\/02\/2023-02_special_guide_gtw.jpg\" alt=\"GTW\" class=\"wp-image-121803\" srcset=\"https:\/\/e3mag.com\/wp-content\/uploads\/2023\/02\/2023-02_special_guide_gtw.jpg 815w, https:\/\/e3mag.com\/wp-content\/uploads\/2023\/02\/2023-02_special_guide_gtw-400x400.jpg 400w, https:\/\/e3mag.com\/wp-content\/uploads\/2023\/02\/2023-02_special_guide_gtw-150x150.jpg 150w, https:\/\/e3mag.com\/wp-content\/uploads\/2023\/02\/2023-02_special_guide_gtw-768x768.jpg 768w, https:\/\/e3mag.com\/wp-content\/uploads\/2023\/02\/2023-02_special_guide_gtw-100x100.jpg 100w, https:\/\/e3mag.com\/wp-content\/uploads\/2023\/02\/2023-02_special_guide_gtw-480x480.jpg 480w, https:\/\/e3mag.com\/wp-content\/uploads\/2023\/02\/2023-02_special_guide_gtw-640x640.jpg 640w, https:\/\/e3mag.com\/wp-content\/uploads\/2023\/02\/2023-02_special_guide_gtw-720x720.jpg 720w, https:\/\/e3mag.com\/wp-content\/uploads\/2023\/02\/2023-02_special_guide_gtw-24x24.jpg 24w, https:\/\/e3mag.com\/wp-content\/uploads\/2023\/02\/2023-02_special_guide_gtw-48x48.jpg 48w, https:\/\/e3mag.com\/wp-content\/uploads\/2023\/02\/2023-02_special_guide_gtw-96x96.jpg 96w, https:\/\/e3mag.com\/wp-content\/uploads\/2023\/02\/2023-02_special_guide_gtw-300x300.jpg 300w\" sizes=\"auto, (max-width: 815px) 100vw, 815px\" \/><\/a><\/figure>\n<\/div>\n\n\n\n<div class=\"wp-block-column is-layout-flow wp-block-column-is-layout-flow\" style=\"flex-basis:66.66%\">\n<h3 class=\"wp-block-heading\">GTW<\/h3>\n\n\n\n<p>Comment harmoniser et num\u00e9riser des processus de facturation complexes sans perdre la flexibilit\u00e9 n\u00e9cessaire ?<\/p>\n\n\n\n<p>La Poste Suisse SA a impl\u00e9ment\u00e9 SAP BRIM comme nouvelle solution de facturation et de d\u00e9compte \"state-of-the-art\" et montre comment les syst\u00e8mes critiques pour la facturation des services physiques ont \u00e9t\u00e9 migr\u00e9s vers la nouvelle solution de facturation tout en \u00e9tant compl\u00e9t\u00e9s par de nouveaux services num\u00e9riques et innovants.<\/p>\n\n\n\n<p>Journ\u00e9e des partenaires : VP007 - Harmonisation des processus de facturation complexes avec S\/4 HANA BRIM le 23\/03\/2023 de 09h00 \u00e0 09h30<\/p>\n\n\n\n<p>Vous obtiendrez plus de d\u00e9tails sur les projets BRIM de La Poste Suisse, ainsi que des informations g\u00e9n\u00e9rales sur les solutions de facturation SAP BRIM et SAP Subscription Billing, sur le stand de GTW et de La Poste Suisse.<\/p>\n<\/div>\n<\/div>\n\n\n\n<div style=\"height:30px\" aria-hidden=\"true\" class=\"wp-block-spacer\"><\/div>\n\n\n\n<div class=\"wp-block-columns is-layout-flex wp-container-core-columns-is-layout-9d6595d7 wp-block-columns-is-layout-flex\">\n<div class=\"wp-block-column is-layout-flow wp-block-column-is-layout-flow\" style=\"flex-basis:33.33%\">\n<figure class=\"wp-block-image size-full\"><a href=\"https:\/\/securitybridge.com\/\" target=\"_blank\" rel=\"noopener\"><img loading=\"lazy\" decoding=\"async\" width=\"815\" height=\"815\" src=\"https:\/\/e3mag.com\/wp-content\/uploads\/2023\/02\/special_guide_button_web.jpg\" alt=\"Guide sp\u00e9cial Pont de s\u00e9curit\u00e9\" class=\"wp-image-121761\" srcset=\"https:\/\/e3mag.com\/wp-content\/uploads\/2023\/02\/special_guide_button_web.jpg 815w, https:\/\/e3mag.com\/wp-content\/uploads\/2023\/02\/special_guide_button_web-400x400.jpg 400w, https:\/\/e3mag.com\/wp-content\/uploads\/2023\/02\/special_guide_button_web-150x150.jpg 150w, https:\/\/e3mag.com\/wp-content\/uploads\/2023\/02\/special_guide_button_web-768x768.jpg 768w, https:\/\/e3mag.com\/wp-content\/uploads\/2023\/02\/special_guide_button_web-100x100.jpg 100w, https:\/\/e3mag.com\/wp-content\/uploads\/2023\/02\/special_guide_button_web-480x480.jpg 480w, https:\/\/e3mag.com\/wp-content\/uploads\/2023\/02\/special_guide_button_web-640x640.jpg 640w, https:\/\/e3mag.com\/wp-content\/uploads\/2023\/02\/special_guide_button_web-720x720.jpg 720w, https:\/\/e3mag.com\/wp-content\/uploads\/2023\/02\/special_guide_button_web-24x24.jpg 24w, https:\/\/e3mag.com\/wp-content\/uploads\/2023\/02\/special_guide_button_web-48x48.jpg 48w, https:\/\/e3mag.com\/wp-content\/uploads\/2023\/02\/special_guide_button_web-96x96.jpg 96w, https:\/\/e3mag.com\/wp-content\/uploads\/2023\/02\/special_guide_button_web-300x300.jpg 300w\" sizes=\"auto, (max-width: 815px) 100vw, 815px\" \/><\/a><\/figure>\n<\/div>\n\n\n\n<div class=\"wp-block-column is-layout-flow wp-block-column-is-layout-flow\" style=\"flex-basis:66.66%\">\n<h3 class=\"wp-block-heading\">SecurityBridge \/\/ NCMI GmbH <\/h3>\n\n\n\n<p>Lors des journ\u00e9es technologiques DSAG 2023, le fournisseur de s\u00e9curit\u00e9 SecurityBridge informe sur les derniers d\u00e9veloppements dans le domaine de la s\u00e9curit\u00e9 SAP. Il s'agit notamment de son dernier d\u00e9veloppement : une solution de gestion des correctifs qui identifie automatiquement les correctifs de s\u00e9curit\u00e9 et permet leur installation en un clic de souris. \"One-Click SAP Security Patch Automation\" est une fonction de la plate-forme de s\u00e9curit\u00e9 SAP de SecurityBridge. Elle permet d'automatiser les proc\u00e9dures de gestion des correctifs SAP en un seul clic.&nbsp;<\/p>\n\n\n\n<p>SecurityBridge est un \u00e9diteur de logiciels dont le si\u00e8ge social se trouve \u00e0 Ingolstadt, en Allemagne, et qui poss\u00e8de plusieurs sites internationaux. En r\u00e9ponse \u00e0 l'augmentation constante des menaces de cyber-attaques, la plateforme SecurityBridge du m\u00eame nom offre une solution de s\u00e9curit\u00e9 attrayante et efficace pour les clients SAP.&nbsp;<\/p>\n<\/div>\n<\/div>","protected":false},"excerpt":{"rendered":"<p>Work in Progress vom 22. bis 23. M\u00e4rz 2023 \u201eWork in Progress\u201c lautet das Motto der Technologietage 2023 der Deutschsprachigen SAP-Anwendergruppe e. V. (DSAG) am 22. und 23. M\u00e4rz in Mannheim. Es ist derzeit viel im Fluss auf Seiten von SAP. Neue Produkte stehen an, andere laufen in naher Zukunft aus der Wartung, vieles ist [&hellip;]<\/p>\n","protected":false},"author":38,"featured_media":123181,"parent":136162,"menu_order":5,"comment_status":"closed","ping_status":"closed","template":"","meta":{"_acf_changed":false,"pmpro_default_level":"","footnotes":""},"coauthors":[19920],"class_list":["post-131403","page","type-page","status-publish","has-post-thumbnail","hentry","pmpro-has-access"],"acf":[],"featured_image_urls_v2":{"full":["https:\/\/e3mag.com\/wp-content\/uploads\/2023\/04\/work-in-progress-1200x390-1.jpg",1200,390,false],"thumbnail":["https:\/\/e3mag.com\/wp-content\/uploads\/2023\/04\/work-in-progress-1200x390-1-150x150.jpg",150,150,true],"medium":["https:\/\/e3mag.com\/wp-content\/uploads\/2023\/04\/work-in-progress-1200x390-1-400x130.jpg",400,130,true],"medium_large":["https:\/\/e3mag.com\/wp-content\/uploads\/2023\/04\/work-in-progress-1200x390-1-768x250.jpg",768,250,true],"large":["https:\/\/e3mag.com\/wp-content\/uploads\/2023\/04\/work-in-progress-1200x390-1.jpg",1200,390,false],"image-100":["https:\/\/e3mag.com\/wp-content\/uploads\/2023\/04\/work-in-progress-1200x390-1-100x33.jpg",100,33,true],"image-480":["https:\/\/e3mag.com\/wp-content\/uploads\/2023\/04\/work-in-progress-1200x390-1-480x156.jpg",480,156,true],"image-640":["https:\/\/e3mag.com\/wp-content\/uploads\/2023\/04\/work-in-progress-1200x390-1-640x208.jpg",640,208,true],"image-720":["https:\/\/e3mag.com\/wp-content\/uploads\/2023\/04\/work-in-progress-1200x390-1-720x234.jpg",720,234,true],"image-960":["https:\/\/e3mag.com\/wp-content\/uploads\/2023\/04\/work-in-progress-1200x390-1-960x312.jpg",960,312,true],"image-1168":["https:\/\/e3mag.com\/wp-content\/uploads\/2023\/04\/work-in-progress-1200x390-1-1168x380.jpg",1168,380,true],"image-1440":["https:\/\/e3mag.com\/wp-content\/uploads\/2023\/04\/work-in-progress-1200x390-1.jpg",1200,390,false],"image-1920":["https:\/\/e3mag.com\/wp-content\/uploads\/2023\/04\/work-in-progress-1200x390-1.jpg",1200,390,false],"1536x1536":["https:\/\/e3mag.com\/wp-content\/uploads\/2023\/04\/work-in-progress-1200x390-1.jpg",1200,390,false],"2048x2048":["https:\/\/e3mag.com\/wp-content\/uploads\/2023\/04\/work-in-progress-1200x390-1.jpg",1200,390,false],"trp-custom-language-flag":["https:\/\/e3mag.com\/wp-content\/uploads\/2023\/04\/work-in-progress-1200x390-1.jpg",18,6,false],"bricks_large_16x9":["https:\/\/e3mag.com\/wp-content\/uploads\/2023\/04\/work-in-progress-1200x390-1.jpg",1200,390,false],"bricks_large":["https:\/\/e3mag.com\/wp-content\/uploads\/2023\/04\/work-in-progress-1200x390-1.jpg",1200,390,false],"bricks_large_square":["https:\/\/e3mag.com\/wp-content\/uploads\/2023\/04\/work-in-progress-1200x390-1.jpg",1200,390,false],"bricks_medium":["https:\/\/e3mag.com\/wp-content\/uploads\/2023\/04\/work-in-progress-1200x390-1-600x195.jpg",600,195,true],"bricks_medium_square":["https:\/\/e3mag.com\/wp-content\/uploads\/2023\/04\/work-in-progress-1200x390-1-600x390.jpg",600,390,true],"profile_24":["https:\/\/e3mag.com\/wp-content\/uploads\/2023\/04\/work-in-progress-1200x390-1-24x24.jpg",24,24,true],"profile_48":["https:\/\/e3mag.com\/wp-content\/uploads\/2023\/04\/work-in-progress-1200x390-1-48x48.jpg",48,48,true],"profile_96":["https:\/\/e3mag.com\/wp-content\/uploads\/2023\/04\/work-in-progress-1200x390-1-96x96.jpg",96,96,true],"profile_150":["https:\/\/e3mag.com\/wp-content\/uploads\/2023\/04\/work-in-progress-1200x390-1-150x150.jpg",150,150,true],"profile_300":["https:\/\/e3mag.com\/wp-content\/uploads\/2023\/04\/work-in-progress-1200x390-1-300x300.jpg",300,300,true]},"post_excerpt_stackable_v2":"<p>vom 22. bis 23. M\u00e4rz 2023 \u201eWork in Progress\u201c lautet das Motto der Technologietage 2023 der Deutschsprachigen SAP-Anwendergruppe e. V. (DSAG) am 22. und 23. M\u00e4rz in Mannheim. Es ist derzeit viel im Fluss auf Seiten von SAP. Neue Produkte stehen an, andere laufen in naher Zukunft aus der Wartung, vieles ist in Arbeit, einiges davon aus Sicht der DSAG bereits zu lange. Die DSAG-Technologietage beleuchten den aktuellen Stand wichtiger Themen und zeigen Wege auf, um den Status von \u201ein Arbeit\u201c auf \u201eerledigt\u201c umzustellen. www.dsag.de\/jahreskongress Das modell wird realit\u00e4t Wenn Sie vor der Herausforderung stehen, Ihre bestehenden ERP- oder S\/4-Landschaften\u2026<\/p>\n","category_list_v2":"","author_info_v2":{"name":"Magazine E-3","url":"https:\/\/e3mag.com\/fr\/author\/e-3-magazin\/"},"comments_num_v2":"0 commentaire","_links":{"self":[{"href":"https:\/\/e3mag.com\/fr\/wp-json\/wp\/v2\/pages\/131403","targetHints":{"allow":["GET"]}}],"collection":[{"href":"https:\/\/e3mag.com\/fr\/wp-json\/wp\/v2\/pages"}],"about":[{"href":"https:\/\/e3mag.com\/fr\/wp-json\/wp\/v2\/types\/page"}],"author":[{"embeddable":true,"href":"https:\/\/e3mag.com\/fr\/wp-json\/wp\/v2\/users\/38"}],"replies":[{"embeddable":true,"href":"https:\/\/e3mag.com\/fr\/wp-json\/wp\/v2\/comments?post=131403"}],"version-history":[{"count":1,"href":"https:\/\/e3mag.com\/fr\/wp-json\/wp\/v2\/pages\/131403\/revisions"}],"predecessor-version":[{"id":131404,"href":"https:\/\/e3mag.com\/fr\/wp-json\/wp\/v2\/pages\/131403\/revisions\/131404"}],"up":[{"embeddable":true,"href":"https:\/\/e3mag.com\/fr\/wp-json\/wp\/v2\/pages\/136162"}],"wp:featuredmedia":[{"embeddable":true,"href":"https:\/\/e3mag.com\/fr\/wp-json\/wp\/v2\/media\/123181"}],"wp:attachment":[{"href":"https:\/\/e3mag.com\/fr\/wp-json\/wp\/v2\/media?parent=131403"}],"wp:term":[{"taxonomy":"author","embeddable":true,"href":"https:\/\/e3mag.com\/fr\/wp-json\/wp\/v2\/coauthors?post=131403"}],"curies":[{"name":"wp","href":"https:\/\/api.w.org\/{rel}","templated":true}]}}