{"id":130925,"date":"2023-08-08T11:01:13","date_gmt":"2023-08-08T09:01:13","guid":{"rendered":"http:\/\/e3mag.com\/?page_id=130925"},"modified":"2024-11-18T10:43:40","modified_gmt":"2024-11-18T09:43:40","slug":"congres-annuel-de-la-dsag-2023","status":"publish","type":"page","link":"https:\/\/e3mag.com\/fr\/e3-events\/congres-annuel-de-la-dsag-2023\/","title":{"rendered":"Congr\u00e8s annuel DSAG 2023"},"content":{"rendered":"<h2 class=\"wp-block-heading has-text-align-center\">Merveilleusement changeant<\/h2>\n\n\n\n<p class=\"has-text-align-center\"><span class=\"ugb-highlight\" style=\"color: #333333;\">du 19 au 21 septembre 2023<\/span><\/p>\n\n\n\n<p>Tout change, rien ne reste pareil. L'\u00e9poque actuelle exige de la flexibilit\u00e9. Le groupe d'utilisateurs germanophones SAP (DSAG), SAP et l'ensemble de l'\u00e9cosyst\u00e8me se pr\u00e9sentent donc comme des entit\u00e9s changeantes. C'est pr\u00e9cis\u00e9ment cette capacit\u00e9 de changement que le congr\u00e8s annuel 2023 de la DSAG, qui se tiendra du 19 au 21 septembre au Centre des congr\u00e8s de Br\u00eame, mettra en avant. Sous la devise \"Wunderbar wandelbar - Cr\u00e9er ensemble de nouvelles perspectives\", la DSAG se r\u00e9jouit d'accueillir plus de 5.000 participants. L'organisation de d\u00e9fense des int\u00e9r\u00eats jette un regard \u00e0 travers le kal\u00e9idoscope et se met \u00e0 la recherche, avec les participants, du bon tour de main pour ma\u00eetriser les mutations num\u00e9riques, technologiques, \u00e9cologiques et \u00e9conomiques et pour organiser les changements avec succ\u00e8s. <a href=\"https:\/\/www.dsag.de\/jahreskongress\" target=\"_blank\" rel=\"noopener\">www.dsag.de\/jahreskongress<\/a><\/p>\n\n\n\n<div class=\"wp-block-columns is-layout-flex wp-container-core-columns-is-layout-9d6595d7 wp-block-columns-is-layout-flex\">\n<div class=\"wp-block-column is-layout-flow wp-block-column-is-layout-flow\"><\/div>\n\n\n\n<div class=\"wp-block-column is-layout-flow wp-block-column-is-layout-flow\"><\/div>\n\n\n\n<div class=\"wp-block-column is-layout-flow wp-block-column-is-layout-flow\"><\/div>\n<\/div>\n\n\n\n<h2 class=\"wp-block-heading has-text-align-center\">Exposant<\/h2>\n\n\n\n<div style=\"height:45px\" aria-hidden=\"true\" class=\"wp-block-spacer\"><\/div>\n\n\n\n<div class=\"wp-block-columns is-layout-flex wp-container-core-columns-is-layout-9d6595d7 wp-block-columns-is-layout-flex\">\n<div class=\"wp-block-column is-layout-flow wp-block-column-is-layout-flow\" style=\"flex-basis:33.33%\">\n<figure class=\"wp-block-image size-full\"><a href=\"https:\/\/www.claranet.de\" target=\"_blank\" rel=\"noopener\"><img loading=\"lazy\" decoding=\"async\" width=\"815\" height=\"814\" src=\"https:\/\/e3mag.com\/wp-content\/uploads\/2023\/08\/2023_09_claranet_sg.jpg\" alt=\"\" class=\"wp-image-131426\" srcset=\"https:\/\/e3mag.com\/wp-content\/uploads\/2023\/08\/2023_09_claranet_sg.jpg 815w, https:\/\/e3mag.com\/wp-content\/uploads\/2023\/08\/2023_09_claranet_sg-400x400.jpg 400w, https:\/\/e3mag.com\/wp-content\/uploads\/2023\/08\/2023_09_claranet_sg-150x150.jpg 150w, https:\/\/e3mag.com\/wp-content\/uploads\/2023\/08\/2023_09_claranet_sg-768x767.jpg 768w, https:\/\/e3mag.com\/wp-content\/uploads\/2023\/08\/2023_09_claranet_sg-100x100.jpg 100w, https:\/\/e3mag.com\/wp-content\/uploads\/2023\/08\/2023_09_claranet_sg-480x479.jpg 480w, https:\/\/e3mag.com\/wp-content\/uploads\/2023\/08\/2023_09_claranet_sg-640x639.jpg 640w, https:\/\/e3mag.com\/wp-content\/uploads\/2023\/08\/2023_09_claranet_sg-720x719.jpg 720w, https:\/\/e3mag.com\/wp-content\/uploads\/2023\/08\/2023_09_claranet_sg-12x12.jpg 12w, https:\/\/e3mag.com\/wp-content\/uploads\/2023\/08\/2023_09_claranet_sg-600x600.jpg 600w, https:\/\/e3mag.com\/wp-content\/uploads\/2023\/08\/2023_09_claranet_sg-24x24.jpg 24w, https:\/\/e3mag.com\/wp-content\/uploads\/2023\/08\/2023_09_claranet_sg-48x48.jpg 48w, https:\/\/e3mag.com\/wp-content\/uploads\/2023\/08\/2023_09_claranet_sg-96x96.jpg 96w, https:\/\/e3mag.com\/wp-content\/uploads\/2023\/08\/2023_09_claranet_sg-300x300.jpg 300w\" sizes=\"auto, (max-width: 815px) 100vw, 815px\" \/><\/a><\/figure>\n<\/div>\n\n\n\n<div class=\"wp-block-column is-layout-flow wp-block-column-is-layout-flow\" style=\"flex-basis:66.66%\">\n<h3 class=\"wp-block-heading\">Claranet GmbH<\/h3>\n\n\n\n<p>Claranet est un fournisseur mondial de services technologiques avec des comp\u00e9tences dans les domaines du cloud, de la cybers\u00e9curit\u00e9, des donn\u00e9es et des applications telles que SAP et Workplace Services. Nos prestations dans le domaine SAP sont vari\u00e9es et couvrent entre autres SAP S\/4HANA, SAP on Cloud et SAP Managed Services. Profitez d'un savoir-faire de longue date et d'un conseil ind\u00e9pendant et objectif.<\/p>\n\n\n\n<p>Claranet se distingue par sa capacit\u00e9 \u00e0 \u00eatre suffisamment grand pour offrir un soutien complet et suffisamment petit pour vous offrir un service individuel et personnalis\u00e9, car nous proposons des solutions technologiques flexibles et \u00e9volutives et sommes pr\u00e9sents l\u00e0 o\u00f9 vous avez besoin de nous, \u00e0 votre rythme et dans votre r\u00e9gion.<\/p>\n\n\n\n<p>Rencontrez notre \u00e9quipe d'experts SAP lors du congr\u00e8s annuel de la DSAG le <strong>Situation au Q1<\/strong>!<\/p>\n\n\n\n<p><a href=\"https:\/\/www.claranet.de\/\" target=\"_blank\" rel=\"noopener\">www.claranet.de<\/a><\/p>\n<\/div>\n<\/div>\n\n\n\n<div class=\"wp-block-columns is-layout-flex wp-container-core-columns-is-layout-9d6595d7 wp-block-columns-is-layout-flex\">\n<div class=\"wp-block-column is-layout-flow wp-block-column-is-layout-flow\" style=\"flex-basis:33.33%\">\n<figure class=\"wp-block-image size-full\"><a href=\"https:\/\/consult-sk.com\/\" target=\"_blank\" rel=\"noopener\"><img loading=\"lazy\" decoding=\"async\" width=\"815\" height=\"815\" src=\"https:\/\/e3mag.com\/wp-content\/uploads\/2023\/08\/2023_09_consult_sk_sg.jpg\" alt=\"\" class=\"wp-image-131395\" srcset=\"https:\/\/e3mag.com\/wp-content\/uploads\/2023\/08\/2023_09_consult_sk_sg.jpg 815w, https:\/\/e3mag.com\/wp-content\/uploads\/2023\/08\/2023_09_consult_sk_sg-400x400.jpg 400w, https:\/\/e3mag.com\/wp-content\/uploads\/2023\/08\/2023_09_consult_sk_sg-150x150.jpg 150w, https:\/\/e3mag.com\/wp-content\/uploads\/2023\/08\/2023_09_consult_sk_sg-768x768.jpg 768w, https:\/\/e3mag.com\/wp-content\/uploads\/2023\/08\/2023_09_consult_sk_sg-100x100.jpg 100w, https:\/\/e3mag.com\/wp-content\/uploads\/2023\/08\/2023_09_consult_sk_sg-480x480.jpg 480w, https:\/\/e3mag.com\/wp-content\/uploads\/2023\/08\/2023_09_consult_sk_sg-640x640.jpg 640w, https:\/\/e3mag.com\/wp-content\/uploads\/2023\/08\/2023_09_consult_sk_sg-720x720.jpg 720w, https:\/\/e3mag.com\/wp-content\/uploads\/2023\/08\/2023_09_consult_sk_sg-12x12.jpg 12w, https:\/\/e3mag.com\/wp-content\/uploads\/2023\/08\/2023_09_consult_sk_sg-600x600.jpg 600w, https:\/\/e3mag.com\/wp-content\/uploads\/2023\/08\/2023_09_consult_sk_sg-24x24.jpg 24w, https:\/\/e3mag.com\/wp-content\/uploads\/2023\/08\/2023_09_consult_sk_sg-48x48.jpg 48w, https:\/\/e3mag.com\/wp-content\/uploads\/2023\/08\/2023_09_consult_sk_sg-96x96.jpg 96w, https:\/\/e3mag.com\/wp-content\/uploads\/2023\/08\/2023_09_consult_sk_sg-300x300.jpg 300w\" sizes=\"auto, (max-width: 815px) 100vw, 815px\" \/><\/a><\/figure>\n<\/div>\n\n\n\n<div class=\"wp-block-column is-layout-flow wp-block-column-is-layout-flow\" style=\"flex-basis:66.66%\">\n<h3 class=\"wp-block-heading\">Consult-SK<\/h3>\n\n\n\n<p> La soci\u00e9t\u00e9 Consult-SK GmbH (CSK), dont le si\u00e8ge se trouve \u00e0 Minden en Westphalie, est active depuis 2013 dans toute l'Allemagne et l'Europe en tant que conseiller en processus SAP\u00ae pour des entreprises renomm\u00e9es du commerce de d\u00e9tail, de l'industrie, des m\u00e9dias ainsi que du secteur de l'\u00e9nergie et de l'\u00e9limination des d\u00e9chets. Parmi les prestations et comp\u00e9tences de l'entreprise figurent les adaptations sp\u00e9cifiques aux clients des addons SAP\u00ae, la num\u00e9risation des processus commerciaux dans les domaines Purchase2Pay\/Order2Cash et le d\u00e9veloppement de ses propres solutions logicielles SAP\u00ae. Fid\u00e8le \u00e0 la devise \"Processus. Simple. Mieux\".<\/p>\n\n\n\n<p>Lors du congr\u00e8s annuel 2023 de la DSAG, la CSK sera pr\u00e9sente le <strong>Stand L1 dans le hall 5<\/strong> sur le site. La filiale, REexpect GmbH - sp\u00e9cialis\u00e9e dans le module SAP\u00ae RE-FX - informe \u00e9galement sur son offre de logiciels et de services.<\/p>\n\n\n\n<p><a href=\"https:\/\/consult-sk.com\/\" target=\"_blank\" rel=\"noopener\">www.consult-sk.com<\/a><\/p>\n<\/div>\n<\/div>\n\n\n\n\n\n\n\n<div class=\"wp-block-columns is-layout-flex wp-container-core-columns-is-layout-9d6595d7 wp-block-columns-is-layout-flex\">\n<div class=\"wp-block-column is-layout-flow wp-block-column-is-layout-flow\" style=\"flex-basis:33.33%\">\n<figure class=\"wp-block-image size-full\"><a href=\"https:\/\/www.esker.fr\" target=\"_blank\" rel=\"noopener\"><img loading=\"lazy\" decoding=\"async\" width=\"815\" height=\"815\" src=\"https:\/\/e3mag.com\/wp-content\/uploads\/2023\/07\/2022-10_esker_special_guide_dsag.jpg\" alt=\"\" class=\"wp-image-131063\" srcset=\"https:\/\/e3mag.com\/wp-content\/uploads\/2023\/07\/2022-10_esker_special_guide_dsag.jpg 815w, https:\/\/e3mag.com\/wp-content\/uploads\/2023\/07\/2022-10_esker_special_guide_dsag-400x400.jpg 400w, https:\/\/e3mag.com\/wp-content\/uploads\/2023\/07\/2022-10_esker_special_guide_dsag-150x150.jpg 150w, https:\/\/e3mag.com\/wp-content\/uploads\/2023\/07\/2022-10_esker_special_guide_dsag-768x768.jpg 768w, https:\/\/e3mag.com\/wp-content\/uploads\/2023\/07\/2022-10_esker_special_guide_dsag-100x100.jpg 100w, https:\/\/e3mag.com\/wp-content\/uploads\/2023\/07\/2022-10_esker_special_guide_dsag-480x480.jpg 480w, https:\/\/e3mag.com\/wp-content\/uploads\/2023\/07\/2022-10_esker_special_guide_dsag-640x640.jpg 640w, https:\/\/e3mag.com\/wp-content\/uploads\/2023\/07\/2022-10_esker_special_guide_dsag-720x720.jpg 720w, https:\/\/e3mag.com\/wp-content\/uploads\/2023\/07\/2022-10_esker_special_guide_dsag-12x12.jpg 12w, https:\/\/e3mag.com\/wp-content\/uploads\/2023\/07\/2022-10_esker_special_guide_dsag-600x600.jpg 600w, https:\/\/e3mag.com\/wp-content\/uploads\/2023\/07\/2022-10_esker_special_guide_dsag-24x24.jpg 24w, https:\/\/e3mag.com\/wp-content\/uploads\/2023\/07\/2022-10_esker_special_guide_dsag-48x48.jpg 48w, https:\/\/e3mag.com\/wp-content\/uploads\/2023\/07\/2022-10_esker_special_guide_dsag-96x96.jpg 96w, https:\/\/e3mag.com\/wp-content\/uploads\/2023\/07\/2022-10_esker_special_guide_dsag-300x300.jpg 300w\" sizes=\"auto, (max-width: 815px) 100vw, 815px\" \/><\/a><\/figure>\n<\/div>\n\n\n\n<div class=\"wp-block-column is-layout-flow wp-block-column-is-layout-flow\" style=\"flex-basis:66.66%\">\n<h3 class=\"wp-block-heading\">Esker Software Entwicklungs- und Vertriebs-GmbH (soci\u00e9t\u00e9 de d\u00e9veloppement et de distribution de logiciels)<\/h3>\n\n\n\n<p>Esker propose une plateforme cloud globale d'automatisation des processus documentaires et accompagne les services financiers, achats et services clients dans leur transformation num\u00e9rique dans les domaines Order-to-Cash (O2C) et Source-to-Pay (S2P). Les solutions Esker sont utilis\u00e9es dans le monde entier et int\u00e8grent des technologies telles que l'intelligence artificielle (IA) afin d'am\u00e9liorer la productivit\u00e9 et la transparence au sein de l'entreprise.<\/p>\n\n\n\n<p>En m\u00eame temps, cela renforce la collaboration entre les clients, les fournisseurs et les collaborateurs. Esker dispose de filiales en Am\u00e9rique du Nord et en Am\u00e9rique latine, en Europe et dans la r\u00e9gion Asie-Pacifique, ainsi que de sites allemands \u00e0 Feldkirchen\/Munich et Ratingen. L'entreprise, cot\u00e9e en France, a r\u00e9alis\u00e9 un chiffre d'affaires de 159,3 millions d'euros en 2022, dont les deux tiers hors de France. <\/p>\n\n\n\n<p><strong>Stand P6<\/strong><\/p>\n\n\n\n<p><a href=\"https:\/\/www.esker.fr\" target=\"_blank\" rel=\"noreferrer noopener\">www.esker.de<\/a><\/p>\n<\/div>\n<\/div>\n\n\n\n<div class=\"wp-block-columns is-layout-flex wp-container-core-columns-is-layout-9d6595d7 wp-block-columns-is-layout-flex\">\n<div class=\"wp-block-column is-layout-flow wp-block-column-is-layout-flow\" style=\"flex-basis:33.33%\">\n<figure class=\"wp-block-image size-full\"><a href=\"https:\/\/ifm-business-solutions.com\" target=\"_blank\" rel=\"noopener\"><img loading=\"lazy\" decoding=\"async\" width=\"815\" height=\"815\" src=\"https:\/\/e3mag.com\/wp-content\/uploads\/2023\/08\/2023_09_ifm_sg.jpg\" alt=\"\" class=\"wp-image-131516\" srcset=\"https:\/\/e3mag.com\/wp-content\/uploads\/2023\/08\/2023_09_ifm_sg.jpg 815w, https:\/\/e3mag.com\/wp-content\/uploads\/2023\/08\/2023_09_ifm_sg-400x400.jpg 400w, https:\/\/e3mag.com\/wp-content\/uploads\/2023\/08\/2023_09_ifm_sg-150x150.jpg 150w, https:\/\/e3mag.com\/wp-content\/uploads\/2023\/08\/2023_09_ifm_sg-768x768.jpg 768w, https:\/\/e3mag.com\/wp-content\/uploads\/2023\/08\/2023_09_ifm_sg-100x100.jpg 100w, https:\/\/e3mag.com\/wp-content\/uploads\/2023\/08\/2023_09_ifm_sg-480x480.jpg 480w, https:\/\/e3mag.com\/wp-content\/uploads\/2023\/08\/2023_09_ifm_sg-640x640.jpg 640w, https:\/\/e3mag.com\/wp-content\/uploads\/2023\/08\/2023_09_ifm_sg-720x720.jpg 720w, https:\/\/e3mag.com\/wp-content\/uploads\/2023\/08\/2023_09_ifm_sg-12x12.jpg 12w, https:\/\/e3mag.com\/wp-content\/uploads\/2023\/08\/2023_09_ifm_sg-600x600.jpg 600w, https:\/\/e3mag.com\/wp-content\/uploads\/2023\/08\/2023_09_ifm_sg-24x24.jpg 24w, https:\/\/e3mag.com\/wp-content\/uploads\/2023\/08\/2023_09_ifm_sg-48x48.jpg 48w, https:\/\/e3mag.com\/wp-content\/uploads\/2023\/08\/2023_09_ifm_sg-96x96.jpg 96w, https:\/\/e3mag.com\/wp-content\/uploads\/2023\/08\/2023_09_ifm_sg-300x300.jpg 300w\" sizes=\"auto, (max-width: 815px) 100vw, 815px\" \/><\/a><\/figure>\n<\/div>\n\n\n\n<div class=\"wp-block-column is-layout-flow wp-block-column-is-layout-flow\" style=\"flex-basis:66.66%\">\n<h3 class=\"wp-block-heading\">Efficacit\u00e9 et transparence dans la cha\u00eene d'approvisionnement avec ifm<\/h3>\n\n\n\n<p>En tant que partenaire Silver SAP licenci\u00e9, nous proposons depuis plus de 30 ans des solutions logicielles sophistiqu\u00e9es qui aident \u00e0 optimiser la cha\u00eene logistique dans son ensemble, de la planification des ventes et de la production \u00e0 la gestion des stocks en passant par l'approvisionnement. Nos solutions enti\u00e8rement int\u00e9gr\u00e9es dans le syst\u00e8me SAP fonctionnent sur SAP ECC 6.0 et SAP S\/4HANA et sont disponibles sur site ou dans le cloud.<\/p>\n\n\n\n<p>Plus de 900 clients dans le monde utilisent d\u00e9j\u00e0 nos outils, qui permettent une communication continue du niveau de production jusqu'\u00e0 SAP ERP, et profitent ainsi durablement d'une am\u00e9lioration des stocks et de la disponibilit\u00e9 des livraisons. Accompagnez-nous dans notre mission de rendre les processus complexes de la cha\u00eene d'approvisionnement ma\u00eetrisables. <\/p>\n\n\n\n<p><a href=\"https:\/\/ifm-business-solutions.com\" target=\"_blank\" rel=\"noopener\">www.ifm-business-solutions.com<\/a><\/p>\n<\/div>\n<\/div>","protected":false},"excerpt":{"rendered":"<p>Wunderbar wandelbar vom 19. bis 21. September 2023 Alles ver\u00e4ndert sich, nichts bleibt, wie es ist. Die heutige Zeit setzt Flexibilit\u00e4t voraus. Entsprechend wandelbar pr\u00e4sentieren sich die Deutschsprachige SAP-Anwendergruppe e. V. (DSAG), SAP und das gesamte \u00d6kosystem. Genau diese Wandlungsf\u00e4higkeit r\u00fcckt auch der DSAG-Jahreskongress 2023 vom 19. bis 21. September im Congress Center Bremen in [&hellip;]<\/p>\n","protected":false},"author":38,"featured_media":131397,"parent":136162,"menu_order":7,"comment_status":"closed","ping_status":"closed","template":"","meta":{"_acf_changed":false,"pmpro_default_level":"","footnotes":""},"coauthors":[19920],"class_list":["post-130925","page","type-page","status-publish","has-post-thumbnail","hentry","pmpro-has-access"],"acf":[],"featured_image_urls_v2":{"full":["https:\/\/e3mag.com\/wp-content\/uploads\/2023\/08\/2023_08_08_Titelbild_DSAG_JK23-V2.jpg",1200,390,false],"thumbnail":["https:\/\/e3mag.com\/wp-content\/uploads\/2023\/08\/2023_08_08_Titelbild_DSAG_JK23-V2-150x150.jpg",150,150,true],"medium":["https:\/\/e3mag.com\/wp-content\/uploads\/2023\/08\/2023_08_08_Titelbild_DSAG_JK23-V2-400x130.jpg",400,130,true],"medium_large":["https:\/\/e3mag.com\/wp-content\/uploads\/2023\/08\/2023_08_08_Titelbild_DSAG_JK23-V2-768x250.jpg",768,250,true],"large":["https:\/\/e3mag.com\/wp-content\/uploads\/2023\/08\/2023_08_08_Titelbild_DSAG_JK23-V2.jpg",1200,390,false],"image-100":["https:\/\/e3mag.com\/wp-content\/uploads\/2023\/08\/2023_08_08_Titelbild_DSAG_JK23-V2-100x33.jpg",100,33,true],"image-480":["https:\/\/e3mag.com\/wp-content\/uploads\/2023\/08\/2023_08_08_Titelbild_DSAG_JK23-V2-480x156.jpg",480,156,true],"image-640":["https:\/\/e3mag.com\/wp-content\/uploads\/2023\/08\/2023_08_08_Titelbild_DSAG_JK23-V2-640x208.jpg",640,208,true],"image-720":["https:\/\/e3mag.com\/wp-content\/uploads\/2023\/08\/2023_08_08_Titelbild_DSAG_JK23-V2-720x234.jpg",720,234,true],"image-960":["https:\/\/e3mag.com\/wp-content\/uploads\/2023\/08\/2023_08_08_Titelbild_DSAG_JK23-V2-960x312.jpg",960,312,true],"image-1168":["https:\/\/e3mag.com\/wp-content\/uploads\/2023\/08\/2023_08_08_Titelbild_DSAG_JK23-V2-1168x380.jpg",1168,380,true],"image-1440":["https:\/\/e3mag.com\/wp-content\/uploads\/2023\/08\/2023_08_08_Titelbild_DSAG_JK23-V2.jpg",1200,390,false],"image-1920":["https:\/\/e3mag.com\/wp-content\/uploads\/2023\/08\/2023_08_08_Titelbild_DSAG_JK23-V2.jpg",1200,390,false],"1536x1536":["https:\/\/e3mag.com\/wp-content\/uploads\/2023\/08\/2023_08_08_Titelbild_DSAG_JK23-V2.jpg",1200,390,false],"2048x2048":["https:\/\/e3mag.com\/wp-content\/uploads\/2023\/08\/2023_08_08_Titelbild_DSAG_JK23-V2.jpg",1200,390,false],"trp-custom-language-flag":["https:\/\/e3mag.com\/wp-content\/uploads\/2023\/08\/2023_08_08_Titelbild_DSAG_JK23-V2-18x6.jpg",18,6,true],"bricks_large_16x9":["https:\/\/e3mag.com\/wp-content\/uploads\/2023\/08\/2023_08_08_Titelbild_DSAG_JK23-V2.jpg",1200,390,false],"bricks_large":["https:\/\/e3mag.com\/wp-content\/uploads\/2023\/08\/2023_08_08_Titelbild_DSAG_JK23-V2.jpg",1200,390,false],"bricks_large_square":["https:\/\/e3mag.com\/wp-content\/uploads\/2023\/08\/2023_08_08_Titelbild_DSAG_JK23-V2.jpg",1200,390,false],"bricks_medium":["https:\/\/e3mag.com\/wp-content\/uploads\/2023\/08\/2023_08_08_Titelbild_DSAG_JK23-V2-600x195.jpg",600,195,true],"bricks_medium_square":["https:\/\/e3mag.com\/wp-content\/uploads\/2023\/08\/2023_08_08_Titelbild_DSAG_JK23-V2-600x390.jpg",600,390,true],"profile_24":["https:\/\/e3mag.com\/wp-content\/uploads\/2023\/08\/2023_08_08_Titelbild_DSAG_JK23-V2-24x24.jpg",24,24,true],"profile_48":["https:\/\/e3mag.com\/wp-content\/uploads\/2023\/08\/2023_08_08_Titelbild_DSAG_JK23-V2-48x48.jpg",48,48,true],"profile_96":["https:\/\/e3mag.com\/wp-content\/uploads\/2023\/08\/2023_08_08_Titelbild_DSAG_JK23-V2-96x96.jpg",96,96,true],"profile_150":["https:\/\/e3mag.com\/wp-content\/uploads\/2023\/08\/2023_08_08_Titelbild_DSAG_JK23-V2-150x150.jpg",150,150,true],"profile_300":["https:\/\/e3mag.com\/wp-content\/uploads\/2023\/08\/2023_08_08_Titelbild_DSAG_JK23-V2-300x300.jpg",300,300,true]},"post_excerpt_stackable_v2":"<p>vom 19. bis 21. September 2023 Alles ver\u00e4ndert sich, nichts bleibt, wie es ist. Die heutige Zeit setzt Flexibilit\u00e4t voraus. Entsprechend wandelbar pr\u00e4sentieren sich die Deutschsprachige SAP-Anwendergruppe e. V. (DSAG), SAP und das gesamte \u00d6kosystem. Genau diese Wandlungsf\u00e4higkeit r\u00fcckt auch der DSAG-Jahreskongress 2023 vom 19. bis 21. September im Congress Center Bremen in den Fokus. Unter dem Motto \u201eWunderbar wandelbar \u2013 Gemeinsam neue Perspektiven schaffen\u201c freut sich die DSAG darauf, mehr als 5.000 Teilnehmende zu begr\u00fc\u00dfen. Die Interessenvertretung wirft den Blick durch das Kaleidoskop und macht sich mit den Teilnehmenden auf die Suche nach dem richtigen Dreh, um den digitalen,\u2026<\/p>\n","category_list_v2":"","author_info_v2":{"name":"Magazine E-3","url":"https:\/\/e3mag.com\/fr\/author\/e-3-magazin\/"},"comments_num_v2":"0 commentaire","_links":{"self":[{"href":"https:\/\/e3mag.com\/fr\/wp-json\/wp\/v2\/pages\/130925","targetHints":{"allow":["GET"]}}],"collection":[{"href":"https:\/\/e3mag.com\/fr\/wp-json\/wp\/v2\/pages"}],"about":[{"href":"https:\/\/e3mag.com\/fr\/wp-json\/wp\/v2\/types\/page"}],"author":[{"embeddable":true,"href":"https:\/\/e3mag.com\/fr\/wp-json\/wp\/v2\/users\/38"}],"replies":[{"embeddable":true,"href":"https:\/\/e3mag.com\/fr\/wp-json\/wp\/v2\/comments?post=130925"}],"version-history":[{"count":13,"href":"https:\/\/e3mag.com\/fr\/wp-json\/wp\/v2\/pages\/130925\/revisions"}],"predecessor-version":[{"id":131548,"href":"https:\/\/e3mag.com\/fr\/wp-json\/wp\/v2\/pages\/130925\/revisions\/131548"}],"up":[{"embeddable":true,"href":"https:\/\/e3mag.com\/fr\/wp-json\/wp\/v2\/pages\/136162"}],"wp:featuredmedia":[{"embeddable":true,"href":"https:\/\/e3mag.com\/fr\/wp-json\/wp\/v2\/media\/131397"}],"wp:attachment":[{"href":"https:\/\/e3mag.com\/fr\/wp-json\/wp\/v2\/media?parent=130925"}],"wp:term":[{"taxonomy":"author","embeddable":true,"href":"https:\/\/e3mag.com\/fr\/wp-json\/wp\/v2\/coauthors?post=130925"}],"curies":[{"name":"wp","href":"https:\/\/api.w.org\/{rel}","templated":true}]}}