{"id":94611,"date":"2018-07-10T09:33:05","date_gmt":"2021-08-19T09:26:30","guid":{"rendered":"http:\/\/e3mag.com\/?page_id=94611"},"modified":"2024-11-18T10:43:42","modified_gmt":"2024-11-18T09:43:42","slug":"it-sa-e-it-sa-365","status":"publish","type":"page","link":"https:\/\/e3mag.com\/es\/e3-events\/it-sa-und-it-sa-365\/","title":{"rendered":"it-sa e it-sa 365 2023"},"content":{"rendered":"<h2 class=\"has-text-align-center wp-block-heading\"><strong><strong>HIT HACKERS HARD - en la it-sa 2022<\/strong><\/strong><\/h2>\n\n\n\n\n\n\n\n<p>La amenaza de los piratas inform\u00e1ticos aumenta considerablemente cada a\u00f1o. \u00a1\u00c1rmese contra los ciberataques! it-sa Expo&amp;Congress es la feria de seguridad inform\u00e1tica m\u00e1s importante de Europa. Aqu\u00ed, los responsables de la toma de decisiones y los expertos en seguridad inform\u00e1tica encontrar\u00e1n una amplia gama de productos, soluciones, servicios, investigaci\u00f3n y asesoramiento sobre temas actuales de seguridad inform\u00e1tica. Los foros abiertos con presentaciones de los expositores y las contribuciones neutrales sobre productos de la serie it-sa insights ofrecen conocimientos especializados sobre los retos a los que se enfrentan los responsables de la seguridad inform\u00e1tica. Congress@it-sa es sin\u00f3nimo de transferencia adicional de conocimientos sobre temas espec\u00edficos y oportunidades para establecer contactos. Vaya un paso por delante de los ciberdelincuentes. En it-sa del 25 al 27 de octubre de 2022 en N\u00faremberg. <\/p>\n\n\n\n<p><a href=\"https:\/\/itsa365.de\/hit-hackers-hard\" target=\"_blank\" rel=\"noreferrer noopener\"><span style=\"color: #0693e3;\" class=\"stk-highlight\">Consiga ya su entrada gratuita <\/span><\/a><br><\/p>\n\n\n\n<div class=\"wp-block-group\"><div class=\"wp-block-group__inner-container is-layout-flow wp-block-group-is-layout-flow\">\n<div class=\"wp-block-columns is-layout-flex wp-container-core-columns-is-layout-9d6595d7 wp-block-columns-is-layout-flex\"><\/div>\n<\/div><\/div>\n\n\n\n<div class=\"aligncenter wp-block-ugb-container ugb-container ugb-4de94ff ugb-container--v2 ugb-container--design-basic ugb-main-block\"><style>.ugb-4de94ff-wrapper.ugb-container__wrapper{background-color:#ffffff !important}.ugb-4de94ff-wrapper.ugb-container__wrapper:before{background-color:#ffffff !important}.ugb-4de94ff p,.ugb-4de94ff li,.ugb-4de94ff label,.ugb-4de94ff table{color:#333333}.ugb-4de94ff-content-wrapper > h1,.ugb-4de94ff-content-wrapper > h2,.ugb-4de94ff-content-wrapper > h3,.ugb-4de94ff-content-wrapper > h4,.ugb-4de94ff-content-wrapper > h5,.ugb-4de94ff-content-wrapper > h6{color:#222222}.ugb-4de94ff-content-wrapper > p,.ugb-4de94ff-content-wrapper > ol li,.ugb-4de94ff-content-wrapper > ul li{color:#333333}<\/style><div class=\"ugb-inner-block\"><div class=\"ugb-block-content\"><div class=\"ugb-container__wrapper ugb-4de94ff-wrapper\"><div class=\"ugb-container__side\"><div class=\"ugb-container__content-wrapper ugb-4de94ff-content-wrapper\">\n<p>Para m\u00e1s informaci\u00f3n:<strong>&nbsp;<a href=\"https:\/\/www.it-sa.de\/\" target=\"_blank\" rel=\"noreferrer noopener\">www.it-sa.de<\/a>,&nbsp;<a href=\"https:\/\/www.itsa365.de\/\" target=\"_blank\" rel=\"noreferrer noopener\">www.itsa365.de<\/a><\/strong><\/p>\n<\/div><\/div><\/div><\/div><\/div><\/div>","protected":false},"excerpt":{"rendered":"<p>HIT HACKERS HARD \u2013 auf der it-sa 2022 Die Bedrohung durch Hacker steigt j\u00e4hrlich signifikant. Wappnen Sie sich gegen Cyberangriffe! Die it-sa Expo&amp;Congress ist die bedeutendste Fachmesse f\u00fcr IT-Sicherheit in Europa. Hier finden Entscheider und IT-Sicherheitsexperten ein umfangreiches Angebot an Produkten, L\u00f6sungen, Dienstleistung, Forschung und Beratung zu aktuellen Themen der IT-Security. Offene Foren mit Ausstellervortr\u00e4gen [&hellip;]<\/p>\n","protected":false},"author":38,"featured_media":117890,"parent":136162,"menu_order":9,"comment_status":"closed","ping_status":"closed","template":"","meta":{"_acf_changed":false,"pmpro_default_level":"","footnotes":""},"coauthors":[19920],"class_list":["post-94611","page","type-page","status-publish","has-post-thumbnail","hentry","pmpro-has-access"],"acf":[],"featured_image_urls_v2":{"full":["https:\/\/e3mag.com\/wp-content\/uploads\/2022\/09\/ITSA-22_LinkedIn_Part-of-it_1200x628px_DE.jpg",1200,628,false],"thumbnail":["https:\/\/e3mag.com\/wp-content\/uploads\/2022\/09\/ITSA-22_LinkedIn_Part-of-it_1200x628px_DE-80x80.jpg",80,80,true],"medium":["https:\/\/e3mag.com\/wp-content\/uploads\/2022\/09\/ITSA-22_LinkedIn_Part-of-it_1200x628px_DE.jpg",400,209,false],"medium_large":["https:\/\/e3mag.com\/wp-content\/uploads\/2022\/09\/ITSA-22_LinkedIn_Part-of-it_1200x628px_DE-768x402.jpg",768,402,true],"large":["https:\/\/e3mag.com\/wp-content\/uploads\/2022\/09\/ITSA-22_LinkedIn_Part-of-it_1200x628px_DE-1030x539.jpg",1030,539,true],"image-100":["https:\/\/e3mag.com\/wp-content\/uploads\/2022\/09\/ITSA-22_LinkedIn_Part-of-it_1200x628px_DE-100x52.jpg",100,52,true],"image-480":["https:\/\/e3mag.com\/wp-content\/uploads\/2022\/09\/ITSA-22_LinkedIn_Part-of-it_1200x628px_DE-480x251.jpg",480,251,true],"image-640":["https:\/\/e3mag.com\/wp-content\/uploads\/2022\/09\/ITSA-22_LinkedIn_Part-of-it_1200x628px_DE-640x335.jpg",640,335,true],"image-720":["https:\/\/e3mag.com\/wp-content\/uploads\/2022\/09\/ITSA-22_LinkedIn_Part-of-it_1200x628px_DE-720x377.jpg",720,377,true],"image-960":["https:\/\/e3mag.com\/wp-content\/uploads\/2022\/09\/ITSA-22_LinkedIn_Part-of-it_1200x628px_DE-960x502.jpg",960,502,true],"image-1168":["https:\/\/e3mag.com\/wp-content\/uploads\/2022\/09\/ITSA-22_LinkedIn_Part-of-it_1200x628px_DE-1168x611.jpg",1168,611,true],"image-1440":["https:\/\/e3mag.com\/wp-content\/uploads\/2022\/09\/ITSA-22_LinkedIn_Part-of-it_1200x628px_DE.jpg",1200,628,false],"image-1920":["https:\/\/e3mag.com\/wp-content\/uploads\/2022\/09\/ITSA-22_LinkedIn_Part-of-it_1200x628px_DE.jpg",1200,628,false],"1536x1536":["https:\/\/e3mag.com\/wp-content\/uploads\/2022\/09\/ITSA-22_LinkedIn_Part-of-it_1200x628px_DE.jpg",1200,628,false],"2048x2048":["https:\/\/e3mag.com\/wp-content\/uploads\/2022\/09\/ITSA-22_LinkedIn_Part-of-it_1200x628px_DE.jpg",1200,628,false],"trp-custom-language-flag":["https:\/\/e3mag.com\/wp-content\/uploads\/2022\/09\/ITSA-22_LinkedIn_Part-of-it_1200x628px_DE.jpg",18,9,false],"bricks_large_16x9":["https:\/\/e3mag.com\/wp-content\/uploads\/2022\/09\/ITSA-22_LinkedIn_Part-of-it_1200x628px_DE.jpg",1200,628,false],"bricks_large":["https:\/\/e3mag.com\/wp-content\/uploads\/2022\/09\/ITSA-22_LinkedIn_Part-of-it_1200x628px_DE.jpg",1200,628,false],"bricks_large_square":["https:\/\/e3mag.com\/wp-content\/uploads\/2022\/09\/ITSA-22_LinkedIn_Part-of-it_1200x628px_DE.jpg",1200,628,false],"bricks_medium":["https:\/\/e3mag.com\/wp-content\/uploads\/2022\/09\/ITSA-22_LinkedIn_Part-of-it_1200x628px_DE.jpg",600,314,false],"bricks_medium_square":["https:\/\/e3mag.com\/wp-content\/uploads\/2022\/09\/ITSA-22_LinkedIn_Part-of-it_1200x628px_DE.jpg",600,314,false],"profile_24":["https:\/\/e3mag.com\/wp-content\/uploads\/2022\/09\/ITSA-22_LinkedIn_Part-of-it_1200x628px_DE-24x24.jpg",24,24,true],"profile_48":["https:\/\/e3mag.com\/wp-content\/uploads\/2022\/09\/ITSA-22_LinkedIn_Part-of-it_1200x628px_DE-48x48.jpg",48,48,true],"profile_96":["https:\/\/e3mag.com\/wp-content\/uploads\/2022\/09\/ITSA-22_LinkedIn_Part-of-it_1200x628px_DE-96x96.jpg",96,96,true],"profile_150":["https:\/\/e3mag.com\/wp-content\/uploads\/2022\/09\/ITSA-22_LinkedIn_Part-of-it_1200x628px_DE-150x150.jpg",150,150,true],"profile_300":["https:\/\/e3mag.com\/wp-content\/uploads\/2022\/09\/ITSA-22_LinkedIn_Part-of-it_1200x628px_DE-300x300.jpg",300,300,true]},"post_excerpt_stackable_v2":"<p>Die Bedrohung durch Hacker steigt j\u00e4hrlich signifikant. Wappnen Sie sich gegen Cyberangriffe! Die it-sa Expo&amp;Congress ist die bedeutendste Fachmesse f\u00fcr IT-Sicherheit in Europa. Hier finden Entscheider und IT-Sicherheitsexperten ein umfangreiches Angebot an Produkten, L\u00f6sungen, Dienstleistung, Forschung und Beratung zu aktuellen Themen der IT-Security. Offene Foren mit Ausstellervortr\u00e4gen und produktneutralen Beitr\u00e4gen aus der Reihe it-sa insights bieten Fachwissen zu Herausforderungen f\u00fcr IT-Sicherheitsverantwortliche. Congress@it-sa steht f\u00fcr zus\u00e4tzlichen Wissenstransfer zu spezifischen Themen und Networking-Gelegenheiten. Bleiben Sie den Cyberkriminellen einen Schritt voraus! Auf der it-sa vom 25. bis 27. Oktober 2022 in N\u00fcrnberg. Jetzt Gratis-Ticket sichern! Weitere Informationen:&nbsp;www.it-sa.de,&nbsp;www.itsa365.de<\/p>\n","category_list_v2":"","author_info_v2":{"name":"Revista E-3","url":"https:\/\/e3mag.com\/es\/author\/e-3-magazin\/"},"comments_num_v2":"0 comentarios","_links":{"self":[{"href":"https:\/\/e3mag.com\/es\/wp-json\/wp\/v2\/pages\/94611","targetHints":{"allow":["GET"]}}],"collection":[{"href":"https:\/\/e3mag.com\/es\/wp-json\/wp\/v2\/pages"}],"about":[{"href":"https:\/\/e3mag.com\/es\/wp-json\/wp\/v2\/types\/page"}],"author":[{"embeddable":true,"href":"https:\/\/e3mag.com\/es\/wp-json\/wp\/v2\/users\/38"}],"replies":[{"embeddable":true,"href":"https:\/\/e3mag.com\/es\/wp-json\/wp\/v2\/comments?post=94611"}],"version-history":[{"count":2,"href":"https:\/\/e3mag.com\/es\/wp-json\/wp\/v2\/pages\/94611\/revisions"}],"predecessor-version":[{"id":144689,"href":"https:\/\/e3mag.com\/es\/wp-json\/wp\/v2\/pages\/94611\/revisions\/144689"}],"up":[{"embeddable":true,"href":"https:\/\/e3mag.com\/es\/wp-json\/wp\/v2\/pages\/136162"}],"wp:featuredmedia":[{"embeddable":true,"href":"https:\/\/e3mag.com\/es\/wp-json\/wp\/v2\/media\/117890"}],"wp:attachment":[{"href":"https:\/\/e3mag.com\/es\/wp-json\/wp\/v2\/media?parent=94611"}],"wp:term":[{"taxonomy":"author","embeddable":true,"href":"https:\/\/e3mag.com\/es\/wp-json\/wp\/v2\/coauthors?post=94611"}],"curies":[{"name":"wp","href":"https:\/\/api.w.org\/{rel}","templated":true}]}}