{"id":5066,"date":"2017-01-03T14:05:48","date_gmt":"2017-01-03T13:05:48","guid":{"rendered":"http:\/\/e3mag.com\/?page_id=5066"},"modified":"2024-11-18T10:52:44","modified_gmt":"2024-11-18T09:52:44","slug":"uni-fh-suscripcion","status":"publish","type":"page","link":"https:\/\/e3mag.com\/es\/suscripcion\/uni-fh-suscripcion\/","title":{"rendered":"Suscripci\u00f3n a universidades y escuelas t\u00e9cnicas superiores"},"content":{"rendered":"\n<h1 class=\"wp-block-heading\">Universit\u00e4ts- und Fachschul-Abonnement<\/h1>\n\n\n\n<p>Sie erhalten&nbsp;kostenfrei 10 Ausgaben f\u00fcr alle Medienkan\u00e4le<strong>,<\/strong> bei Vorlage des Berechtigungsnachweises.\n(Der Berechtigungsnachweis ist per Post an B4BMedia.net AG, M\u00fcnchener Str. 8, 83395 Freilassing, Deutschland, oder per Mail als PDF an <a href=\"mailto:office@B4Bmedia.net\">office@B4Bmedia.net<\/a> oder Fax unter der Nr. <a href=\"tel:00498654771300\">+ 49 (0)8654771300<\/a> einzureichen)<\/p>\n\n\n\n<p>Hier haben Sie die M\u00f6glichkeit, sich f\u00fcr das Universit\u00e4ts- und Fachschul-Abonnement anzumelden. F\u00fcllen Sie daf\u00fcr bitte untenstehendes Formular aus:<\/p>\n\n\n\n<p><strong>[forminator_form id=&#8221;66151&#8243;]<\/strong><\/p>\n\n\n\n<div class=\"wp-block-ugb-button ugb-button-wrapper ugb-9168519 ugb-main-block\"><style>.ugb-9168519 .ugb-block-content{justify-content:flex-start !important}.ugb-9168519 .ugb-button1{background-color:#68a823}.ugb-9168519 .ugb-button1 .ugb-button--inner,.ugb-9168519 .ugb-button1 svg:not(.ugb-custom-icon){color:#ffffff !important}.ugb-9168519 .ugb-inner-block{text-align:left}<\/style><div class=\"ugb-inner-block\"><div class=\"ugb-block-content\"><div class=\"ugb-button-container\"><a class=\"ugb-button1 ugb-button ugb-button--size-normal\" href=\"\/\/e3mag.com\/wp-content\/uploads\/2023\/10\/Abonnement_AGBs_2023_09_26-2-.pdf\" target=\"_blank\" rel=\"noopener noreferrer\" title=\"\"><span class=\"ugb-button--inner\">Abonnement AGBs Stand 1.2.2018<\/span><\/a><\/div><\/div><\/div><\/div>\n","protected":false},"excerpt":{"rendered":"<p>Universit\u00e4ts- und Fachschul-Abonnement Sie erhalten&nbsp;kostenfrei 10 Ausgaben f\u00fcr alle Medienkan\u00e4le, bei Vorlage des Berechtigungsnachweises. (Der Berechtigungsnachweis ist per Post an B4BMedia.net AG, M\u00fcnchener Str. 8, 83395 Freilassing, Deutschland, oder per Mail als PDF an office@B4Bmedia.net oder Fax unter der Nr. + 49 (0)8654771300 einzureichen) Hier haben Sie die M\u00f6glichkeit, sich f\u00fcr das Universit\u00e4ts- und Fachschul-Abonnement [&hellip;]<\/p>\n","protected":false},"author":5,"featured_media":120455,"parent":64498,"menu_order":5,"comment_status":"closed","ping_status":"closed","template":"","meta":{"_acf_changed":false,"pmpro_default_level":"","footnotes":""},"coauthors":[38854],"class_list":["post-5066","page","type-page","status-publish","has-post-thumbnail","hentry","pmpro-has-access"],"acf":[],"featured_image_urls_v2":{"full":["https:\/\/e3mag.com\/wp-content\/uploads\/2022\/12\/Abo_Unterseiten.jpg",1200,540,false],"thumbnail":["https:\/\/e3mag.com\/wp-content\/uploads\/2022\/12\/Abo_Unterseiten-150x150.jpg",150,150,true],"medium":["https:\/\/e3mag.com\/wp-content\/uploads\/2022\/12\/Abo_Unterseiten-400x180.jpg",400,180,true],"medium_large":["https:\/\/e3mag.com\/wp-content\/uploads\/2022\/12\/Abo_Unterseiten-768x346.jpg",768,346,true],"large":["https:\/\/e3mag.com\/wp-content\/uploads\/2022\/12\/Abo_Unterseiten.jpg",1200,540,false],"image-100":["https:\/\/e3mag.com\/wp-content\/uploads\/2022\/12\/Abo_Unterseiten-100x45.jpg",100,45,true],"image-480":["https:\/\/e3mag.com\/wp-content\/uploads\/2022\/12\/Abo_Unterseiten-480x216.jpg",480,216,true],"image-640":["https:\/\/e3mag.com\/wp-content\/uploads\/2022\/12\/Abo_Unterseiten-640x288.jpg",640,288,true],"image-720":["https:\/\/e3mag.com\/wp-content\/uploads\/2022\/12\/Abo_Unterseiten-720x324.jpg",720,324,true],"image-960":["https:\/\/e3mag.com\/wp-content\/uploads\/2022\/12\/Abo_Unterseiten-960x432.jpg",960,432,true],"image-1168":["https:\/\/e3mag.com\/wp-content\/uploads\/2022\/12\/Abo_Unterseiten-1168x526.jpg",1168,526,true],"image-1440":["https:\/\/e3mag.com\/wp-content\/uploads\/2022\/12\/Abo_Unterseiten.jpg",1200,540,false],"image-1920":["https:\/\/e3mag.com\/wp-content\/uploads\/2022\/12\/Abo_Unterseiten.jpg",1200,540,false],"1536x1536":["https:\/\/e3mag.com\/wp-content\/uploads\/2022\/12\/Abo_Unterseiten.jpg",1200,540,false],"2048x2048":["https:\/\/e3mag.com\/wp-content\/uploads\/2022\/12\/Abo_Unterseiten.jpg",1200,540,false],"trp-custom-language-flag":["https:\/\/e3mag.com\/wp-content\/uploads\/2022\/12\/Abo_Unterseiten.jpg",18,8,false],"bricks_large_16x9":["https:\/\/e3mag.com\/wp-content\/uploads\/2022\/12\/Abo_Unterseiten.jpg",1200,540,false],"bricks_large":["https:\/\/e3mag.com\/wp-content\/uploads\/2022\/12\/Abo_Unterseiten.jpg",1200,540,false],"bricks_large_square":["https:\/\/e3mag.com\/wp-content\/uploads\/2022\/12\/Abo_Unterseiten.jpg",1200,540,false],"bricks_medium":["https:\/\/e3mag.com\/wp-content\/uploads\/2022\/12\/Abo_Unterseiten.jpg",600,270,false],"bricks_medium_square":["https:\/\/e3mag.com\/wp-content\/uploads\/2022\/12\/Abo_Unterseiten.jpg",600,270,false],"profile_24":["https:\/\/e3mag.com\/wp-content\/uploads\/2022\/12\/Abo_Unterseiten-24x24.jpg",24,24,true],"profile_48":["https:\/\/e3mag.com\/wp-content\/uploads\/2022\/12\/Abo_Unterseiten-48x48.jpg",48,48,true],"profile_96":["https:\/\/e3mag.com\/wp-content\/uploads\/2022\/12\/Abo_Unterseiten-96x96.jpg",96,96,true],"profile_150":["https:\/\/e3mag.com\/wp-content\/uploads\/2022\/12\/Abo_Unterseiten-150x150.jpg",150,150,true],"profile_300":["https:\/\/e3mag.com\/wp-content\/uploads\/2022\/12\/Abo_Unterseiten-300x300.jpg",300,300,true]},"post_excerpt_stackable_v2":"<p>Sie erhalten&nbsp;kostenfrei 10 Ausgaben f\u00fcr alle Medienkan\u00e4le, bei Vorlage des Berechtigungsnachweises. (Der Berechtigungsnachweis ist per Post an B4BMedia.net AG, M\u00fcnchener Str. 8, 83395 Freilassing, Deutschland, oder per Mail als PDF an office@B4Bmedia.net oder Fax unter der Nr. + 49 (0)8654771300 einzureichen) Hier haben Sie die M\u00f6glichkeit, sich f\u00fcr das Universit\u00e4ts- und Fachschul-Abonnement anzumelden. F\u00fcllen Sie daf\u00fcr bitte untenstehendes Formular aus: [forminator_form id=&#8221;66151&#8243;] Abonnement AGBs Stand 1.2.2018<\/p>\n","category_list_v2":"","author_info_v2":{"name":"Peter M., Revista E-3","url":"https:\/\/e3mag.com\/es\/author\/peter-m\/"},"comments_num_v2":"0 comentarios","_links":{"self":[{"href":"https:\/\/e3mag.com\/es\/wp-json\/wp\/v2\/pages\/5066","targetHints":{"allow":["GET"]}}],"collection":[{"href":"https:\/\/e3mag.com\/es\/wp-json\/wp\/v2\/pages"}],"about":[{"href":"https:\/\/e3mag.com\/es\/wp-json\/wp\/v2\/types\/page"}],"author":[{"embeddable":true,"href":"https:\/\/e3mag.com\/es\/wp-json\/wp\/v2\/users\/5"}],"replies":[{"embeddable":true,"href":"https:\/\/e3mag.com\/es\/wp-json\/wp\/v2\/comments?post=5066"}],"version-history":[{"count":2,"href":"https:\/\/e3mag.com\/es\/wp-json\/wp\/v2\/pages\/5066\/revisions"}],"predecessor-version":[{"id":135325,"href":"https:\/\/e3mag.com\/es\/wp-json\/wp\/v2\/pages\/5066\/revisions\/135325"}],"up":[{"embeddable":true,"href":"https:\/\/e3mag.com\/es\/wp-json\/wp\/v2\/pages\/64498"}],"wp:featuredmedia":[{"embeddable":true,"href":"https:\/\/e3mag.com\/es\/wp-json\/wp\/v2\/media\/120455"}],"wp:attachment":[{"href":"https:\/\/e3mag.com\/es\/wp-json\/wp\/v2\/media?parent=5066"}],"wp:term":[{"taxonomy":"author","embeddable":true,"href":"https:\/\/e3mag.com\/es\/wp-json\/wp\/v2\/coauthors?post=5066"}],"curies":[{"name":"wp","href":"https:\/\/api.w.org\/{rel}","templated":true}]}}