{"id":148539,"date":"2025-01-28T08:35:33","date_gmt":"2025-01-28T07:35:33","guid":{"rendered":"http:\/\/e3mag.com\/?page_id=148539"},"modified":"2025-02-11T10:14:28","modified_gmt":"2025-02-11T09:14:28","slug":"logimat-2025","status":"publish","type":"page","link":"https:\/\/e3mag.com\/es\/logimat-2025\/","title":{"rendered":"LogiMAT 2025"},"content":{"rendered":"<h2 class=\"wp-block-heading\">LogiMAT 2025<\/h2>\n\n\n\n<p class=\"has-text-align-left\"><span style=\"color: #333333;\" class=\"ugb-highlight\">del 11 al 13 de marzo de 2025,<\/span> Feria de Stuttgart<\/p>\n\n\n\n<p style=\"font-size:18px\">LogiMAT, Feria Internacional de Soluciones Intralog\u00edsticas y Gesti\u00f3n de Procesos, tendr\u00e1 lugar del 11 al 13 de marzo de 2025 en el recinto ferial de Stuttgart, directamente en el aeropuerto de Stuttgart. LogiMAT es la mayor feria mundial de soluciones intralog\u00edsticas y est\u00e1 organizada por EUROEXPO Messe- und Kongress-GmbH. Ofrece una visi\u00f3n completa del mercado de todo lo que mueve la industria intralog\u00edstica, desde el aprovisionamiento hasta la producci\u00f3n y la entrega. Los expositores internacionales presentan tecnolog\u00edas, productos, sistemas y soluciones innovadoras para racionalizar, optimizar y reducir los costes de los procesos de log\u00edstica interna. Adem\u00e1s de la exposici\u00f3n, el evento ofrece ciclos de conferencias que cambian a diario y eventos en directo sobre una amplia variedad de temas.<\/p>\n\n\n\n<div class=\"wp-block-stackable-button-group stk-block-button-group stk-block stk-72e7e05\" data-block-id=\"72e7e05\"><style>.stk-72e7e05 .stk-button-group{flex-direction:row !important;}.stk-72e7e05 {margin-bottom:50px !important;}@media screen and (max-width:1199px){.stk-72e7e05 .stk-button-group{flex-direction:row !important;}}@media screen and (max-width: 767px){.stk-72e7e05 .stk-button-group{flex-direction:row !important;}}<\/style><div class=\"stk-row stk-inner-blocks stk-block-content stk-button-group\">\n<div class=\"wp-block-stackable-button stk-block-button stk-block stk-d095374\" data-block-id=\"d095374\"><style>.stk-d095374 {margin-top:20px !important;margin-bottom:0px !important;}.stk-d095374 .stk-button{background:#cd1719 !important;}.stk-d095374 .stk-button:hover:after{background:#cd1719 !important;opacity:1 !important;}.stk-d095374 .stk-button__inner-text{font-size:18px !important;}@media screen and (max-width:1199px){.stk-d095374 .stk-button__inner-text{font-size:18px !important;}}<\/style><a class=\"stk-link stk-button stk--hover-effect-darken\" href=\"https:\/\/www.logimat-messe.de\/\" target=\"_blank\" rel=\"noreferrer noopener\"><span class=\"stk-button__inner-text\">Toda la informaci\u00f3n<\/span><\/a><\/div>\n<\/div><\/div>\n\n\n\n<div class=\"wp-block-stackable-divider stk-block-divider stk-block stk-a1426db\" data-block-id=\"a1426db\"><hr class=\"stk-block-divider__hr\"\/><\/div>\n\n\n\n<div style=\"height:40px\" aria-hidden=\"true\" class=\"wp-block-spacer\"><\/div>\n\n\n\n<h2 class=\"wp-block-heading has-text-align-center\">Expositor<\/h2>\n\n\n\n<div style=\"height:40px\" aria-hidden=\"true\" class=\"wp-block-spacer\"><\/div>\n\n\n\n<div class=\"wp-block-columns is-layout-flex wp-container-core-columns-is-layout-9d6595d7 wp-block-columns-is-layout-flex\">\n<div class=\"wp-block-column is-layout-flow wp-block-column-is-layout-flow\" style=\"flex-basis:33.33%\">\n<figure class=\"wp-block-image size-full\"><a href=\"https:\/\/swan.de\/\" target=\"_blank\" rel=\"noreferrer noopener\"><img loading=\"lazy\" decoding=\"async\" width=\"500\" height=\"500\" src=\"https:\/\/e3mag.com\/wp-content\/uploads\/2025\/02\/special_guide_button_web_swan.jpg\" alt=\"\" class=\"wp-image-148953\" srcset=\"https:\/\/e3mag.com\/wp-content\/uploads\/2025\/02\/special_guide_button_web_swan.jpg 500w, https:\/\/e3mag.com\/wp-content\/uploads\/2025\/02\/special_guide_button_web_swan-400x400.jpg 400w, https:\/\/e3mag.com\/wp-content\/uploads\/2025\/02\/special_guide_button_web_swan-150x150.jpg 150w, https:\/\/e3mag.com\/wp-content\/uploads\/2025\/02\/special_guide_button_web_swan-100x100.jpg 100w, https:\/\/e3mag.com\/wp-content\/uploads\/2025\/02\/special_guide_button_web_swan-480x480.jpg 480w, https:\/\/e3mag.com\/wp-content\/uploads\/2025\/02\/special_guide_button_web_swan-12x12.jpg 12w, https:\/\/e3mag.com\/wp-content\/uploads\/2025\/02\/special_guide_button_web_swan-24x24.jpg 24w, https:\/\/e3mag.com\/wp-content\/uploads\/2025\/02\/special_guide_button_web_swan-48x48.jpg 48w, https:\/\/e3mag.com\/wp-content\/uploads\/2025\/02\/special_guide_button_web_swan-96x96.jpg 96w, https:\/\/e3mag.com\/wp-content\/uploads\/2025\/02\/special_guide_button_web_swan-300x300.jpg 300w\" sizes=\"auto, (max-width: 500px) 100vw, 500px\" \/><\/a><\/figure>\n<\/div>\n\n\n\n<div class=\"wp-block-column is-layout-flow wp-block-column-is-layout-flow\" style=\"flex-basis:66.66%\">\n<h3 class=\"wp-block-heading\"><a href=\"https:\/\/swan.de\/\" target=\"_blank\" rel=\"noopener\">SWAN GmbH<\/a><\/h3>\n\n\n\n<p><strong>Cambio digital en la log\u00edstica de SAP: vivimos el rendimiento<\/strong><\/p>\n\n\n\n<p>SWAN ofrece soluciones log\u00edsticas innovadoras basadas en los m\u00f3dulos SAP EWM, SAP TM y SAP DM. Nos centramos en la conexi\u00f3n y el control de sistemas automatizados y en la creaci\u00f3n de interfaces t\u00e9cnicas. Nuestra cartera se completa con productos propios en los \u00e1mbitos de la automatizaci\u00f3n, la facilidad de uso y la conectividad, as\u00ed como con desarrollos basados en SAP BTP. Nuestro servicio SWAN Customer Lifecycle Service est\u00e1 a disposici\u00f3n de los clientes y de terceros las 24 horas del d\u00eda, los 7 d\u00edas de la semana, incluso despu\u00e9s de la puesta en marcha.<\/p>\n\n\n\n<p>Conozca a nuestros expertos en SAP en LogiMAT, pabell\u00f3n 4, stand C09.<\/p>\n\n\n\n<div class=\"wp-block-group is-vertical is-layout-flex wp-container-core-group-is-layout-8cf370e7 wp-block-group-is-layout-flex\">\n<p>Tambi\u00e9n podr\u00e1 asistir a interesantes ponencias especializadas.<\/p>\n\n\n\n<div class=\"wp-block-group is-vertical is-layout-flex wp-container-core-group-is-layout-8cf370e7 wp-block-group-is-layout-flex\">\n<p><strong>La log\u00edstica inteligente con SAP EWM y UI5 se centra en la facilidad de uso en el taller<\/strong><\/p>\n\n\n\n<p>Kai Starke, Director SAP Realisation | Firmante autorizado en SWAN<\/p>\n\n\n\n<p>Forum South, pabell\u00f3n 4, stand 4C61, 12 de marzo de 2025, 12.00-12.20 h.<\/p>\n<\/div>\n<\/div>\n\n\n\n<p><a href=\"https:\/\/swan.de\/\" target=\"_blank\" rel=\"noreferrer noopener\">cisne.com<\/a><\/p>\n<\/div>\n<\/div>","protected":false},"excerpt":{"rendered":"<p>LogiMAT 2025 vom 11. bis 13. M\u00e4rz 2025, Messe Stuttgart Die LogiMAT, Internationale Fachmesse f\u00fcr Intralogistik-L\u00f6sungen und Prozessmanagement, findet vom 11. bis 13. M\u00e4rz 2025 auf dem Messegel\u00e4nde Stuttgart direkt am Stuttgarter Flughafen statt. Die LogiMAT gilt als weltweit gr\u00f6\u00dfte Fachmesse f\u00fcr Intralogistik-L\u00f6sungen und wird von der EUROEXPO Messe- und Kongress-GmbH lausgerichtet. Sie bietet einen [&hellip;]<\/p>\n","protected":false},"author":2368,"featured_media":148963,"parent":0,"menu_order":0,"comment_status":"closed","ping_status":"closed","template":"","meta":{"_acf_changed":false,"pmpro_default_level":"","footnotes":""},"coauthors":[39720],"class_list":["post-148539","page","type-page","status-publish","has-post-thumbnail","hentry","pmpro-has-access"],"acf":[],"featured_image_urls_v2":{"full":["https:\/\/e3mag.com\/wp-content\/uploads\/2025\/02\/lm25-1000x400de-neu.jpg",1498,599,false],"thumbnail":["https:\/\/e3mag.com\/wp-content\/uploads\/2025\/02\/lm25-1000x400de-neu-150x150.jpg",150,150,true],"medium":["https:\/\/e3mag.com\/wp-content\/uploads\/2025\/02\/lm25-1000x400de-neu-400x160.jpg",400,160,true],"medium_large":["https:\/\/e3mag.com\/wp-content\/uploads\/2025\/02\/lm25-1000x400de-neu-768x307.jpg",768,307,true],"large":["https:\/\/e3mag.com\/wp-content\/uploads\/2025\/02\/lm25-1000x400de-neu-1200x480.jpg",1200,480,true],"image-100":["https:\/\/e3mag.com\/wp-content\/uploads\/2025\/02\/lm25-1000x400de-neu-100x40.jpg",100,40,true],"image-480":["https:\/\/e3mag.com\/wp-content\/uploads\/2025\/02\/lm25-1000x400de-neu-480x192.jpg",480,192,true],"image-640":["https:\/\/e3mag.com\/wp-content\/uploads\/2025\/02\/lm25-1000x400de-neu-640x256.jpg",640,256,true],"image-720":["https:\/\/e3mag.com\/wp-content\/uploads\/2025\/02\/lm25-1000x400de-neu-720x288.jpg",720,288,true],"image-960":["https:\/\/e3mag.com\/wp-content\/uploads\/2025\/02\/lm25-1000x400de-neu-960x384.jpg",960,384,true],"image-1168":["https:\/\/e3mag.com\/wp-content\/uploads\/2025\/02\/lm25-1000x400de-neu-1168x467.jpg",1168,467,true],"image-1440":["https:\/\/e3mag.com\/wp-content\/uploads\/2025\/02\/lm25-1000x400de-neu-1440x576.jpg",1440,576,true],"image-1920":["https:\/\/e3mag.com\/wp-content\/uploads\/2025\/02\/lm25-1000x400de-neu.jpg",1498,599,false],"1536x1536":["https:\/\/e3mag.com\/wp-content\/uploads\/2025\/02\/lm25-1000x400de-neu.jpg",1498,599,false],"2048x2048":["https:\/\/e3mag.com\/wp-content\/uploads\/2025\/02\/lm25-1000x400de-neu.jpg",1498,599,false],"trp-custom-language-flag":["https:\/\/e3mag.com\/wp-content\/uploads\/2025\/02\/lm25-1000x400de-neu-18x7.jpg",18,7,true],"bricks_large_16x9":["https:\/\/e3mag.com\/wp-content\/uploads\/2025\/02\/lm25-1000x400de-neu-1200x599.jpg",1200,599,true],"bricks_large":["https:\/\/e3mag.com\/wp-content\/uploads\/2025\/02\/lm25-1000x400de-neu-1200x480.jpg",1200,480,true],"bricks_large_square":["https:\/\/e3mag.com\/wp-content\/uploads\/2025\/02\/lm25-1000x400de-neu-1200x599.jpg",1200,599,true],"bricks_medium":["https:\/\/e3mag.com\/wp-content\/uploads\/2025\/02\/lm25-1000x400de-neu-600x240.jpg",600,240,true],"bricks_medium_square":["https:\/\/e3mag.com\/wp-content\/uploads\/2025\/02\/lm25-1000x400de-neu-600x599.jpg",600,599,true],"profile_24":["https:\/\/e3mag.com\/wp-content\/uploads\/2025\/02\/lm25-1000x400de-neu-24x24.jpg",24,24,true],"profile_48":["https:\/\/e3mag.com\/wp-content\/uploads\/2025\/02\/lm25-1000x400de-neu-48x48.jpg",48,48,true],"profile_96":["https:\/\/e3mag.com\/wp-content\/uploads\/2025\/02\/lm25-1000x400de-neu-96x96.jpg",96,96,true],"profile_150":["https:\/\/e3mag.com\/wp-content\/uploads\/2025\/02\/lm25-1000x400de-neu-150x150.jpg",150,150,true],"profile_300":["https:\/\/e3mag.com\/wp-content\/uploads\/2025\/02\/lm25-1000x400de-neu-300x300.jpg",300,300,true]},"post_excerpt_stackable_v2":"<p>vom 11. bis 13. M\u00e4rz 2025, Messe Stuttgart Die LogiMAT, Internationale Fachmesse f\u00fcr Intralogistik-L\u00f6sungen und Prozessmanagement, findet vom 11. bis 13. M\u00e4rz 2025 auf dem Messegel\u00e4nde Stuttgart direkt am Stuttgarter Flughafen statt. Die LogiMAT gilt als weltweit gr\u00f6\u00dfte Fachmesse f\u00fcr Intralogistik-L\u00f6sungen und wird von der EUROEXPO Messe- und Kongress-GmbH lausgerichtet. Sie bietet einen vollst\u00e4ndigen Markt\u00fcberblick \u00fcber alles, was die Intralogistik-Branche von der Beschaffung \u00fcber die Produktion bis zur Auslieferung bewegt. Internationale Aussteller zeigen innovative Technologien, Produkte, Systeme und L\u00f6sungen zur Rationalisierung, Prozessoptimierung und Kostensenkung der inner- betrieblichen logistischen Prozesse. Die Veranstaltung bietet neben der Ausstellung t\u00e4glich wechselnde Vortragsreihen sowie Live-Events&hellip;<\/p>\n","category_list_v2":"","author_info_v2":{"name":"E3 Magazine","url":"https:\/\/e3mag.com\/es\/author\/e3_magazin\/"},"comments_num_v2":"0 comentarios","_links":{"self":[{"href":"https:\/\/e3mag.com\/es\/wp-json\/wp\/v2\/pages\/148539","targetHints":{"allow":["GET"]}}],"collection":[{"href":"https:\/\/e3mag.com\/es\/wp-json\/wp\/v2\/pages"}],"about":[{"href":"https:\/\/e3mag.com\/es\/wp-json\/wp\/v2\/types\/page"}],"author":[{"embeddable":true,"href":"https:\/\/e3mag.com\/es\/wp-json\/wp\/v2\/users\/2368"}],"replies":[{"embeddable":true,"href":"https:\/\/e3mag.com\/es\/wp-json\/wp\/v2\/comments?post=148539"}],"version-history":[{"count":12,"href":"https:\/\/e3mag.com\/es\/wp-json\/wp\/v2\/pages\/148539\/revisions"}],"predecessor-version":[{"id":148967,"href":"https:\/\/e3mag.com\/es\/wp-json\/wp\/v2\/pages\/148539\/revisions\/148967"}],"wp:featuredmedia":[{"embeddable":true,"href":"https:\/\/e3mag.com\/es\/wp-json\/wp\/v2\/media\/148963"}],"wp:attachment":[{"href":"https:\/\/e3mag.com\/es\/wp-json\/wp\/v2\/media?parent=148539"}],"wp:term":[{"taxonomy":"author","embeddable":true,"href":"https:\/\/e3mag.com\/es\/wp-json\/wp\/v2\/coauthors?post=148539"}],"curies":[{"name":"wp","href":"https:\/\/api.w.org\/{rel}","templated":true}]}}