{"id":144035,"date":"2024-07-29T10:26:06","date_gmt":"2024-07-29T08:26:06","guid":{"rendered":"http:\/\/e3mag.com\/?page_id=144035"},"modified":"2025-06-25T09:27:18","modified_gmt":"2025-06-25T07:27:18","slug":"jornadas-tecnologicas-dsag-2-3","status":"publish","type":"page","link":"https:\/\/e3mag.com\/es\/eventos-e3\/jornadas-tecnologicas-dsag-2-3\/","title":{"rendered":"Congreso anual del GASD 2024"},"content":{"rendered":"<h2 class=\"wp-block-heading has-text-align-center\"><strong>La tr\u00edada del futuro: usuarios, SAP y socios marcan el ritmo de la transformaci\u00f3n<\/strong><\/h2>\n\n\n\n<p class=\"has-text-align-center\"><span style=\"color: #333333;\" class=\"ugb-highlight\">del 15 al 17 de octubre de 2024<\/span><\/p>\n\n\n\n<p>El lema del Congreso Anual 2024, que se celebrar\u00e1 del 15 al 17 de octubre en Leipzig, es \"La tr\u00edada del futuro: usuarios, SAP y partners marcan el ritmo de la transformaci\u00f3n\". La transformaci\u00f3n digital no avanza. Seg\u00fan el \u00faltimo informe de inversi\u00f3n del DSAG, alrededor de la mitad de los miembros a\u00fan no han avanzado mucho en sus proyectos. Pero ahora es el momento de utilizar las innovaciones de SAP para impulsar los proyectos y llevarlos a buen puerto. La transformaci\u00f3n digital con respecto a la nube y la inteligencia artificial se pondr\u00e1 de relieve en el Congreso Anual de la DSAG. Se espera la asistencia de m\u00e1s de 5.500 participantes.<\/p>\n\n\n\n\n\n\n\n<p><a href=\"https:\/\/www.dsag.de\/jahreskongress\" data-type=\"link\" data-id=\"www.dsag.de\/jahreskongress\" target=\"_blank\" rel=\"noreferrer noopener\">www.dsag.de\/jahreskongress<\/a><\/p>\n\n\n\n<div class=\"wp-block-stackable-divider stk-block-divider stk-block stk-c387071\" data-block-id=\"c387071\"><hr class=\"stk-block-divider__hr\"\/><\/div>\n\n\n\n<div style=\"height:70px\" aria-hidden=\"true\" class=\"wp-block-spacer\"><\/div>\n\n\n\n<h2 class=\"wp-block-heading has-text-align-center\">Expositor<\/h2>\n\n\n\n<div style=\"height:70px\" aria-hidden=\"true\" class=\"wp-block-spacer\"><\/div>\n\n\n\n<p class=\"has-text-align-center\"><\/p>\n\n\n\n<div class=\"wp-block-columns is-layout-flex wp-container-core-columns-is-layout-9d6595d7 wp-block-columns-is-layout-flex\">\n<div class=\"wp-block-column is-layout-flow wp-block-column-is-layout-flow\" style=\"flex-basis:33.33%\">\n<figure class=\"wp-block-image size-full\"><a href=\"https:\/\/www.bissantz.de\/\" target=\"_blank\" rel=\"noreferrer noopener\"><img loading=\"lazy\" decoding=\"async\" width=\"1000\" height=\"1000\" src=\"https:\/\/e3mag.com\/wp-content\/uploads\/2024\/09\/Bissantz_logo.jpg\" alt=\"\" class=\"wp-image-145488\" style=\"object-fit:cover\" srcset=\"https:\/\/e3mag.com\/wp-content\/uploads\/2024\/09\/Bissantz_logo.jpg 1000w, https:\/\/e3mag.com\/wp-content\/uploads\/2024\/09\/Bissantz_logo-400x400.jpg 400w, https:\/\/e3mag.com\/wp-content\/uploads\/2024\/09\/Bissantz_logo-150x150.jpg 150w, https:\/\/e3mag.com\/wp-content\/uploads\/2024\/09\/Bissantz_logo-768x768.jpg 768w, https:\/\/e3mag.com\/wp-content\/uploads\/2024\/09\/Bissantz_logo-100x100.jpg 100w, https:\/\/e3mag.com\/wp-content\/uploads\/2024\/09\/Bissantz_logo-480x480.jpg 480w, https:\/\/e3mag.com\/wp-content\/uploads\/2024\/09\/Bissantz_logo-640x640.jpg 640w, https:\/\/e3mag.com\/wp-content\/uploads\/2024\/09\/Bissantz_logo-720x720.jpg 720w, https:\/\/e3mag.com\/wp-content\/uploads\/2024\/09\/Bissantz_logo-960x960.jpg 960w, https:\/\/e3mag.com\/wp-content\/uploads\/2024\/09\/Bissantz_logo-12x12.jpg 12w, https:\/\/e3mag.com\/wp-content\/uploads\/2024\/09\/Bissantz_logo-600x600.jpg 600w, https:\/\/e3mag.com\/wp-content\/uploads\/2024\/09\/Bissantz_logo-24x24.jpg 24w, https:\/\/e3mag.com\/wp-content\/uploads\/2024\/09\/Bissantz_logo-48x48.jpg 48w, https:\/\/e3mag.com\/wp-content\/uploads\/2024\/09\/Bissantz_logo-96x96.jpg 96w, https:\/\/e3mag.com\/wp-content\/uploads\/2024\/09\/Bissantz_logo-300x300.jpg 300w\" sizes=\"auto, (max-width: 1000px) 100vw, 1000px\" \/><\/a><\/figure>\n<\/div>\n\n\n\n<div class=\"wp-block-column is-layout-flow wp-block-column-is-layout-flow\" style=\"flex-basis:66.66%\">\n<h2 class=\"wp-block-heading\"><strong><a href=\"https:\/\/www.bissantz.de\/\" target=\"_blank\" rel=\"noreferrer noopener\">Bissantz<\/a><\/strong><\/h2>\n\n\n\n\n\n\n\n<p><strong>Soluciones ERP de Bissantz para SAP: Business Intelligence con la m\u00e1xima flexibilidad y rapidez<\/strong><\/p>\n\n\n\n<p>Bissantz hace que el an\u00e1lisis de sus datos SAP y no SAP en todos los m\u00f3dulos sea sencillo y eficiente. Con Bissantz ERP Solutions, su almac\u00e9n de datos independiente se crea en el menor tiempo posible y, al mismo tiempo, constituye la base para una planificaci\u00f3n integrada.<\/p>\n\n\n\n<ul class=\"wp-block-list\">\n<li>de SAP al cuadro de mandos acabado en dos d\u00edas<\/li>\n\n\n\n<li>Autorizaciones, seguridad, despliegue<\/li>\n\n\n\n<li>Marco normalizado de inteligencia empresarial<\/li>\n\n\n\n<li>Interfaz normalizada para el an\u00e1lisis, la planificaci\u00f3n y la elaboraci\u00f3n de informes<\/li>\n\n\n\n<li>Posibilidad de ampliaciones personalizadas y acceso directo a SAP<\/li>\n<\/ul>\n\n\n\n<p>Los usuarios confirman: \"Los entornos SAP pueden ser dif\u00edciles de manejar. Era esc\u00e9ptico en cuanto a la posibilidad de configurar algo tan r\u00e1pidamente, pero Bissantz ha cumplido su promesa\".<br>Dra. Ulrike Neubauer, Directora General de zwissTEX<\/p>\n\n\n\n<p><a href=\"https:\/\/www.bissantz.de\/\" target=\"_blank\" rel=\"noreferrer noopener\">www.bissantz.de<\/a><\/p>\n<\/div>\n<\/div>\n\n\n\n<div style=\"height:70px\" aria-hidden=\"true\" class=\"wp-block-spacer\"><\/div>\n\n\n\n<div class=\"wp-block-columns is-layout-flex wp-container-core-columns-is-layout-9d6595d7 wp-block-columns-is-layout-flex\">\n<div class=\"wp-block-column is-layout-flow wp-block-column-is-layout-flow\" style=\"flex-basis:33.33%\">\n<figure class=\"wp-block-image size-full\"><a href=\"https:\/\/www.claranet.com\/de\/\" target=\"_blank\" rel=\"noreferrer noopener\"><img loading=\"lazy\" decoding=\"async\" width=\"815\" height=\"814\" src=\"https:\/\/e3mag.com\/wp-content\/uploads\/2023\/08\/2023_09_claranet_sg.jpg\" alt=\"\" class=\"wp-image-131426\" style=\"object-fit:cover\" srcset=\"https:\/\/e3mag.com\/wp-content\/uploads\/2023\/08\/2023_09_claranet_sg.jpg 815w, https:\/\/e3mag.com\/wp-content\/uploads\/2023\/08\/2023_09_claranet_sg-400x400.jpg 400w, https:\/\/e3mag.com\/wp-content\/uploads\/2023\/08\/2023_09_claranet_sg-150x150.jpg 150w, https:\/\/e3mag.com\/wp-content\/uploads\/2023\/08\/2023_09_claranet_sg-768x767.jpg 768w, https:\/\/e3mag.com\/wp-content\/uploads\/2023\/08\/2023_09_claranet_sg-100x100.jpg 100w, https:\/\/e3mag.com\/wp-content\/uploads\/2023\/08\/2023_09_claranet_sg-480x479.jpg 480w, https:\/\/e3mag.com\/wp-content\/uploads\/2023\/08\/2023_09_claranet_sg-640x639.jpg 640w, https:\/\/e3mag.com\/wp-content\/uploads\/2023\/08\/2023_09_claranet_sg-720x719.jpg 720w, https:\/\/e3mag.com\/wp-content\/uploads\/2023\/08\/2023_09_claranet_sg-12x12.jpg 12w, https:\/\/e3mag.com\/wp-content\/uploads\/2023\/08\/2023_09_claranet_sg-600x600.jpg 600w, https:\/\/e3mag.com\/wp-content\/uploads\/2023\/08\/2023_09_claranet_sg-24x24.jpg 24w, https:\/\/e3mag.com\/wp-content\/uploads\/2023\/08\/2023_09_claranet_sg-48x48.jpg 48w, https:\/\/e3mag.com\/wp-content\/uploads\/2023\/08\/2023_09_claranet_sg-96x96.jpg 96w, https:\/\/e3mag.com\/wp-content\/uploads\/2023\/08\/2023_09_claranet_sg-300x300.jpg 300w\" sizes=\"auto, (max-width: 815px) 100vw, 815px\" \/><\/a><\/figure>\n<\/div>\n\n\n\n<div class=\"wp-block-column is-layout-flow wp-block-column-is-layout-flow\" style=\"flex-basis:66.66%\">\n<h2 class=\"wp-block-heading\"><strong><a href=\"https:\/\/www.claranet.com\/de\/\" target=\"_blank\" rel=\"noreferrer noopener\">Claranet GmbH<\/a><\/strong><\/h2>\n\n\n\n\n\n\n\n<p>Claranet es un proveedor global de servicios tecnol\u00f3gicos con experiencia en las \u00e1reas de nube, ciberseguridad, datos, aplicaciones, SAP y servicios en el lugar de trabajo. Con muchos a\u00f1os de experiencia y asesoramiento independiente y objetivo en el entorno SAP, apoyamos a las empresas en la modernizaci\u00f3n de TI: con soluciones tecnol\u00f3gicas flexibles y escalables, servicio local y fuerza de implementaci\u00f3n global.<\/p>\n\n\n\n<p>Escuche nuestro podcast en directo el primer d\u00eda del congreso (15 de octubre) a las 15.00 horas: \"C\u00f3mo reconocer y defenderse de las amenazas - SAP security in focus: conocimiento experto y medidas de protecci\u00f3n\".<\/p>\n\n\n\n<p>Adem\u00e1s, nuestro equipo de expertos SAP en el stand <strong>C5<\/strong> \u00a1al intercambio personal con usted!<\/p>\n\n\n\n<p><a href=\"https:\/\/www.claranet.com\/de\/\" data-type=\"link\" data-id=\"https:\/\/www.claranet.com\/de\/\" target=\"_blank\" rel=\"noreferrer noopener\">www.claranet.com\/de<\/a><\/p>\n<\/div>\n<\/div>","protected":false},"excerpt":{"rendered":"<p>Dreiklang der Zukunft: Anwender, SAP und Partner als Taktgeber der Transformation vom 15. &#8211; 17. Oktober 2024 Der Jahreskongress 2024 vom 15. bis 17. Oktober 2024 in Leipzig steht unter dem Motto \u201eDreiklang der Zukunft: Anwender, SAP und Partner als Taktgeber der Transformation\u201c. Die digitale Transformation tritt auf der Stelle. Denn laut des aktuellen DSAG-Investitionsreports [&hellip;]<\/p>\n","protected":false},"author":38,"featured_media":144036,"parent":136162,"menu_order":5,"comment_status":"closed","ping_status":"closed","template":"","meta":{"_acf_changed":false,"pmpro_default_level":"","footnotes":""},"coauthors":[19920],"class_list":["post-144035","page","type-page","status-publish","has-post-thumbnail","hentry","pmpro-has-access"],"acf":[],"featured_image_urls_v2":{"full":["https:\/\/e3mag.com\/wp-content\/uploads\/2024\/07\/KV_DSAG_Jahreskongress-2024_1000x450.jpg",1920,865,false],"thumbnail":["https:\/\/e3mag.com\/wp-content\/uploads\/2024\/07\/KV_DSAG_Jahreskongress-2024_1000x450-150x150.jpg",150,150,true],"medium":["https:\/\/e3mag.com\/wp-content\/uploads\/2024\/07\/KV_DSAG_Jahreskongress-2024_1000x450-400x180.jpg",400,180,true],"medium_large":["https:\/\/e3mag.com\/wp-content\/uploads\/2024\/07\/KV_DSAG_Jahreskongress-2024_1000x450-768x346.jpg",768,346,true],"large":["https:\/\/e3mag.com\/wp-content\/uploads\/2024\/07\/KV_DSAG_Jahreskongress-2024_1000x450-1200x540.jpg",1200,540,true],"image-100":["https:\/\/e3mag.com\/wp-content\/uploads\/2024\/07\/KV_DSAG_Jahreskongress-2024_1000x450-100x45.jpg",100,45,true],"image-480":["https:\/\/e3mag.com\/wp-content\/uploads\/2024\/07\/KV_DSAG_Jahreskongress-2024_1000x450-480x216.jpg",480,216,true],"image-640":["https:\/\/e3mag.com\/wp-content\/uploads\/2024\/07\/KV_DSAG_Jahreskongress-2024_1000x450-640x288.jpg",640,288,true],"image-720":["https:\/\/e3mag.com\/wp-content\/uploads\/2024\/07\/KV_DSAG_Jahreskongress-2024_1000x450-720x324.jpg",720,324,true],"image-960":["https:\/\/e3mag.com\/wp-content\/uploads\/2024\/07\/KV_DSAG_Jahreskongress-2024_1000x450-960x432.jpg",960,432,true],"image-1168":["https:\/\/e3mag.com\/wp-content\/uploads\/2024\/07\/KV_DSAG_Jahreskongress-2024_1000x450-1168x526.jpg",1168,526,true],"image-1440":["https:\/\/e3mag.com\/wp-content\/uploads\/2024\/07\/KV_DSAG_Jahreskongress-2024_1000x450-1440x648.jpg",1440,648,true],"image-1920":["https:\/\/e3mag.com\/wp-content\/uploads\/2024\/07\/KV_DSAG_Jahreskongress-2024_1000x450-1920x865.jpg",1920,865,true],"1536x1536":["https:\/\/e3mag.com\/wp-content\/uploads\/2024\/07\/KV_DSAG_Jahreskongress-2024_1000x450-1536x692.jpg",1536,692,true],"2048x2048":["https:\/\/e3mag.com\/wp-content\/uploads\/2024\/07\/KV_DSAG_Jahreskongress-2024_1000x450-2048x922.jpg",1920,864,true],"trp-custom-language-flag":["https:\/\/e3mag.com\/wp-content\/uploads\/2024\/07\/KV_DSAG_Jahreskongress-2024_1000x450-18x8.jpg",18,8,true],"bricks_large_16x9":["https:\/\/e3mag.com\/wp-content\/uploads\/2024\/07\/KV_DSAG_Jahreskongress-2024_1000x450-1200x675.jpg",1200,675,true],"bricks_large":["https:\/\/e3mag.com\/wp-content\/uploads\/2024\/07\/KV_DSAG_Jahreskongress-2024_1000x450-1200x540.jpg",1200,540,true],"bricks_large_square":["https:\/\/e3mag.com\/wp-content\/uploads\/2024\/07\/KV_DSAG_Jahreskongress-2024_1000x450-1200x938.jpg",1200,938,true],"bricks_medium":["https:\/\/e3mag.com\/wp-content\/uploads\/2024\/07\/KV_DSAG_Jahreskongress-2024_1000x450-600x270.jpg",600,270,true],"bricks_medium_square":["https:\/\/e3mag.com\/wp-content\/uploads\/2024\/07\/KV_DSAG_Jahreskongress-2024_1000x450-600x600.jpg",600,600,true],"profile_24":["https:\/\/e3mag.com\/wp-content\/uploads\/2024\/07\/KV_DSAG_Jahreskongress-2024_1000x450-24x24.jpg",24,24,true],"profile_48":["https:\/\/e3mag.com\/wp-content\/uploads\/2024\/07\/KV_DSAG_Jahreskongress-2024_1000x450-48x48.jpg",48,48,true],"profile_96":["https:\/\/e3mag.com\/wp-content\/uploads\/2024\/07\/KV_DSAG_Jahreskongress-2024_1000x450-96x96.jpg",96,96,true],"profile_150":["https:\/\/e3mag.com\/wp-content\/uploads\/2024\/07\/KV_DSAG_Jahreskongress-2024_1000x450-150x150.jpg",150,150,true],"profile_300":["https:\/\/e3mag.com\/wp-content\/uploads\/2024\/07\/KV_DSAG_Jahreskongress-2024_1000x450-300x300.jpg",300,300,true]},"post_excerpt_stackable_v2":"<p>vom 15. &#8211; 17. Oktober 2024 Der Jahreskongress 2024 vom 15. bis 17. Oktober 2024 in Leipzig steht unter dem Motto \u201eDreiklang der Zukunft: Anwender, SAP und Partner als Taktgeber der Transformation\u201c. Die digitale Transformation tritt auf der Stelle. Denn laut des aktuellen DSAG-Investitionsreports ist rund die H\u00e4lfte der Mitglieder noch nicht sehr weit gekommen mit ihren Projekten. Doch die Zeit, um SAP-Innovationen zu nutzen, um Projekte voranzutreiben und erfolgreich abzuschlie\u00dfen, ist jetzt. Die digitale Transformation im Hinblick auf die Cloud und auf die k\u00fcnstliche Intelligenz gilt es, beim DSAG-Jahreskongress zu beleuchten. Mehr als 5.500 Teilnehmende werden zu der Veranstaltung&hellip;<\/p>\n","category_list_v2":"","author_info_v2":{"name":"Revista E-3","url":"https:\/\/e3mag.com\/es\/author\/e-3-magazin\/"},"comments_num_v2":"0 comentarios","_links":{"self":[{"href":"https:\/\/e3mag.com\/es\/wp-json\/wp\/v2\/pages\/144035","targetHints":{"allow":["GET"]}}],"collection":[{"href":"https:\/\/e3mag.com\/es\/wp-json\/wp\/v2\/pages"}],"about":[{"href":"https:\/\/e3mag.com\/es\/wp-json\/wp\/v2\/types\/page"}],"author":[{"embeddable":true,"href":"https:\/\/e3mag.com\/es\/wp-json\/wp\/v2\/users\/38"}],"replies":[{"embeddable":true,"href":"https:\/\/e3mag.com\/es\/wp-json\/wp\/v2\/comments?post=144035"}],"version-history":[{"count":38,"href":"https:\/\/e3mag.com\/es\/wp-json\/wp\/v2\/pages\/144035\/revisions"}],"predecessor-version":[{"id":152703,"href":"https:\/\/e3mag.com\/es\/wp-json\/wp\/v2\/pages\/144035\/revisions\/152703"}],"up":[{"embeddable":true,"href":"https:\/\/e3mag.com\/es\/wp-json\/wp\/v2\/pages\/136162"}],"wp:featuredmedia":[{"embeddable":true,"href":"https:\/\/e3mag.com\/es\/wp-json\/wp\/v2\/media\/144036"}],"wp:attachment":[{"href":"https:\/\/e3mag.com\/es\/wp-json\/wp\/v2\/media?parent=144035"}],"wp:term":[{"taxonomy":"author","embeddable":true,"href":"https:\/\/e3mag.com\/es\/wp-json\/wp\/v2\/coauthors?post=144035"}],"curies":[{"name":"wp","href":"https:\/\/api.w.org\/{rel}","templated":true}]}}