{"id":131403,"date":"2023-08-07T12:07:22","date_gmt":"2023-08-07T10:07:22","guid":{"rendered":"http:\/\/e3mag.com\/?page_id=131403"},"modified":"2024-11-18T10:43:37","modified_gmt":"2024-11-18T09:43:37","slug":"jornadas-tecnologicas-dsag-2","status":"publish","type":"page","link":"https:\/\/e3mag.com\/es\/e3-events\/dsag-technologietage-2\/","title":{"rendered":"Jornadas Tecnol\u00f3gicas del GASD 2023"},"content":{"rendered":"<h2 class=\"wp-block-heading has-text-align-center\">Trabajo en curso<\/h2>\n\n\n\n<p class=\"has-text-align-center\"><span style=\"color: #333333;\" class=\"ugb-highlight\">del 22 al 23 de marzo de 2023<\/span><\/p>\n\n\n\n<p>\"Work in Progress\" es el lema de las Jornadas Tecnol\u00f3gicas 2023 del Grupo de Usuarios SAP de habla alemana e. V. (DSAG), que se celebrar\u00e1n los d\u00edas 22 y 23 de marzo en Mannheim. En SAP hay muchas cosas en movimiento. Hay nuevos productos en el horizonte, otros dejar\u00e1n de mantenerse en un futuro pr\u00f3ximo, hay muchas cosas en marcha, algunas de las cuales llevan demasiado tiempo en proyecto desde el punto de vista del DSAG. Las Jornadas Tecnol\u00f3gicas del DSAG arrojan luz sobre el estado actual de temas importantes y muestran formas de cambiar el estado de \"en curso\" a \"completado\". <a href=\"https:\/\/www.dsag.de\/techtage\" data-type=\"URL\" data-id=\"www.dsag.de\/techtage\" target=\"_blank\" rel=\"noreferrer noopener\">www.dsag.de\/jahreskongress<\/a><\/p>\n\n\n\n<div class=\"wp-block-columns is-layout-flex wp-container-core-columns-is-layout-9d6595d7 wp-block-columns-is-layout-flex\">\n<div class=\"wp-block-column is-layout-flow wp-block-column-is-layout-flow\"><\/div>\n\n\n\n<div class=\"wp-block-column is-layout-flow wp-block-column-is-layout-flow\"><\/div>\n\n\n\n<div class=\"wp-block-column is-layout-flow wp-block-column-is-layout-flow\"><\/div>\n<\/div>\n\n\n\n<h2 class=\"wp-block-heading has-text-align-center\">Expositor<\/h2>\n\n\n\n<div style=\"height:45px\" aria-hidden=\"true\" class=\"wp-block-spacer\"><\/div>\n\n\n\n<div class=\"wp-block-columns is-layout-flex wp-container-core-columns-is-layout-9d6595d7 wp-block-columns-is-layout-flex\">\n<div class=\"wp-block-column is-layout-flow wp-block-column-is-layout-flow\" style=\"flex-basis:33.33%\">\n<figure class=\"wp-block-image size-full\"><img decoding=\"async\" src=\"https:\/\/e3mag.com\/wp-content\/uploads\/2021\/08\/Zetvisions_Hund.png\" alt=\"El modelo se hace realidad\" class=\"wp-image-94987\"\/><figcaption class=\"wp-element-caption\">El modelo se hace realidad<\/figcaption><\/figure>\n<\/div>\n\n\n\n<div class=\"wp-block-column is-layout-flow wp-block-column-is-layout-flow\" style=\"flex-basis:66.66%\">\n<h3 class=\"wp-block-heading\">Basis Technologies<\/h3>\n\n\n\n<p>Si se enfrenta al reto de operar sus entornos ERP o S\/4 existentes de una manera altamente eficiente, r\u00e1pida y \u00e1gil, entonces aprenda m\u00e1s sobre nuestra plataforma de pruebas SAP y DevOps totalmente automatizada para SAP en las Jornadas Tecnol\u00f3gicas DSAG en Mannheim. Descubra c\u00f3mo puede utilizar nuestra tecnolog\u00eda de automatizaci\u00f3n para llevar a cabo su transformaci\u00f3n S\/4HANA sin problemas y aumentar significativamente la capacidad de recuperaci\u00f3n de su empresa.<\/p>\n\n\n\n<p>Nuestra presentaci\u00f3n VP003 del jueves 23\/03\/2013, 09:00 horas, destacar\u00e1 en detalle nuestro nuevo an\u00e1lisis de impacto para el camino sin estr\u00e9s SAP S\/4HANA. Puede utilizarlo para identificar autom\u00e1ticamente los efectos de los cambios en su sistema SAP y crear hechos para una base \u00f3ptima para la toma de decisiones en el contexto de la implementaci\u00f3n y optimizaci\u00f3n de SAP S\/4.<\/p>\n<\/div>\n<\/div>\n\n\n\n<div style=\"height:30px\" aria-hidden=\"true\" class=\"wp-block-spacer\"><\/div>\n\n\n\n<div class=\"wp-block-columns is-layout-flex wp-container-core-columns-is-layout-9d6595d7 wp-block-columns-is-layout-flex\">\n<div class=\"wp-block-column is-layout-flow wp-block-column-is-layout-flow\" style=\"flex-basis:33.33%\">\n<figure class=\"wp-block-image size-full\"><a href=\"https:\/\/www.gtw-mc.com\/\" target=\"_blank\" rel=\"noopener\"><img loading=\"lazy\" decoding=\"async\" width=\"815\" height=\"815\" src=\"https:\/\/e3mag.com\/wp-content\/uploads\/2023\/02\/2023-02_special_guide_gtw.jpg\" alt=\"GTW\" class=\"wp-image-121803\" srcset=\"https:\/\/e3mag.com\/wp-content\/uploads\/2023\/02\/2023-02_special_guide_gtw.jpg 815w, https:\/\/e3mag.com\/wp-content\/uploads\/2023\/02\/2023-02_special_guide_gtw-400x400.jpg 400w, https:\/\/e3mag.com\/wp-content\/uploads\/2023\/02\/2023-02_special_guide_gtw-150x150.jpg 150w, https:\/\/e3mag.com\/wp-content\/uploads\/2023\/02\/2023-02_special_guide_gtw-768x768.jpg 768w, https:\/\/e3mag.com\/wp-content\/uploads\/2023\/02\/2023-02_special_guide_gtw-100x100.jpg 100w, https:\/\/e3mag.com\/wp-content\/uploads\/2023\/02\/2023-02_special_guide_gtw-480x480.jpg 480w, https:\/\/e3mag.com\/wp-content\/uploads\/2023\/02\/2023-02_special_guide_gtw-640x640.jpg 640w, https:\/\/e3mag.com\/wp-content\/uploads\/2023\/02\/2023-02_special_guide_gtw-720x720.jpg 720w, https:\/\/e3mag.com\/wp-content\/uploads\/2023\/02\/2023-02_special_guide_gtw-24x24.jpg 24w, https:\/\/e3mag.com\/wp-content\/uploads\/2023\/02\/2023-02_special_guide_gtw-48x48.jpg 48w, https:\/\/e3mag.com\/wp-content\/uploads\/2023\/02\/2023-02_special_guide_gtw-96x96.jpg 96w, https:\/\/e3mag.com\/wp-content\/uploads\/2023\/02\/2023-02_special_guide_gtw-300x300.jpg 300w\" sizes=\"auto, (max-width: 815px) 100vw, 815px\" \/><\/a><\/figure>\n<\/div>\n\n\n\n<div class=\"wp-block-column is-layout-flow wp-block-column-is-layout-flow\" style=\"flex-basis:66.66%\">\n<h3 class=\"wp-block-heading\">GTW<\/h3>\n\n\n\n<p>\u00bfC\u00f3mo armonizar y digitalizar los complejos procesos de facturaci\u00f3n sin perder la flexibilidad necesaria?<\/p>\n\n\n\n<p>Swiss Post AG ha implantado SAP BRIM como nueva soluci\u00f3n de facturaci\u00f3n de \u00faltima generaci\u00f3n y muestra c\u00f3mo los sistemas cr\u00edticos para la facturaci\u00f3n de servicios f\u00edsicos se han migrado a la nueva soluci\u00f3n de facturaci\u00f3n y, al mismo tiempo, se han ampliado para incluir nuevos servicios digitales e innovadores.<\/p>\n\n\n\n<p>Conferencia de socios: VP007 - Armonizaci\u00f3n de procesos complejos de facturaci\u00f3n con S\/4 HANA BRIM el 23.03.2023 de 09:00 a 09:30 horas.<\/p>\n\n\n\n<p>En los stands de GTW y Swiss Post se ofrecer\u00e1n m\u00e1s detalles sobre los proyectos BRIM de Swiss Post, as\u00ed como informaci\u00f3n general sobre las soluciones SAP BRIM y SAP Subscription Billing.<\/p>\n<\/div>\n<\/div>\n\n\n\n<div style=\"height:30px\" aria-hidden=\"true\" class=\"wp-block-spacer\"><\/div>\n\n\n\n<div class=\"wp-block-columns is-layout-flex wp-container-core-columns-is-layout-9d6595d7 wp-block-columns-is-layout-flex\">\n<div class=\"wp-block-column is-layout-flow wp-block-column-is-layout-flow\" style=\"flex-basis:33.33%\">\n<figure class=\"wp-block-image size-full\"><a href=\"https:\/\/securitybridge.com\/\" target=\"_blank\" rel=\"noopener\"><img loading=\"lazy\" decoding=\"async\" width=\"815\" height=\"815\" src=\"https:\/\/e3mag.com\/wp-content\/uploads\/2023\/02\/special_guide_button_web.jpg\" alt=\"Gu\u00eda especial Puente de seguridad\" class=\"wp-image-121761\" srcset=\"https:\/\/e3mag.com\/wp-content\/uploads\/2023\/02\/special_guide_button_web.jpg 815w, https:\/\/e3mag.com\/wp-content\/uploads\/2023\/02\/special_guide_button_web-400x400.jpg 400w, https:\/\/e3mag.com\/wp-content\/uploads\/2023\/02\/special_guide_button_web-150x150.jpg 150w, https:\/\/e3mag.com\/wp-content\/uploads\/2023\/02\/special_guide_button_web-768x768.jpg 768w, https:\/\/e3mag.com\/wp-content\/uploads\/2023\/02\/special_guide_button_web-100x100.jpg 100w, https:\/\/e3mag.com\/wp-content\/uploads\/2023\/02\/special_guide_button_web-480x480.jpg 480w, https:\/\/e3mag.com\/wp-content\/uploads\/2023\/02\/special_guide_button_web-640x640.jpg 640w, https:\/\/e3mag.com\/wp-content\/uploads\/2023\/02\/special_guide_button_web-720x720.jpg 720w, https:\/\/e3mag.com\/wp-content\/uploads\/2023\/02\/special_guide_button_web-24x24.jpg 24w, https:\/\/e3mag.com\/wp-content\/uploads\/2023\/02\/special_guide_button_web-48x48.jpg 48w, https:\/\/e3mag.com\/wp-content\/uploads\/2023\/02\/special_guide_button_web-96x96.jpg 96w, https:\/\/e3mag.com\/wp-content\/uploads\/2023\/02\/special_guide_button_web-300x300.jpg 300w\" sizes=\"auto, (max-width: 815px) 100vw, 815px\" \/><\/a><\/figure>\n<\/div>\n\n\n\n<div class=\"wp-block-column is-layout-flow wp-block-column-is-layout-flow\" style=\"flex-basis:66.66%\">\n<h3 class=\"wp-block-heading\">SecurityBridge \/\/ NCMI GmbH <\/h3>\n\n\n\n<p>En los DSAG Technology Days 2023, el proveedor de seguridad SecurityBridge presentar\u00e1 los \u00faltimos avances en el campo de la seguridad de SAP. Esto incluye su \u00faltimo desarrollo: una soluci\u00f3n de gesti\u00f3n de parches que identifica autom\u00e1ticamente los parches de seguridad y permite instalarlos con un solo clic del rat\u00f3n. \"One-Click SAP Security Patch Automation\" es una funci\u00f3n de la plataforma de seguridad SAP de SecurityBridge. Permite automatizar los procedimientos de gesti\u00f3n de parches SAP con un solo clic.&nbsp;<\/p>\n\n\n\n<p>SecurityBridge es un fabricante de software con sede en Ingolstadt (Alemania) y varias sedes internacionales. En respuesta a la amenaza cada vez mayor de los ciberataques, la plataforma SecurityBridge del mismo nombre ofrece una soluci\u00f3n de seguridad atractiva y eficaz para los clientes de SAP.&nbsp;<\/p>\n<\/div>\n<\/div>","protected":false},"excerpt":{"rendered":"<p>Work in Progress vom 22. bis 23. M\u00e4rz 2023 \u201eWork in Progress\u201c lautet das Motto der Technologietage 2023 der Deutschsprachigen SAP-Anwendergruppe e. V. (DSAG) am 22. und 23. M\u00e4rz in Mannheim. Es ist derzeit viel im Fluss auf Seiten von SAP. Neue Produkte stehen an, andere laufen in naher Zukunft aus der Wartung, vieles ist [&hellip;]<\/p>\n","protected":false},"author":38,"featured_media":123181,"parent":136162,"menu_order":5,"comment_status":"closed","ping_status":"closed","template":"","meta":{"_acf_changed":false,"pmpro_default_level":"","footnotes":""},"coauthors":[19920],"class_list":["post-131403","page","type-page","status-publish","has-post-thumbnail","hentry","pmpro-has-access"],"acf":[],"featured_image_urls_v2":{"full":["https:\/\/e3mag.com\/wp-content\/uploads\/2023\/04\/work-in-progress-1200x390-1.jpg",1200,390,false],"thumbnail":["https:\/\/e3mag.com\/wp-content\/uploads\/2023\/04\/work-in-progress-1200x390-1-150x150.jpg",150,150,true],"medium":["https:\/\/e3mag.com\/wp-content\/uploads\/2023\/04\/work-in-progress-1200x390-1-400x130.jpg",400,130,true],"medium_large":["https:\/\/e3mag.com\/wp-content\/uploads\/2023\/04\/work-in-progress-1200x390-1-768x250.jpg",768,250,true],"large":["https:\/\/e3mag.com\/wp-content\/uploads\/2023\/04\/work-in-progress-1200x390-1.jpg",1200,390,false],"image-100":["https:\/\/e3mag.com\/wp-content\/uploads\/2023\/04\/work-in-progress-1200x390-1-100x33.jpg",100,33,true],"image-480":["https:\/\/e3mag.com\/wp-content\/uploads\/2023\/04\/work-in-progress-1200x390-1-480x156.jpg",480,156,true],"image-640":["https:\/\/e3mag.com\/wp-content\/uploads\/2023\/04\/work-in-progress-1200x390-1-640x208.jpg",640,208,true],"image-720":["https:\/\/e3mag.com\/wp-content\/uploads\/2023\/04\/work-in-progress-1200x390-1-720x234.jpg",720,234,true],"image-960":["https:\/\/e3mag.com\/wp-content\/uploads\/2023\/04\/work-in-progress-1200x390-1-960x312.jpg",960,312,true],"image-1168":["https:\/\/e3mag.com\/wp-content\/uploads\/2023\/04\/work-in-progress-1200x390-1-1168x380.jpg",1168,380,true],"image-1440":["https:\/\/e3mag.com\/wp-content\/uploads\/2023\/04\/work-in-progress-1200x390-1.jpg",1200,390,false],"image-1920":["https:\/\/e3mag.com\/wp-content\/uploads\/2023\/04\/work-in-progress-1200x390-1.jpg",1200,390,false],"1536x1536":["https:\/\/e3mag.com\/wp-content\/uploads\/2023\/04\/work-in-progress-1200x390-1.jpg",1200,390,false],"2048x2048":["https:\/\/e3mag.com\/wp-content\/uploads\/2023\/04\/work-in-progress-1200x390-1.jpg",1200,390,false],"trp-custom-language-flag":["https:\/\/e3mag.com\/wp-content\/uploads\/2023\/04\/work-in-progress-1200x390-1.jpg",18,6,false],"bricks_large_16x9":["https:\/\/e3mag.com\/wp-content\/uploads\/2023\/04\/work-in-progress-1200x390-1.jpg",1200,390,false],"bricks_large":["https:\/\/e3mag.com\/wp-content\/uploads\/2023\/04\/work-in-progress-1200x390-1.jpg",1200,390,false],"bricks_large_square":["https:\/\/e3mag.com\/wp-content\/uploads\/2023\/04\/work-in-progress-1200x390-1.jpg",1200,390,false],"bricks_medium":["https:\/\/e3mag.com\/wp-content\/uploads\/2023\/04\/work-in-progress-1200x390-1-600x195.jpg",600,195,true],"bricks_medium_square":["https:\/\/e3mag.com\/wp-content\/uploads\/2023\/04\/work-in-progress-1200x390-1-600x390.jpg",600,390,true],"profile_24":["https:\/\/e3mag.com\/wp-content\/uploads\/2023\/04\/work-in-progress-1200x390-1-24x24.jpg",24,24,true],"profile_48":["https:\/\/e3mag.com\/wp-content\/uploads\/2023\/04\/work-in-progress-1200x390-1-48x48.jpg",48,48,true],"profile_96":["https:\/\/e3mag.com\/wp-content\/uploads\/2023\/04\/work-in-progress-1200x390-1-96x96.jpg",96,96,true],"profile_150":["https:\/\/e3mag.com\/wp-content\/uploads\/2023\/04\/work-in-progress-1200x390-1-150x150.jpg",150,150,true],"profile_300":["https:\/\/e3mag.com\/wp-content\/uploads\/2023\/04\/work-in-progress-1200x390-1-300x300.jpg",300,300,true]},"post_excerpt_stackable_v2":"<p>vom 22. bis 23. M\u00e4rz 2023 \u201eWork in Progress\u201c lautet das Motto der Technologietage 2023 der Deutschsprachigen SAP-Anwendergruppe e. V. (DSAG) am 22. und 23. M\u00e4rz in Mannheim. Es ist derzeit viel im Fluss auf Seiten von SAP. Neue Produkte stehen an, andere laufen in naher Zukunft aus der Wartung, vieles ist in Arbeit, einiges davon aus Sicht der DSAG bereits zu lange. Die DSAG-Technologietage beleuchten den aktuellen Stand wichtiger Themen und zeigen Wege auf, um den Status von \u201ein Arbeit\u201c auf \u201eerledigt\u201c umzustellen. www.dsag.de\/jahreskongress Das modell wird realit\u00e4t Wenn Sie vor der Herausforderung stehen, Ihre bestehenden ERP- oder S\/4-Landschaften&hellip;<\/p>\n","category_list_v2":"","author_info_v2":{"name":"Revista E-3","url":"https:\/\/e3mag.com\/es\/author\/e-3-magazin\/"},"comments_num_v2":"0 comentarios","_links":{"self":[{"href":"https:\/\/e3mag.com\/es\/wp-json\/wp\/v2\/pages\/131403","targetHints":{"allow":["GET"]}}],"collection":[{"href":"https:\/\/e3mag.com\/es\/wp-json\/wp\/v2\/pages"}],"about":[{"href":"https:\/\/e3mag.com\/es\/wp-json\/wp\/v2\/types\/page"}],"author":[{"embeddable":true,"href":"https:\/\/e3mag.com\/es\/wp-json\/wp\/v2\/users\/38"}],"replies":[{"embeddable":true,"href":"https:\/\/e3mag.com\/es\/wp-json\/wp\/v2\/comments?post=131403"}],"version-history":[{"count":1,"href":"https:\/\/e3mag.com\/es\/wp-json\/wp\/v2\/pages\/131403\/revisions"}],"predecessor-version":[{"id":131404,"href":"https:\/\/e3mag.com\/es\/wp-json\/wp\/v2\/pages\/131403\/revisions\/131404"}],"up":[{"embeddable":true,"href":"https:\/\/e3mag.com\/es\/wp-json\/wp\/v2\/pages\/136162"}],"wp:featuredmedia":[{"embeddable":true,"href":"https:\/\/e3mag.com\/es\/wp-json\/wp\/v2\/media\/123181"}],"wp:attachment":[{"href":"https:\/\/e3mag.com\/es\/wp-json\/wp\/v2\/media?parent=131403"}],"wp:term":[{"taxonomy":"author","embeddable":true,"href":"https:\/\/e3mag.com\/es\/wp-json\/wp\/v2\/coauthors?post=131403"}],"curies":[{"name":"wp","href":"https:\/\/api.w.org\/{rel}","templated":true}]}}