{"id":130925,"date":"2023-08-08T11:01:13","date_gmt":"2023-08-08T09:01:13","guid":{"rendered":"http:\/\/e3mag.com\/?page_id=130925"},"modified":"2024-11-18T10:43:40","modified_gmt":"2024-11-18T09:43:40","slug":"congreso-anual-de-la-dsag-2023","status":"publish","type":"page","link":"https:\/\/e3mag.com\/es\/eventos-e3\/congreso-anual-de-la-dsag-2023\/","title":{"rendered":"Congreso anual del GASD 2023"},"content":{"rendered":"<h2 class=\"wp-block-heading has-text-align-center\">Maravillosamente cambiante<\/h2>\n\n\n\n<p class=\"has-text-align-center\"><span class=\"ugb-highlight\" style=\"color: #333333;\">del 19 al 21 de septiembre de 2023<\/span><\/p>\n\n\n\n<p>Todo cambia, nada permanece igual. El mundo actual exige flexibilidad. El Grupo de Usuarios de SAP de habla alemana (DSAG), SAP y todo el ecosistema se presentan como correspondientemente mutables. El Congreso Anual 2023 de la DSAG, que se celebrar\u00e1 del 19 al 21 de septiembre en el Centro de Congresos de Bremen, se centrar\u00e1 precisamente en esta mutabilidad. Bajo el lema \"Wonderfully changeable - creating new perspectives together\", el DSAG espera dar la bienvenida a m\u00e1s de 5.000 participantes. El grupo de inter\u00e9s echa un vistazo a trav\u00e9s del caleidoscopio y, junto con los participantes, busca la manera correcta de dominar el cambio digital, tecnol\u00f3gico, ecol\u00f3gico y econ\u00f3mico y de dar forma al cambio con \u00e9xito. <a href=\"https:\/\/www.dsag.de\/jahreskongress\" target=\"_blank\" rel=\"noopener\">www.dsag.de\/jahreskongress<\/a><\/p>\n\n\n\n<div class=\"wp-block-columns is-layout-flex wp-container-core-columns-is-layout-9d6595d7 wp-block-columns-is-layout-flex\">\n<div class=\"wp-block-column is-layout-flow wp-block-column-is-layout-flow\"><\/div>\n\n\n\n<div class=\"wp-block-column is-layout-flow wp-block-column-is-layout-flow\"><\/div>\n\n\n\n<div class=\"wp-block-column is-layout-flow wp-block-column-is-layout-flow\"><\/div>\n<\/div>\n\n\n\n<h2 class=\"wp-block-heading has-text-align-center\">Expositor<\/h2>\n\n\n\n<div style=\"height:45px\" aria-hidden=\"true\" class=\"wp-block-spacer\"><\/div>\n\n\n\n<div class=\"wp-block-columns is-layout-flex wp-container-core-columns-is-layout-9d6595d7 wp-block-columns-is-layout-flex\">\n<div class=\"wp-block-column is-layout-flow wp-block-column-is-layout-flow\" style=\"flex-basis:33.33%\">\n<figure class=\"wp-block-image size-full\"><a href=\"https:\/\/www.claranet.de\" target=\"_blank\" rel=\"noopener\"><img loading=\"lazy\" decoding=\"async\" width=\"815\" height=\"814\" src=\"https:\/\/e3mag.com\/wp-content\/uploads\/2023\/08\/2023_09_claranet_sg.jpg\" alt=\"\" class=\"wp-image-131426\" srcset=\"https:\/\/e3mag.com\/wp-content\/uploads\/2023\/08\/2023_09_claranet_sg.jpg 815w, https:\/\/e3mag.com\/wp-content\/uploads\/2023\/08\/2023_09_claranet_sg-400x400.jpg 400w, https:\/\/e3mag.com\/wp-content\/uploads\/2023\/08\/2023_09_claranet_sg-150x150.jpg 150w, https:\/\/e3mag.com\/wp-content\/uploads\/2023\/08\/2023_09_claranet_sg-768x767.jpg 768w, https:\/\/e3mag.com\/wp-content\/uploads\/2023\/08\/2023_09_claranet_sg-100x100.jpg 100w, https:\/\/e3mag.com\/wp-content\/uploads\/2023\/08\/2023_09_claranet_sg-480x479.jpg 480w, https:\/\/e3mag.com\/wp-content\/uploads\/2023\/08\/2023_09_claranet_sg-640x639.jpg 640w, https:\/\/e3mag.com\/wp-content\/uploads\/2023\/08\/2023_09_claranet_sg-720x719.jpg 720w, https:\/\/e3mag.com\/wp-content\/uploads\/2023\/08\/2023_09_claranet_sg-12x12.jpg 12w, https:\/\/e3mag.com\/wp-content\/uploads\/2023\/08\/2023_09_claranet_sg-600x600.jpg 600w, https:\/\/e3mag.com\/wp-content\/uploads\/2023\/08\/2023_09_claranet_sg-24x24.jpg 24w, https:\/\/e3mag.com\/wp-content\/uploads\/2023\/08\/2023_09_claranet_sg-48x48.jpg 48w, https:\/\/e3mag.com\/wp-content\/uploads\/2023\/08\/2023_09_claranet_sg-96x96.jpg 96w, https:\/\/e3mag.com\/wp-content\/uploads\/2023\/08\/2023_09_claranet_sg-300x300.jpg 300w\" sizes=\"auto, (max-width: 815px) 100vw, 815px\" \/><\/a><\/figure>\n<\/div>\n\n\n\n<div class=\"wp-block-column is-layout-flow wp-block-column-is-layout-flow\" style=\"flex-basis:66.66%\">\n<h3 class=\"wp-block-heading\">Claranet GmbH<\/h3>\n\n\n\n<p>Claranet es un proveedor global de servicios tecnol\u00f3gicos con experiencia en las \u00e1reas de nube, ciberseguridad, datos y aplicaciones como SAP y servicios en el lugar de trabajo. Nuestros servicios en el \u00e1rea SAP son vers\u00e1tiles y abarcan, entre otros, SAP S\/4HANA, SAP on Cloud y SAP Managed Services. Benef\u00edciese de nuestros muchos a\u00f1os de experiencia y de un asesoramiento independiente y objetivo.<\/p>\n\n\n\n<p>Lo que distingue a Claranet es nuestra capacidad para ser lo suficientemente grandes como para prestarle un apoyo integral y lo suficientemente peque\u00f1os como para atenderle de forma individual y personalizada, porque ofrecemos soluciones tecnol\u00f3gicas flexibles y escalables y estamos justo donde nos necesita, a su ritmo, en su regi\u00f3n.<\/p>\n\n\n\n<p>Conozca a nuestro equipo de expertos SAP en el congreso anual del DSAG el <strong>Situaci\u00f3n Q1<\/strong>!<\/p>\n\n\n\n<p><a href=\"https:\/\/www.claranet.de\/\" target=\"_blank\" rel=\"noopener\">www.claranet.de<\/a><\/p>\n<\/div>\n<\/div>\n\n\n\n<div class=\"wp-block-columns is-layout-flex wp-container-core-columns-is-layout-9d6595d7 wp-block-columns-is-layout-flex\">\n<div class=\"wp-block-column is-layout-flow wp-block-column-is-layout-flow\" style=\"flex-basis:33.33%\">\n<figure class=\"wp-block-image size-full\"><a href=\"https:\/\/consult-sk.com\/\" target=\"_blank\" rel=\"noopener\"><img loading=\"lazy\" decoding=\"async\" width=\"815\" height=\"815\" src=\"https:\/\/e3mag.com\/wp-content\/uploads\/2023\/08\/2023_09_consult_sk_sg.jpg\" alt=\"\" class=\"wp-image-131395\" srcset=\"https:\/\/e3mag.com\/wp-content\/uploads\/2023\/08\/2023_09_consult_sk_sg.jpg 815w, https:\/\/e3mag.com\/wp-content\/uploads\/2023\/08\/2023_09_consult_sk_sg-400x400.jpg 400w, https:\/\/e3mag.com\/wp-content\/uploads\/2023\/08\/2023_09_consult_sk_sg-150x150.jpg 150w, https:\/\/e3mag.com\/wp-content\/uploads\/2023\/08\/2023_09_consult_sk_sg-768x768.jpg 768w, https:\/\/e3mag.com\/wp-content\/uploads\/2023\/08\/2023_09_consult_sk_sg-100x100.jpg 100w, https:\/\/e3mag.com\/wp-content\/uploads\/2023\/08\/2023_09_consult_sk_sg-480x480.jpg 480w, https:\/\/e3mag.com\/wp-content\/uploads\/2023\/08\/2023_09_consult_sk_sg-640x640.jpg 640w, https:\/\/e3mag.com\/wp-content\/uploads\/2023\/08\/2023_09_consult_sk_sg-720x720.jpg 720w, https:\/\/e3mag.com\/wp-content\/uploads\/2023\/08\/2023_09_consult_sk_sg-12x12.jpg 12w, https:\/\/e3mag.com\/wp-content\/uploads\/2023\/08\/2023_09_consult_sk_sg-600x600.jpg 600w, https:\/\/e3mag.com\/wp-content\/uploads\/2023\/08\/2023_09_consult_sk_sg-24x24.jpg 24w, https:\/\/e3mag.com\/wp-content\/uploads\/2023\/08\/2023_09_consult_sk_sg-48x48.jpg 48w, https:\/\/e3mag.com\/wp-content\/uploads\/2023\/08\/2023_09_consult_sk_sg-96x96.jpg 96w, https:\/\/e3mag.com\/wp-content\/uploads\/2023\/08\/2023_09_consult_sk_sg-300x300.jpg 300w\" sizes=\"auto, (max-width: 815px) 100vw, 815px\" \/><\/a><\/figure>\n<\/div>\n\n\n\n<div class=\"wp-block-column is-layout-flow wp-block-column-is-layout-flow\" style=\"flex-basis:66.66%\">\n<h3 class=\"wp-block-heading\">Consultar-SK<\/h3>\n\n\n\n<p> Consult-SK GmbH (CSK), con sede en Minden (Westfalia), trabaja desde 2013 como consultora de procesos SAP\u00ae para empresas de renombre de los sectores minorista, industrial, de medios de comunicaci\u00f3n y de gesti\u00f3n de energ\u00eda y residuos de toda Alemania y Europa. Los servicios y la experiencia de la empresa incluyen adaptaciones personalizadas de complementos de SAP\u00ae, la digitalizaci\u00f3n de procesos empresariales en las \u00e1reas de Purchase2Pay\/Order2Cash y el desarrollo de sus propias soluciones de software SAP\u00ae. Fieles al lema \"Processes. Sencillos. Mejor\".<\/p>\n\n\n\n<p>En el Congreso Anual 2023 del DSAG, el CSK estar\u00e1 en el <strong>Stand L1 del pabell\u00f3n 5<\/strong> puede encontrarse. La filial REexpect GmbH, especializada en el m\u00f3dulo RE-FX de SAP\u00ae, tambi\u00e9n facilita informaci\u00f3n sobre el software y los servicios que ofrece.<\/p>\n\n\n\n<p><a href=\"https:\/\/consult-sk.com\/\" target=\"_blank\" rel=\"noopener\">www.consult-sk.com<\/a><\/p>\n<\/div>\n<\/div>\n\n\n\n\n\n\n\n<div class=\"wp-block-columns is-layout-flex wp-container-core-columns-is-layout-9d6595d7 wp-block-columns-is-layout-flex\">\n<div class=\"wp-block-column is-layout-flow wp-block-column-is-layout-flow\" style=\"flex-basis:33.33%\">\n<figure class=\"wp-block-image size-full\"><a href=\"https:\/\/www.esker.de\" target=\"_blank\" rel=\"noopener\"><img loading=\"lazy\" decoding=\"async\" width=\"815\" height=\"815\" src=\"https:\/\/e3mag.com\/wp-content\/uploads\/2023\/07\/2022-10_esker_special_guide_dsag.jpg\" alt=\"\" class=\"wp-image-131063\" srcset=\"https:\/\/e3mag.com\/wp-content\/uploads\/2023\/07\/2022-10_esker_special_guide_dsag.jpg 815w, https:\/\/e3mag.com\/wp-content\/uploads\/2023\/07\/2022-10_esker_special_guide_dsag-400x400.jpg 400w, https:\/\/e3mag.com\/wp-content\/uploads\/2023\/07\/2022-10_esker_special_guide_dsag-150x150.jpg 150w, https:\/\/e3mag.com\/wp-content\/uploads\/2023\/07\/2022-10_esker_special_guide_dsag-768x768.jpg 768w, https:\/\/e3mag.com\/wp-content\/uploads\/2023\/07\/2022-10_esker_special_guide_dsag-100x100.jpg 100w, https:\/\/e3mag.com\/wp-content\/uploads\/2023\/07\/2022-10_esker_special_guide_dsag-480x480.jpg 480w, https:\/\/e3mag.com\/wp-content\/uploads\/2023\/07\/2022-10_esker_special_guide_dsag-640x640.jpg 640w, https:\/\/e3mag.com\/wp-content\/uploads\/2023\/07\/2022-10_esker_special_guide_dsag-720x720.jpg 720w, https:\/\/e3mag.com\/wp-content\/uploads\/2023\/07\/2022-10_esker_special_guide_dsag-12x12.jpg 12w, https:\/\/e3mag.com\/wp-content\/uploads\/2023\/07\/2022-10_esker_special_guide_dsag-600x600.jpg 600w, https:\/\/e3mag.com\/wp-content\/uploads\/2023\/07\/2022-10_esker_special_guide_dsag-24x24.jpg 24w, https:\/\/e3mag.com\/wp-content\/uploads\/2023\/07\/2022-10_esker_special_guide_dsag-48x48.jpg 48w, https:\/\/e3mag.com\/wp-content\/uploads\/2023\/07\/2022-10_esker_special_guide_dsag-96x96.jpg 96w, https:\/\/e3mag.com\/wp-content\/uploads\/2023\/07\/2022-10_esker_special_guide_dsag-300x300.jpg 300w\" sizes=\"auto, (max-width: 815px) 100vw, 815px\" \/><\/a><\/figure>\n<\/div>\n\n\n\n<div class=\"wp-block-column is-layout-flow wp-block-column-is-layout-flow\" style=\"flex-basis:66.66%\">\n<h3 class=\"wp-block-heading\">Esker Software Entwicklungs- und Vertriebs-GmbH<\/h3>\n\n\n\n<p>Esker proporciona una plataforma global en la nube para automatizar los procesos documentales y apoyar a los departamentos de finanzas, compras y atenci\u00f3n al cliente en la transformaci\u00f3n digital en las \u00e1reas de order-to-cash (O2C) y source-to-pay (S2P). Las soluciones de Esker se despliegan globalmente e incorporan tecnolog\u00edas como la inteligencia artificial (IA) para aumentar la productividad y la transparencia en toda la empresa.<\/p>\n\n\n\n<p>Al mismo tiempo, esto refuerza la cooperaci\u00f3n entre clientes, proveedores y empleados. Esker tiene filiales en Norteam\u00e9rica y Latinoam\u00e9rica, Europa y Asia-Pac\u00edfico, y centros alemanes en Feldkirchen\/M\u00fanich y Ratingen. La empresa, que cotiza en bolsa en Francia, gener\u00f3 unas ventas de 159,3 millones de euros en 2022, dos tercios de las cuales se realizaron fuera de Francia. <\/p>\n\n\n\n<p><strong>Stand P6<\/strong><\/p>\n\n\n\n<p><a href=\"https:\/\/www.esker.de\" target=\"_blank\" rel=\"noreferrer noopener\">www.esker.de<\/a><\/p>\n<\/div>\n<\/div>\n\n\n\n<div class=\"wp-block-columns is-layout-flex wp-container-core-columns-is-layout-9d6595d7 wp-block-columns-is-layout-flex\">\n<div class=\"wp-block-column is-layout-flow wp-block-column-is-layout-flow\" style=\"flex-basis:33.33%\">\n<figure class=\"wp-block-image size-full\"><a href=\"https:\/\/ifm-business-solutions.com\" target=\"_blank\" rel=\"noopener\"><img loading=\"lazy\" decoding=\"async\" width=\"815\" height=\"815\" src=\"https:\/\/e3mag.com\/wp-content\/uploads\/2023\/08\/2023_09_ifm_sg.jpg\" alt=\"\" class=\"wp-image-131516\" srcset=\"https:\/\/e3mag.com\/wp-content\/uploads\/2023\/08\/2023_09_ifm_sg.jpg 815w, https:\/\/e3mag.com\/wp-content\/uploads\/2023\/08\/2023_09_ifm_sg-400x400.jpg 400w, https:\/\/e3mag.com\/wp-content\/uploads\/2023\/08\/2023_09_ifm_sg-150x150.jpg 150w, https:\/\/e3mag.com\/wp-content\/uploads\/2023\/08\/2023_09_ifm_sg-768x768.jpg 768w, https:\/\/e3mag.com\/wp-content\/uploads\/2023\/08\/2023_09_ifm_sg-100x100.jpg 100w, https:\/\/e3mag.com\/wp-content\/uploads\/2023\/08\/2023_09_ifm_sg-480x480.jpg 480w, https:\/\/e3mag.com\/wp-content\/uploads\/2023\/08\/2023_09_ifm_sg-640x640.jpg 640w, https:\/\/e3mag.com\/wp-content\/uploads\/2023\/08\/2023_09_ifm_sg-720x720.jpg 720w, https:\/\/e3mag.com\/wp-content\/uploads\/2023\/08\/2023_09_ifm_sg-12x12.jpg 12w, https:\/\/e3mag.com\/wp-content\/uploads\/2023\/08\/2023_09_ifm_sg-600x600.jpg 600w, https:\/\/e3mag.com\/wp-content\/uploads\/2023\/08\/2023_09_ifm_sg-24x24.jpg 24w, https:\/\/e3mag.com\/wp-content\/uploads\/2023\/08\/2023_09_ifm_sg-48x48.jpg 48w, https:\/\/e3mag.com\/wp-content\/uploads\/2023\/08\/2023_09_ifm_sg-96x96.jpg 96w, https:\/\/e3mag.com\/wp-content\/uploads\/2023\/08\/2023_09_ifm_sg-300x300.jpg 300w\" sizes=\"auto, (max-width: 815px) 100vw, 815px\" \/><\/a><\/figure>\n<\/div>\n\n\n\n<div class=\"wp-block-column is-layout-flow wp-block-column-is-layout-flow\" style=\"flex-basis:66.66%\">\n<h3 class=\"wp-block-heading\">Eficacia y transparencia en la cadena de suministro con ifm<\/h3>\n\n\n\n<p>Como Silver Partner autorizado de SAP, llevamos m\u00e1s de 30 a\u00f1os ofreciendo sofisticadas soluciones de software que apoyan la optimizaci\u00f3n hol\u00edstica de la cadena de suministro, desde la planificaci\u00f3n de ventas y producci\u00f3n hasta la gesti\u00f3n de adquisiciones e inventarios. Nuestras soluciones totalmente integradas en SAP funcionan con SAP ECC 6.0 y SAP S\/4HANA y est\u00e1n disponibles tanto en las instalaciones como en la nube.<\/p>\n\n\n\n<p>M\u00e1s de 900 clientes de todo el mundo conf\u00edan ya en nuestras herramientas, que permiten una comunicaci\u00f3n continua desde el nivel de producci\u00f3n hasta SAP ERP, y se benefician as\u00ed de forma sostenible de la mejora de los inventarios y de una mayor disponibilidad de entrega. \u00danase a nosotros en nuestra misi\u00f3n de hacer manejables los complejos procesos de la cadena de suministro. <\/p>\n\n\n\n<p><a href=\"https:\/\/ifm-business-solutions.com\" target=\"_blank\" rel=\"noopener\">www.ifm-business-solutions.com<\/a><\/p>\n<\/div>\n<\/div>","protected":false},"excerpt":{"rendered":"<p>Wunderbar wandelbar vom 19. bis 21. September 2023 Alles ver\u00e4ndert sich, nichts bleibt, wie es ist. Die heutige Zeit setzt Flexibilit\u00e4t voraus. Entsprechend wandelbar pr\u00e4sentieren sich die Deutschsprachige SAP-Anwendergruppe e. V. (DSAG), SAP und das gesamte \u00d6kosystem. Genau diese Wandlungsf\u00e4higkeit r\u00fcckt auch der DSAG-Jahreskongress 2023 vom 19. bis 21. September im Congress Center Bremen in [&hellip;]<\/p>\n","protected":false},"author":38,"featured_media":131397,"parent":136162,"menu_order":7,"comment_status":"closed","ping_status":"closed","template":"","meta":{"_acf_changed":false,"pmpro_default_level":"","footnotes":""},"coauthors":[19920],"class_list":["post-130925","page","type-page","status-publish","has-post-thumbnail","hentry","pmpro-has-access"],"acf":[],"featured_image_urls_v2":{"full":["https:\/\/e3mag.com\/wp-content\/uploads\/2023\/08\/2023_08_08_Titelbild_DSAG_JK23-V2.jpg",1200,390,false],"thumbnail":["https:\/\/e3mag.com\/wp-content\/uploads\/2023\/08\/2023_08_08_Titelbild_DSAG_JK23-V2-150x150.jpg",150,150,true],"medium":["https:\/\/e3mag.com\/wp-content\/uploads\/2023\/08\/2023_08_08_Titelbild_DSAG_JK23-V2-400x130.jpg",400,130,true],"medium_large":["https:\/\/e3mag.com\/wp-content\/uploads\/2023\/08\/2023_08_08_Titelbild_DSAG_JK23-V2-768x250.jpg",768,250,true],"large":["https:\/\/e3mag.com\/wp-content\/uploads\/2023\/08\/2023_08_08_Titelbild_DSAG_JK23-V2.jpg",1200,390,false],"image-100":["https:\/\/e3mag.com\/wp-content\/uploads\/2023\/08\/2023_08_08_Titelbild_DSAG_JK23-V2-100x33.jpg",100,33,true],"image-480":["https:\/\/e3mag.com\/wp-content\/uploads\/2023\/08\/2023_08_08_Titelbild_DSAG_JK23-V2-480x156.jpg",480,156,true],"image-640":["https:\/\/e3mag.com\/wp-content\/uploads\/2023\/08\/2023_08_08_Titelbild_DSAG_JK23-V2-640x208.jpg",640,208,true],"image-720":["https:\/\/e3mag.com\/wp-content\/uploads\/2023\/08\/2023_08_08_Titelbild_DSAG_JK23-V2-720x234.jpg",720,234,true],"image-960":["https:\/\/e3mag.com\/wp-content\/uploads\/2023\/08\/2023_08_08_Titelbild_DSAG_JK23-V2-960x312.jpg",960,312,true],"image-1168":["https:\/\/e3mag.com\/wp-content\/uploads\/2023\/08\/2023_08_08_Titelbild_DSAG_JK23-V2-1168x380.jpg",1168,380,true],"image-1440":["https:\/\/e3mag.com\/wp-content\/uploads\/2023\/08\/2023_08_08_Titelbild_DSAG_JK23-V2.jpg",1200,390,false],"image-1920":["https:\/\/e3mag.com\/wp-content\/uploads\/2023\/08\/2023_08_08_Titelbild_DSAG_JK23-V2.jpg",1200,390,false],"1536x1536":["https:\/\/e3mag.com\/wp-content\/uploads\/2023\/08\/2023_08_08_Titelbild_DSAG_JK23-V2.jpg",1200,390,false],"2048x2048":["https:\/\/e3mag.com\/wp-content\/uploads\/2023\/08\/2023_08_08_Titelbild_DSAG_JK23-V2.jpg",1200,390,false],"trp-custom-language-flag":["https:\/\/e3mag.com\/wp-content\/uploads\/2023\/08\/2023_08_08_Titelbild_DSAG_JK23-V2-18x6.jpg",18,6,true],"bricks_large_16x9":["https:\/\/e3mag.com\/wp-content\/uploads\/2023\/08\/2023_08_08_Titelbild_DSAG_JK23-V2.jpg",1200,390,false],"bricks_large":["https:\/\/e3mag.com\/wp-content\/uploads\/2023\/08\/2023_08_08_Titelbild_DSAG_JK23-V2.jpg",1200,390,false],"bricks_large_square":["https:\/\/e3mag.com\/wp-content\/uploads\/2023\/08\/2023_08_08_Titelbild_DSAG_JK23-V2.jpg",1200,390,false],"bricks_medium":["https:\/\/e3mag.com\/wp-content\/uploads\/2023\/08\/2023_08_08_Titelbild_DSAG_JK23-V2-600x195.jpg",600,195,true],"bricks_medium_square":["https:\/\/e3mag.com\/wp-content\/uploads\/2023\/08\/2023_08_08_Titelbild_DSAG_JK23-V2-600x390.jpg",600,390,true],"profile_24":["https:\/\/e3mag.com\/wp-content\/uploads\/2023\/08\/2023_08_08_Titelbild_DSAG_JK23-V2-24x24.jpg",24,24,true],"profile_48":["https:\/\/e3mag.com\/wp-content\/uploads\/2023\/08\/2023_08_08_Titelbild_DSAG_JK23-V2-48x48.jpg",48,48,true],"profile_96":["https:\/\/e3mag.com\/wp-content\/uploads\/2023\/08\/2023_08_08_Titelbild_DSAG_JK23-V2-96x96.jpg",96,96,true],"profile_150":["https:\/\/e3mag.com\/wp-content\/uploads\/2023\/08\/2023_08_08_Titelbild_DSAG_JK23-V2-150x150.jpg",150,150,true],"profile_300":["https:\/\/e3mag.com\/wp-content\/uploads\/2023\/08\/2023_08_08_Titelbild_DSAG_JK23-V2-300x300.jpg",300,300,true]},"post_excerpt_stackable_v2":"<p>vom 19. bis 21. September 2023 Alles ver\u00e4ndert sich, nichts bleibt, wie es ist. Die heutige Zeit setzt Flexibilit\u00e4t voraus. Entsprechend wandelbar pr\u00e4sentieren sich die Deutschsprachige SAP-Anwendergruppe e. V. (DSAG), SAP und das gesamte \u00d6kosystem. Genau diese Wandlungsf\u00e4higkeit r\u00fcckt auch der DSAG-Jahreskongress 2023 vom 19. bis 21. September im Congress Center Bremen in den Fokus. Unter dem Motto \u201eWunderbar wandelbar \u2013 Gemeinsam neue Perspektiven schaffen\u201c freut sich die DSAG darauf, mehr als 5.000 Teilnehmende zu begr\u00fc\u00dfen. Die Interessenvertretung wirft den Blick durch das Kaleidoskop und macht sich mit den Teilnehmenden auf die Suche nach dem richtigen Dreh, um den digitalen,&hellip;<\/p>\n","category_list_v2":"","author_info_v2":{"name":"Revista E-3","url":"https:\/\/e3mag.com\/es\/author\/e-3-magazin\/"},"comments_num_v2":"0 comentarios","_links":{"self":[{"href":"https:\/\/e3mag.com\/es\/wp-json\/wp\/v2\/pages\/130925","targetHints":{"allow":["GET"]}}],"collection":[{"href":"https:\/\/e3mag.com\/es\/wp-json\/wp\/v2\/pages"}],"about":[{"href":"https:\/\/e3mag.com\/es\/wp-json\/wp\/v2\/types\/page"}],"author":[{"embeddable":true,"href":"https:\/\/e3mag.com\/es\/wp-json\/wp\/v2\/users\/38"}],"replies":[{"embeddable":true,"href":"https:\/\/e3mag.com\/es\/wp-json\/wp\/v2\/comments?post=130925"}],"version-history":[{"count":13,"href":"https:\/\/e3mag.com\/es\/wp-json\/wp\/v2\/pages\/130925\/revisions"}],"predecessor-version":[{"id":131548,"href":"https:\/\/e3mag.com\/es\/wp-json\/wp\/v2\/pages\/130925\/revisions\/131548"}],"up":[{"embeddable":true,"href":"https:\/\/e3mag.com\/es\/wp-json\/wp\/v2\/pages\/136162"}],"wp:featuredmedia":[{"embeddable":true,"href":"https:\/\/e3mag.com\/es\/wp-json\/wp\/v2\/media\/131397"}],"wp:attachment":[{"href":"https:\/\/e3mag.com\/es\/wp-json\/wp\/v2\/media?parent=130925"}],"wp:term":[{"taxonomy":"author","embeddable":true,"href":"https:\/\/e3mag.com\/es\/wp-json\/wp\/v2\/coauthors?post=130925"}],"curies":[{"name":"wp","href":"https:\/\/api.w.org\/{rel}","templated":true}]}}