{"id":64498,"date":"2020-01-24T10:23:04","date_gmt":"2020-01-24T09:23:04","guid":{"rendered":"http:\/\/e3mag.com\/?page_id=64498"},"modified":"2025-12-18T14:50:37","modified_gmt":"2025-12-18T13:50:37","slug":"subscription","status":"publish","type":"page","link":"https:\/\/e3mag.com\/en\/subscription\/","title":{"rendered":"Subscription"},"content":{"rendered":"<div class=\"aligncenter wp-block-ugb-container ugb-container ugb-container--width-small ugb-5fc180e ugb-container--v2 ugb-container--design-basic ugb-main-block\"><style>.ugb-5fc180e-wrapper.ugb-container__wrapper{border-radius:13px !important;padding-top:0 !important;padding-bottom:0 !important;background-color:rgba(255,255,255,0.1) !important}.ugb-5fc180e-wrapper > .ugb-container__side{padding-top:35px !important;padding-bottom:35px !important;align-items:flex-start !important}.ugb-5fc180e-wrapper.ugb-container__wrapper:before{background-color:#ffffff !important}.ugb-5fc180e h1,.ugb-5fc180e h2,.ugb-5fc180e h3,.ugb-5fc180e h4,.ugb-5fc180e h5,.ugb-5fc180e h6{color:#000000}.ugb-5fc180e p,.ugb-5fc180e li,.ugb-5fc180e label,.ugb-5fc180e table{color:#056507}.ugb-5fc180e-content-wrapper > h1,.ugb-5fc180e-content-wrapper > h2,.ugb-5fc180e-content-wrapper > h3,.ugb-5fc180e-content-wrapper > h4,.ugb-5fc180e-content-wrapper > h5,.ugb-5fc180e-content-wrapper > h6{color:#000000}.ugb-5fc180e-content-wrapper > p,.ugb-5fc180e-content-wrapper > ol li,.ugb-5fc180e-content-wrapper > ul li{color:#056507}.ugb-5fc180e .ugb-inner-block{text-align:center}@media screen and (min-width:768px){.ugb-5fc180e-content-wrapper.ugb-container__content-wrapper{width:100% !important}}<\/style><div class=\"ugb-inner-block\"><div class=\"ugb-block-content\"><div class=\"ugb-container__wrapper ugb-5fc180e-wrapper ugb--shadow-4\"><div class=\"ugb-container__side\"><div class=\"ugb-container__content-wrapper ugb-5fc180e-content-wrapper\">\n<h3 class=\"wp-block-heading has-text-align-left\">Subscribers read at a flat rate<\/h3>\n\n\n\n<p class=\"has-text-align-left\">Print, ePaper (Web-PDF), tablet and smartphone (iOS and Android), optionally the print edition can be omitted.<\/p>\n\n\n\n<p class=\"has-text-align-left\">After registering, you will receive an e-mail with your access data for ePaper (web PDF)\/tablet\/smartphone use before the next issue. <\/p>\n\n\n\n<p class=\"has-text-align-left\">The online edition is already 5 days <strong>from<\/strong> the publication date of the print edition. <strong>Publication frequency:<\/strong> 10 x per year (double issues: July\/August, December\/January)<\/p>\n<\/div><\/div><\/div><\/div><\/div><\/div>\n\n\n\n<div class=\"wp-block-stackable-button-group stk-block-button-group stk-block stk-3f28920\" data-block-id=\"3f28920\"><div class=\"stk-row stk-inner-blocks stk-block-content stk-button-group\">\n<div class=\"wp-block-stackable-button stk-block-button stk-block stk-b245a2d\" data-block-id=\"b245a2d\"><a class=\"stk-link stk-button stk--hover-effect-darken\" href=\"https:\/\/e3mag.com\/abo\/regular\/\" target=\"_blank\" rel=\"noreferrer noopener\"><span class=\"stk-button__inner-text\">Register now for an E3 subscription<\/span><\/a><\/div>\n<\/div><\/div>\n\n\n\n<div class=\"aligncenter wp-block-ugb-cta ugb-cta aboblock ugb-65c0d5c ugb-cta ugb-cta--v2 ugb-main-block\"><style>.ugb-65c0d5c .ugb-cta__title,.ugb-65c0d5c .ugb-cta__description,.ugb-65c0d5c .ugb-button-container{text-align:left !important}.ugb-65c0d5c .ugb-cta__title{font-size:30px !important;color:#68a823}.ugb-65c0d5c .ugb-button{background-color:#68a823}.ugb-65c0d5c .ugb-button .ugb-button--inner,.ugb-65c0d5c .ugb-button svg:not(.ugb-custom-icon){color:#ffffff !important}.ugb-65c0d5c .ugb-inner-block{text-align:left}@media screen and (max-width:768px){.ugb-65c0d5c .ugb-cta__title{font-size:25px !important}}<\/style><div class=\"ugb-inner-block\"><div class=\"ugb-block-content\"><div class=\"ugb-cta__item\"><h3 class=\"ugb-cta__title\">E3 Partner Subscription<\/h3><p class=\"ugb-cta__description\">If your company is represented in the Partner Directory, you will receive the E3 Magazine for all media channels during the term of the agreement <strong>free of charge.<\/strong> <\/p><div class=\"ugb-button-container\"><a class=\"ugb-button ugb-button--size-normal\" href=\"https:\/\/e3mag.com\/abo\/sap-anbieter-partner-abo\/\" rel=\"\" title=\"\"><span class=\"ugb-button--inner\">Register here.<\/span><\/a><\/div><\/div><\/div><\/div><\/div>\n\n\n\n<div class=\"aligncenter wp-block-ugb-cta ugb-cta aboblock ugb-2e5dc14 ugb-cta ugb-cta--v2 ugb-main-block\"><style>.ugb-2e5dc14 .ugb-cta__title,.ugb-2e5dc14 .ugb-cta__description,.ugb-2e5dc14 .ugb-button-container{text-align:left !important}.ugb-2e5dc14 .ugb-cta__title{font-size:30px !important;color:#68a823}.ugb-2e5dc14 .ugb-button{background-color:#68a823}.ugb-2e5dc14 .ugb-button .ugb-button--inner,.ugb-2e5dc14 .ugb-button svg:not(.ugb-custom-icon){color:#ffffff !important}.ugb-2e5dc14 .ugb-inner-block{text-align:left}@media screen and (max-width:768px){.ugb-2e5dc14 .ugb-cta__title{font-size:25px !important}}<\/style><div class=\"ugb-inner-block\"><div class=\"ugb-block-content\"><div class=\"ugb-cta__item\"><h3 class=\"ugb-cta__title\">University and technical school subscription<\/h3><p class=\"ugb-cta__description\">10 issues for all media channels <strong>free of charge<\/strong> upon presentation of proof of authorization. <br>Proof to be sent by post to B4BMedia.net AG, M\u00fcnchener Str. 8, 83395 Freilassing, Germany, by e-mail as PDF to <a href=\"mailto:office@B4Bmedia.net\">office@B4Bmedia.net<\/a>.<\/p><div class=\"ugb-button-container\"><a class=\"ugb-button ugb-button--size-normal\" href=\"https:\/\/e3mag.com\/abo\/uni-fh-abo\/\" rel=\"\" title=\"\"><span class=\"ugb-button--inner\">Register here.<\/span><\/a><\/div><\/div><\/div><\/div><\/div>\n\n\n\n<div class=\"wp-block-group\"><div class=\"wp-block-group__inner-container is-layout-flow wp-block-group-is-layout-flow\">\n<div class=\"wp-block-columns is-layout-flex wp-container-core-columns-is-layout-9d6595d7 wp-block-columns-is-layout-flex\">\n<div class=\"wp-block-column is-layout-flow wp-block-column-is-layout-flow\" style=\"flex-basis:100%\">\n<div class=\"aligncenter wp-block-ugb-cta ugb-cta aboblock ugb-3ca3625 ugb-cta ugb-cta--v2 ugb-main-block\"><style>.ugb-3ca3625 .ugb-cta__title,.ugb-3ca3625 .ugb-cta__description,.ugb-3ca3625 .ugb-button-container{text-align:left !important}.ugb-3ca3625 .ugb-cta__title{font-size:30px !important;color:#68a823}.ugb-3ca3625 .ugb-button{background-color:#68a823}.ugb-3ca3625 .ugb-button .ugb-button--inner,.ugb-3ca3625 .ugb-button svg:not(.ugb-custom-icon){color:#ffffff !important}.ugb-3ca3625 .ugb-inner-block{text-align:left}@media screen and (max-width:768px){.ugb-3ca3625 .ugb-cta__title{font-size:25px !important}}<\/style><div class=\"ugb-inner-block\"><div class=\"ugb-block-content\"><div class=\"ugb-cta__item\"><h3 class=\"ugb-cta__title\">Free briefing<\/h3><p class=\"ugb-cta__description\">Exclusively PR agencies with a connection to SAP.<br><\/p><div class=\"ugb-button-container\"><a class=\"ugb-button ugb-button--size-normal\" href=\"https:\/\/e3mag.com\/abo\/freieinweisung-fuer-das-e-3-magazin\" rel=\"\" title=\"\"><span class=\"ugb-button--inner\">Register here.<\/span><\/a><\/div><\/div><\/div><\/div><\/div>\n<\/div>\n<\/div>\n<\/div><\/div>\n\n\n\n<div class=\"aligncenter wp-block-ugb-cta ugb-cta aboblockstorno ugb-8210487 ugb-cta ugb-cta--v2 ugb-main-block\"><style>.ugb-8210487 .ugb-cta__title,.ugb-8210487 .ugb-cta__description,.ugb-8210487 .ugb-button-container{text-align:left !important}.ugb-8210487 .ugb-cta__title{font-size:30px !important;color:#eb4646}.ugb-8210487 .ugb-button{background-color:#eb4646}.ugb-8210487 .ugb-button .ugb-button--inner,.ugb-8210487 .ugb-button svg:not(.ugb-custom-icon){color:#ffffff !important}.ugb-8210487 .ugb-inner-block{text-align:left}@media screen and (max-width:768px){.ugb-8210487 .ugb-cta__title{font-size:25px !important}}<\/style><div class=\"ugb-inner-block\"><div class=\"ugb-block-content\"><div class=\"ugb-cta__item\"><h3 class=\"ugb-cta__title\">Cancel<\/h3><p class=\"ugb-cta__description\">You would like to cancel your subscription? We offer you the possibility to do so here.<\/p><div class=\"ugb-button-container\"><a class=\"ugb-button ugb-button--size-normal\" href=\"https:\/\/e3mag.com\/abo\/abo-storno\/\" rel=\"\" title=\"\"><span class=\"ugb-button--inner\">Logout<\/span><\/a><\/div><\/div><\/div><\/div><\/div>\n\n\n\n<p><strong>Terms and conditions of the subscription:<\/strong><\/p>\n\n\n\n<div class=\"wp-block-ugb-button ugb-button-wrapper ugb-7bd12e0 ugb-main-block\"><style>.ugb-7bd12e0 .ugb-block-content{justify-content:flex-start !important}.ugb-7bd12e0 .ugb-button1{background-color:#68a823}.ugb-7bd12e0 .ugb-button1 .ugb-button--inner,.ugb-7bd12e0 .ugb-button1 svg:not(.ugb-custom-icon){color:#ffffff !important}.ugb-7bd12e0 .ugb-inner-block{text-align:left}<\/style><div class=\"ugb-inner-block\"><div class=\"ugb-block-content\"><div class=\"ugb-button-container\"><a class=\"ugb-button1 ugb-button ugb-button--size-normal\" href=\"https:\/\/e3mag.com\/wp-content\/uploads\/2023\/10\/Abonnement_AGBs_2023_09_26-2-.pdf\" target=\"_blank\" rel=\"noopener noreferrer\" title=\"\"><span class=\"ugb-button--inner\">Subscription - GTC as of 1.2.2018<\/span><\/a><\/div><\/div><\/div><\/div>\n\n\n\n<p><em>All offers are valid until revoked by the publisher B4Bmedia.net AG \/ E3 Magazin. All listed subscription prices include the statutory value added tax. The general terms and conditions of B4Bmedia.net AG for E3 subscriptions apply.<\/em><\/p>","protected":false},"excerpt":{"rendered":"<p>Abonnenten lesen zum Flatrate-Preis Print, ePaper (Web-PDF), Tablet sowie Smartphone (iOS and Android), optional kann auf die Print- Ausgabe verzichtet werden. Nach der Anmeldung erhalten Sie f\u00fcr die ePaper (Web-PDF)\/Tablet-\/Smartphone-Nutzung eine Mail mit Ihren Zugangsdaten vor der n\u00e4chstfolgenden Ausgabe. Die Online-Ausgabe ist bereits 5 Tage vor dem Erscheinungstermin der Print-Ausgabe abrufbar. Erscheinungsweise: 10 x pro [&hellip;]<\/p>\n","protected":false},"author":5,"featured_media":51816,"parent":0,"menu_order":58,"comment_status":"closed","ping_status":"closed","template":"","meta":{"_acf_changed":false,"pmpro_default_level":"","footnotes":""},"coauthors":[38854],"class_list":["post-64498","page","type-page","status-publish","has-post-thumbnail","hentry","pmpro-has-access"],"acf":[],"featured_image_urls_v2":{"full":["https:\/\/e3mag.com\/wp-content\/uploads\/2018\/07\/table.jpg",1287,471,false],"thumbnail":["https:\/\/e3mag.com\/wp-content\/uploads\/2018\/07\/table-150x150.jpg",150,150,true],"medium":["https:\/\/e3mag.com\/wp-content\/uploads\/2018\/07\/table-400x146.jpg",400,146,true],"medium_large":["https:\/\/e3mag.com\/wp-content\/uploads\/2018\/07\/table-768x281.jpg",768,281,true],"large":["https:\/\/e3mag.com\/wp-content\/uploads\/2018\/07\/table-1200x439.jpg",1200,439,true],"image-100":["https:\/\/e3mag.com\/wp-content\/uploads\/2018\/07\/table-100x37.jpg",100,37,true],"image-480":["https:\/\/e3mag.com\/wp-content\/uploads\/2018\/07\/table-480x176.jpg",480,176,true],"image-640":["https:\/\/e3mag.com\/wp-content\/uploads\/2018\/07\/table-640x234.jpg",640,234,true],"image-720":["https:\/\/e3mag.com\/wp-content\/uploads\/2018\/07\/table-720x263.jpg",720,263,true],"image-960":["https:\/\/e3mag.com\/wp-content\/uploads\/2018\/07\/table-960x351.jpg",960,351,true],"image-1168":["https:\/\/e3mag.com\/wp-content\/uploads\/2018\/07\/table-1168x427.jpg",1168,427,true],"image-1440":["https:\/\/e3mag.com\/wp-content\/uploads\/2018\/07\/table.jpg",1287,471,false],"image-1920":["https:\/\/e3mag.com\/wp-content\/uploads\/2018\/07\/table.jpg",1287,471,false],"1536x1536":["https:\/\/e3mag.com\/wp-content\/uploads\/2018\/07\/table.jpg",1287,471,false],"2048x2048":["https:\/\/e3mag.com\/wp-content\/uploads\/2018\/07\/table.jpg",1287,471,false],"trp-custom-language-flag":["https:\/\/e3mag.com\/wp-content\/uploads\/2018\/07\/table.jpg",18,7,false],"bricks_large_16x9":["https:\/\/e3mag.com\/wp-content\/uploads\/2018\/07\/table.jpg",1200,439,false],"bricks_large":["https:\/\/e3mag.com\/wp-content\/uploads\/2018\/07\/table.jpg",1200,439,false],"bricks_large_square":["https:\/\/e3mag.com\/wp-content\/uploads\/2018\/07\/table.jpg",1200,439,false],"bricks_medium":["https:\/\/e3mag.com\/wp-content\/uploads\/2018\/07\/table.jpg",600,220,false],"bricks_medium_square":["https:\/\/e3mag.com\/wp-content\/uploads\/2018\/07\/table.jpg",600,220,false],"profile_24":["https:\/\/e3mag.com\/wp-content\/uploads\/2018\/07\/table-24x24.jpg",24,24,true],"profile_48":["https:\/\/e3mag.com\/wp-content\/uploads\/2018\/07\/table-48x48.jpg",48,48,true],"profile_96":["https:\/\/e3mag.com\/wp-content\/uploads\/2018\/07\/table-96x96.jpg",96,96,true],"profile_150":["https:\/\/e3mag.com\/wp-content\/uploads\/2018\/07\/table-150x150.jpg",150,150,true],"profile_300":["https:\/\/e3mag.com\/wp-content\/uploads\/2018\/07\/table-300x300.jpg",300,300,true]},"post_excerpt_stackable_v2":"<p>Print, ePaper (Web-PDF), Tablet sowie Smartphone (iOS and Android), optional kann auf die Print- Ausgabe verzichtet werden. Nach der Anmeldung erhalten Sie f\u00fcr die ePaper (Web-PDF)\/Tablet-\/Smartphone-Nutzung eine Mail mit Ihren Zugangsdaten vor der n\u00e4chstfolgenden Ausgabe. Die Online-Ausgabe ist bereits 5 Tage vor dem Erscheinungstermin der Print-Ausgabe abrufbar. Erscheinungsweise: 10 x pro Jahr (Doppelausgaben: Juli\/August, Dezember\/Januar) Jetzt zum E3-Abonnement anmelden Wenn Ihr Unternehmen im Partner-Verzeichnis vertreten ist, erhalten Sie w\u00e4hrend der Laufzeit das E3 Magazin f\u00fcr alle Medienkan\u00e4le kostenfrei. Anmeldung 10 Ausgaben f\u00fcr alle Medienkan\u00e4le kostenfrei bei Vorlage des Berechtigungsnachweises. Nachweis zu senden per Post an B4BMedia.net AG, M\u00fcnchener Str. 8,&hellip;<\/p>\n","category_list_v2":"","author_info_v2":{"name":"Peter M., E-3 Magazine","url":"https:\/\/e3mag.com\/en\/author\/peter-m\/"},"comments_num_v2":"0 comments","_links":{"self":[{"href":"https:\/\/e3mag.com\/en\/wp-json\/wp\/v2\/pages\/64498","targetHints":{"allow":["GET"]}}],"collection":[{"href":"https:\/\/e3mag.com\/en\/wp-json\/wp\/v2\/pages"}],"about":[{"href":"https:\/\/e3mag.com\/en\/wp-json\/wp\/v2\/types\/page"}],"author":[{"embeddable":true,"href":"https:\/\/e3mag.com\/en\/wp-json\/wp\/v2\/users\/5"}],"replies":[{"embeddable":true,"href":"https:\/\/e3mag.com\/en\/wp-json\/wp\/v2\/comments?post=64498"}],"version-history":[{"count":48,"href":"https:\/\/e3mag.com\/en\/wp-json\/wp\/v2\/pages\/64498\/revisions"}],"predecessor-version":[{"id":159239,"href":"https:\/\/e3mag.com\/en\/wp-json\/wp\/v2\/pages\/64498\/revisions\/159239"}],"wp:featuredmedia":[{"embeddable":true,"href":"https:\/\/e3mag.com\/en\/wp-json\/wp\/v2\/media\/51816"}],"wp:attachment":[{"href":"https:\/\/e3mag.com\/en\/wp-json\/wp\/v2\/media?parent=64498"}],"wp:term":[{"taxonomy":"author","embeddable":true,"href":"https:\/\/e3mag.com\/en\/wp-json\/wp\/v2\/coauthors?post=64498"}],"curies":[{"name":"wp","href":"https:\/\/api.w.org\/{rel}","templated":true}]}}