{"id":5043,"date":"2017-01-03T13:40:54","date_gmt":"2017-01-03T12:40:54","guid":{"rendered":"http:\/\/e3mag.com\/?page_id=5043"},"modified":"2025-02-10T15:28:51","modified_gmt":"2025-02-10T14:28:51","slug":"regular","status":"publish","type":"page","link":"https:\/\/e3mag.com\/en\/subscription\/regular\/","title":{"rendered":"E3 subscription"},"content":{"rendered":"\n<h1 class=\"wp-block-heading\">Regul\u00e4res Abo<\/h1>\n\n\n\n<p>10 Ausgaben f\u00fcr alle Medienkan\u00e4le: \u20ac 120, inkl. MwSt.\/Lieferung innerhalb von Deutschland, \u00d6sterreich und der Schweiz.<a href=\"https:\/\/e3mag.com\/abo\/regular\/\"><\/a><\/p>\n\n\n\n<p><strong>[forminator_form id=&#8221;66150&#8243;]<\/strong><\/p>\n\n\n\n<div class=\"wp-block-ugb-button ugb-button-wrapper ugb-6b0e548 ugb-main-block\"><style>.ugb-6b0e548 .ugb-block-content{justify-content:flex-start !important}.ugb-6b0e548 .ugb-button1{background-color:#68a823}.ugb-6b0e548 .ugb-button1 .ugb-button--inner,.ugb-6b0e548 .ugb-button1 svg:not(.ugb-custom-icon){color:#ffffff !important}.ugb-6b0e548 .ugb-inner-block{text-align:left}<\/style><div class=\"ugb-inner-block\"><div class=\"ugb-block-content\"><div class=\"ugb-button-container\"><a class=\"ugb-button1 ugb-button ugb-button--size-normal\" href=\"https:\/\/e3mag.com\/wp-content\/uploads\/2023\/10\/Abonnement_AGBs_2023_09_26-2-.pdf\" target=\"_blank\" rel=\"noopener noreferrer\" title=\"\"><span class=\"ugb-button--inner\">Abonnement AGBs Stand 25.10.2023<\/span><\/a><\/div><\/div><\/div><\/div>\n","protected":false},"excerpt":{"rendered":"<p>Regul\u00e4res Abo 10 Ausgaben f\u00fcr alle Medienkan\u00e4le: \u20ac 120, inkl. MwSt.\/Lieferung innerhalb von Deutschland, \u00d6sterreich und der Schweiz. [forminator_form id=&#8221;66150&#8243;] Abonnement AGBs Stand 25.10.2023<\/p>\n","protected":false},"author":5,"featured_media":120455,"parent":64498,"menu_order":3,"comment_status":"closed","ping_status":"closed","template":"","meta":{"_acf_changed":false,"pmpro_default_level":"","footnotes":""},"coauthors":[38854],"class_list":["post-5043","page","type-page","status-publish","has-post-thumbnail","hentry","pmpro-has-access"],"acf":[],"featured_image_urls_v2":{"full":["https:\/\/e3mag.com\/wp-content\/uploads\/2022\/12\/Abo_Unterseiten.jpg",1200,540,false],"thumbnail":["https:\/\/e3mag.com\/wp-content\/uploads\/2022\/12\/Abo_Unterseiten-150x150.jpg",150,150,true],"medium":["https:\/\/e3mag.com\/wp-content\/uploads\/2022\/12\/Abo_Unterseiten-400x180.jpg",400,180,true],"medium_large":["https:\/\/e3mag.com\/wp-content\/uploads\/2022\/12\/Abo_Unterseiten-768x346.jpg",768,346,true],"large":["https:\/\/e3mag.com\/wp-content\/uploads\/2022\/12\/Abo_Unterseiten.jpg",1200,540,false],"image-100":["https:\/\/e3mag.com\/wp-content\/uploads\/2022\/12\/Abo_Unterseiten-100x45.jpg",100,45,true],"image-480":["https:\/\/e3mag.com\/wp-content\/uploads\/2022\/12\/Abo_Unterseiten-480x216.jpg",480,216,true],"image-640":["https:\/\/e3mag.com\/wp-content\/uploads\/2022\/12\/Abo_Unterseiten-640x288.jpg",640,288,true],"image-720":["https:\/\/e3mag.com\/wp-content\/uploads\/2022\/12\/Abo_Unterseiten-720x324.jpg",720,324,true],"image-960":["https:\/\/e3mag.com\/wp-content\/uploads\/2022\/12\/Abo_Unterseiten-960x432.jpg",960,432,true],"image-1168":["https:\/\/e3mag.com\/wp-content\/uploads\/2022\/12\/Abo_Unterseiten-1168x526.jpg",1168,526,true],"image-1440":["https:\/\/e3mag.com\/wp-content\/uploads\/2022\/12\/Abo_Unterseiten.jpg",1200,540,false],"image-1920":["https:\/\/e3mag.com\/wp-content\/uploads\/2022\/12\/Abo_Unterseiten.jpg",1200,540,false],"1536x1536":["https:\/\/e3mag.com\/wp-content\/uploads\/2022\/12\/Abo_Unterseiten.jpg",1200,540,false],"2048x2048":["https:\/\/e3mag.com\/wp-content\/uploads\/2022\/12\/Abo_Unterseiten.jpg",1200,540,false],"trp-custom-language-flag":["https:\/\/e3mag.com\/wp-content\/uploads\/2022\/12\/Abo_Unterseiten.jpg",18,8,false],"bricks_large_16x9":["https:\/\/e3mag.com\/wp-content\/uploads\/2022\/12\/Abo_Unterseiten.jpg",1200,540,false],"bricks_large":["https:\/\/e3mag.com\/wp-content\/uploads\/2022\/12\/Abo_Unterseiten.jpg",1200,540,false],"bricks_large_square":["https:\/\/e3mag.com\/wp-content\/uploads\/2022\/12\/Abo_Unterseiten.jpg",1200,540,false],"bricks_medium":["https:\/\/e3mag.com\/wp-content\/uploads\/2022\/12\/Abo_Unterseiten.jpg",600,270,false],"bricks_medium_square":["https:\/\/e3mag.com\/wp-content\/uploads\/2022\/12\/Abo_Unterseiten.jpg",600,270,false],"profile_24":["https:\/\/e3mag.com\/wp-content\/uploads\/2022\/12\/Abo_Unterseiten-24x24.jpg",24,24,true],"profile_48":["https:\/\/e3mag.com\/wp-content\/uploads\/2022\/12\/Abo_Unterseiten-48x48.jpg",48,48,true],"profile_96":["https:\/\/e3mag.com\/wp-content\/uploads\/2022\/12\/Abo_Unterseiten-96x96.jpg",96,96,true],"profile_150":["https:\/\/e3mag.com\/wp-content\/uploads\/2022\/12\/Abo_Unterseiten-150x150.jpg",150,150,true],"profile_300":["https:\/\/e3mag.com\/wp-content\/uploads\/2022\/12\/Abo_Unterseiten-300x300.jpg",300,300,true]},"post_excerpt_stackable_v2":"<p>10 Ausgaben f\u00fcr alle Medienkan\u00e4le: \u20ac 120, inkl. MwSt.\/Lieferung innerhalb von Deutschland, \u00d6sterreich und der Schweiz. [forminator_form id=&#8221;66150&#8243;] Abonnement AGBs Stand 25.10.2023<\/p>\n","category_list_v2":"","author_info_v2":{"name":"Peter M., E-3 Magazine","url":"https:\/\/e3mag.com\/en\/author\/peter-m\/"},"comments_num_v2":"0 comments","_links":{"self":[{"href":"https:\/\/e3mag.com\/en\/wp-json\/wp\/v2\/pages\/5043","targetHints":{"allow":["GET"]}}],"collection":[{"href":"https:\/\/e3mag.com\/en\/wp-json\/wp\/v2\/pages"}],"about":[{"href":"https:\/\/e3mag.com\/en\/wp-json\/wp\/v2\/types\/page"}],"author":[{"embeddable":true,"href":"https:\/\/e3mag.com\/en\/wp-json\/wp\/v2\/users\/5"}],"replies":[{"embeddable":true,"href":"https:\/\/e3mag.com\/en\/wp-json\/wp\/v2\/comments?post=5043"}],"version-history":[{"count":15,"href":"https:\/\/e3mag.com\/en\/wp-json\/wp\/v2\/pages\/5043\/revisions"}],"predecessor-version":[{"id":148939,"href":"https:\/\/e3mag.com\/en\/wp-json\/wp\/v2\/pages\/5043\/revisions\/148939"}],"up":[{"embeddable":true,"href":"https:\/\/e3mag.com\/en\/wp-json\/wp\/v2\/pages\/64498"}],"wp:featuredmedia":[{"embeddable":true,"href":"https:\/\/e3mag.com\/en\/wp-json\/wp\/v2\/media\/120455"}],"wp:attachment":[{"href":"https:\/\/e3mag.com\/en\/wp-json\/wp\/v2\/media?parent=5043"}],"wp:term":[{"taxonomy":"author","embeddable":true,"href":"https:\/\/e3mag.com\/en\/wp-json\/wp\/v2\/coauthors?post=5043"}],"curies":[{"name":"wp","href":"https:\/\/api.w.org\/{rel}","templated":true}]}}