{"id":130925,"date":"2023-08-08T11:01:13","date_gmt":"2023-08-08T09:01:13","guid":{"rendered":"http:\/\/e3mag.com\/?page_id=130925"},"modified":"2024-11-18T10:43:40","modified_gmt":"2024-11-18T09:43:40","slug":"dsag-annual-congress-2023","status":"publish","type":"page","link":"https:\/\/e3mag.com\/en\/e3-events\/dsag-annual-congress-2023\/","title":{"rendered":"DSAG Annual Congress 2023"},"content":{"rendered":"<h2 class=\"wp-block-heading has-text-align-center\">Wonderfully changeable<\/h2>\n\n\n\n<p class=\"has-text-align-center\"><span class=\"ugb-highlight\" style=\"color: #333333;\">from 19 to 21 September 2023<\/span><\/p>\n\n\n\n<p>Everything changes, nothing stays the same. Today's world demands flexibility. The German-speaking SAP User Group (DSAG), SAP, and the entire ecosystem are accordingly adaptable. It is precisely this mutability that will be the focus of the DSAG Annual Congress 2023 from September 19 to 21 at the Congress Center Bremen. Under the motto \"Wonderfully changeable - creating new perspectives together\", DSAG is looking forward to welcoming more than 5,000 participants. The interest group will be taking a look through the kaleidoscope and, together with the participants, will be looking for the right way to master digital, technological, ecological and economic change and to shape change successfully. <a href=\"https:\/\/www.dsag.de\/jahreskongress\" target=\"_blank\" rel=\"noopener\">www.dsag.de\/jahreskongress<\/a><\/p>\n\n\n\n<div class=\"wp-block-columns is-layout-flex wp-container-core-columns-is-layout-9d6595d7 wp-block-columns-is-layout-flex\">\n<div class=\"wp-block-column is-layout-flow wp-block-column-is-layout-flow\"><\/div>\n\n\n\n<div class=\"wp-block-column is-layout-flow wp-block-column-is-layout-flow\"><\/div>\n\n\n\n<div class=\"wp-block-column is-layout-flow wp-block-column-is-layout-flow\"><\/div>\n<\/div>\n\n\n\n<h2 class=\"wp-block-heading has-text-align-center\">Exhibitor<\/h2>\n\n\n\n<div style=\"height:45px\" aria-hidden=\"true\" class=\"wp-block-spacer\"><\/div>\n\n\n\n<div class=\"wp-block-columns is-layout-flex wp-container-core-columns-is-layout-9d6595d7 wp-block-columns-is-layout-flex\">\n<div class=\"wp-block-column is-layout-flow wp-block-column-is-layout-flow\" style=\"flex-basis:33.33%\">\n<figure class=\"wp-block-image size-full\"><a href=\"https:\/\/www.claranet.de\" target=\"_blank\" rel=\"noopener\"><img loading=\"lazy\" decoding=\"async\" width=\"815\" height=\"814\" src=\"https:\/\/e3mag.com\/wp-content\/uploads\/2023\/08\/2023_09_claranet_sg.jpg\" alt=\"\" class=\"wp-image-131426\" srcset=\"https:\/\/e3mag.com\/wp-content\/uploads\/2023\/08\/2023_09_claranet_sg.jpg 815w, https:\/\/e3mag.com\/wp-content\/uploads\/2023\/08\/2023_09_claranet_sg-400x400.jpg 400w, https:\/\/e3mag.com\/wp-content\/uploads\/2023\/08\/2023_09_claranet_sg-150x150.jpg 150w, https:\/\/e3mag.com\/wp-content\/uploads\/2023\/08\/2023_09_claranet_sg-768x767.jpg 768w, https:\/\/e3mag.com\/wp-content\/uploads\/2023\/08\/2023_09_claranet_sg-100x100.jpg 100w, https:\/\/e3mag.com\/wp-content\/uploads\/2023\/08\/2023_09_claranet_sg-480x479.jpg 480w, https:\/\/e3mag.com\/wp-content\/uploads\/2023\/08\/2023_09_claranet_sg-640x639.jpg 640w, https:\/\/e3mag.com\/wp-content\/uploads\/2023\/08\/2023_09_claranet_sg-720x719.jpg 720w, https:\/\/e3mag.com\/wp-content\/uploads\/2023\/08\/2023_09_claranet_sg-12x12.jpg 12w, https:\/\/e3mag.com\/wp-content\/uploads\/2023\/08\/2023_09_claranet_sg-600x600.jpg 600w, https:\/\/e3mag.com\/wp-content\/uploads\/2023\/08\/2023_09_claranet_sg-24x24.jpg 24w, https:\/\/e3mag.com\/wp-content\/uploads\/2023\/08\/2023_09_claranet_sg-48x48.jpg 48w, https:\/\/e3mag.com\/wp-content\/uploads\/2023\/08\/2023_09_claranet_sg-96x96.jpg 96w, https:\/\/e3mag.com\/wp-content\/uploads\/2023\/08\/2023_09_claranet_sg-300x300.jpg 300w\" sizes=\"auto, (max-width: 815px) 100vw, 815px\" \/><\/a><\/figure>\n<\/div>\n\n\n\n<div class=\"wp-block-column is-layout-flow wp-block-column-is-layout-flow\" style=\"flex-basis:66.66%\">\n<h3 class=\"wp-block-heading\">Claranet Ltd.<\/h3>\n\n\n\n<p>Claranet is a global technology service provider with competencies in the areas of cloud, cyber security, data and applications such as SAP and workplace services. Our services in the SAP area are versatile and cover, among others, SAP S\/4HANA, SAP on Cloud and SAP Managed Services. Benefit from our many years of expertise and independent, objective advice.<\/p>\n\n\n\n<p>What sets Claranet apart is our ability to be large enough to provide comprehensive support and small enough to serve you individually and personally because we offer flexible, scalable technology solutions and are right where you need us, at your pace, in your region.<\/p>\n\n\n\n<p>Meet our team of SAP experts at the DSAG Annual Congress on <strong>Status Q1<\/strong>!<\/p>\n\n\n\n<p><a href=\"https:\/\/www.claranet.de\/\" target=\"_blank\" rel=\"noopener\">www.claranet.de<\/a><\/p>\n<\/div>\n<\/div>\n\n\n\n<div class=\"wp-block-columns is-layout-flex wp-container-core-columns-is-layout-9d6595d7 wp-block-columns-is-layout-flex\">\n<div class=\"wp-block-column is-layout-flow wp-block-column-is-layout-flow\" style=\"flex-basis:33.33%\">\n<figure class=\"wp-block-image size-full\"><a href=\"https:\/\/consult-sk.com\/\" target=\"_blank\" rel=\"noopener\"><img loading=\"lazy\" decoding=\"async\" width=\"815\" height=\"815\" src=\"https:\/\/e3mag.com\/wp-content\/uploads\/2023\/08\/2023_09_consult_sk_sg.jpg\" alt=\"\" class=\"wp-image-131395\" srcset=\"https:\/\/e3mag.com\/wp-content\/uploads\/2023\/08\/2023_09_consult_sk_sg.jpg 815w, https:\/\/e3mag.com\/wp-content\/uploads\/2023\/08\/2023_09_consult_sk_sg-400x400.jpg 400w, https:\/\/e3mag.com\/wp-content\/uploads\/2023\/08\/2023_09_consult_sk_sg-150x150.jpg 150w, https:\/\/e3mag.com\/wp-content\/uploads\/2023\/08\/2023_09_consult_sk_sg-768x768.jpg 768w, https:\/\/e3mag.com\/wp-content\/uploads\/2023\/08\/2023_09_consult_sk_sg-100x100.jpg 100w, https:\/\/e3mag.com\/wp-content\/uploads\/2023\/08\/2023_09_consult_sk_sg-480x480.jpg 480w, https:\/\/e3mag.com\/wp-content\/uploads\/2023\/08\/2023_09_consult_sk_sg-640x640.jpg 640w, https:\/\/e3mag.com\/wp-content\/uploads\/2023\/08\/2023_09_consult_sk_sg-720x720.jpg 720w, https:\/\/e3mag.com\/wp-content\/uploads\/2023\/08\/2023_09_consult_sk_sg-12x12.jpg 12w, https:\/\/e3mag.com\/wp-content\/uploads\/2023\/08\/2023_09_consult_sk_sg-600x600.jpg 600w, https:\/\/e3mag.com\/wp-content\/uploads\/2023\/08\/2023_09_consult_sk_sg-24x24.jpg 24w, https:\/\/e3mag.com\/wp-content\/uploads\/2023\/08\/2023_09_consult_sk_sg-48x48.jpg 48w, https:\/\/e3mag.com\/wp-content\/uploads\/2023\/08\/2023_09_consult_sk_sg-96x96.jpg 96w, https:\/\/e3mag.com\/wp-content\/uploads\/2023\/08\/2023_09_consult_sk_sg-300x300.jpg 300w\" sizes=\"auto, (max-width: 815px) 100vw, 815px\" \/><\/a><\/figure>\n<\/div>\n\n\n\n<div class=\"wp-block-column is-layout-flow wp-block-column-is-layout-flow\" style=\"flex-basis:66.66%\">\n<h3 class=\"wp-block-heading\">Consult-SK<\/h3>\n\n\n\n<p> Consult-SK GmbH (CSK), headquartered in Minden, Westphalia, has been active as an SAP\u00ae process consultancy for well-known companies from the retail, industry, media, energy and waste disposal sectors throughout Germany and Europe since 2013. The company's services and competencies include customer-specific adaptations of SAP\u00ae add-ons, the digitalization of business processes in the areas of Purchase2Pay\/Order2Cash and the development of its own SAP\u00ae software solutions. True to the motto \"Processes. Simple. Better.\"<\/p>\n\n\n\n<p>At the DSAG Annual Congress 2023, the CSK will be on the <strong>Booth L1 in Hall 5<\/strong> can be found. The subsidiary, REexpect GmbH - specialized in the SAP\u00ae module RE-FX - also provides information about the software and services offered.<\/p>\n\n\n\n<p><a href=\"https:\/\/consult-sk.com\/\" target=\"_blank\" rel=\"noopener\">www.consult-sk.com<\/a><\/p>\n<\/div>\n<\/div>\n\n\n\n\n\n\n\n<div class=\"wp-block-columns is-layout-flex wp-container-core-columns-is-layout-9d6595d7 wp-block-columns-is-layout-flex\">\n<div class=\"wp-block-column is-layout-flow wp-block-column-is-layout-flow\" style=\"flex-basis:33.33%\">\n<figure class=\"wp-block-image size-full\"><a href=\"https:\/\/www.esker.de\" target=\"_blank\" rel=\"noopener\"><img loading=\"lazy\" decoding=\"async\" width=\"815\" height=\"815\" src=\"https:\/\/e3mag.com\/wp-content\/uploads\/2023\/07\/2022-10_esker_special_guide_dsag.jpg\" alt=\"\" class=\"wp-image-131063\" srcset=\"https:\/\/e3mag.com\/wp-content\/uploads\/2023\/07\/2022-10_esker_special_guide_dsag.jpg 815w, https:\/\/e3mag.com\/wp-content\/uploads\/2023\/07\/2022-10_esker_special_guide_dsag-400x400.jpg 400w, https:\/\/e3mag.com\/wp-content\/uploads\/2023\/07\/2022-10_esker_special_guide_dsag-150x150.jpg 150w, https:\/\/e3mag.com\/wp-content\/uploads\/2023\/07\/2022-10_esker_special_guide_dsag-768x768.jpg 768w, https:\/\/e3mag.com\/wp-content\/uploads\/2023\/07\/2022-10_esker_special_guide_dsag-100x100.jpg 100w, https:\/\/e3mag.com\/wp-content\/uploads\/2023\/07\/2022-10_esker_special_guide_dsag-480x480.jpg 480w, https:\/\/e3mag.com\/wp-content\/uploads\/2023\/07\/2022-10_esker_special_guide_dsag-640x640.jpg 640w, https:\/\/e3mag.com\/wp-content\/uploads\/2023\/07\/2022-10_esker_special_guide_dsag-720x720.jpg 720w, https:\/\/e3mag.com\/wp-content\/uploads\/2023\/07\/2022-10_esker_special_guide_dsag-12x12.jpg 12w, https:\/\/e3mag.com\/wp-content\/uploads\/2023\/07\/2022-10_esker_special_guide_dsag-600x600.jpg 600w, https:\/\/e3mag.com\/wp-content\/uploads\/2023\/07\/2022-10_esker_special_guide_dsag-24x24.jpg 24w, https:\/\/e3mag.com\/wp-content\/uploads\/2023\/07\/2022-10_esker_special_guide_dsag-48x48.jpg 48w, https:\/\/e3mag.com\/wp-content\/uploads\/2023\/07\/2022-10_esker_special_guide_dsag-96x96.jpg 96w, https:\/\/e3mag.com\/wp-content\/uploads\/2023\/07\/2022-10_esker_special_guide_dsag-300x300.jpg 300w\" sizes=\"auto, (max-width: 815px) 100vw, 815px\" \/><\/a><\/figure>\n<\/div>\n\n\n\n<div class=\"wp-block-column is-layout-flow wp-block-column-is-layout-flow\" style=\"flex-basis:66.66%\">\n<h3 class=\"wp-block-heading\">Esker Software Entwicklungs- und Vertriebs-GmbH<\/h3>\n\n\n\n<p>Esker provides a global cloud platform to automate document processes and support finance, procurement and customer service departments in digital transformation in the areas of order-to-cash (O2C) and source-to-pay (S2P). Esker solutions are deployed globally and incorporate technologies such as artificial intelligence (AI) to increase productivity and transparency across the enterprise.<\/p>\n\n\n\n<p>At the same time, this strengthens cooperation between customers, suppliers and employees. Esker has subsidiaries in North and Latin America, Europe and Asia-Pacific, and German sites in Feldkirchen\/Munich and Ratingen. The French-listed company generated sales of 159.3 million euros in 2022, two-thirds of which were generated outside France. <\/p>\n\n\n\n<p><strong>Booth P6<\/strong><\/p>\n\n\n\n<p><a href=\"https:\/\/www.esker.de\" target=\"_blank\" rel=\"noreferrer noopener\">www.esker.de<\/a><\/p>\n<\/div>\n<\/div>\n\n\n\n<div class=\"wp-block-columns is-layout-flex wp-container-core-columns-is-layout-9d6595d7 wp-block-columns-is-layout-flex\">\n<div class=\"wp-block-column is-layout-flow wp-block-column-is-layout-flow\" style=\"flex-basis:33.33%\">\n<figure class=\"wp-block-image size-full\"><a href=\"https:\/\/ifm-business-solutions.com\" target=\"_blank\" rel=\"noopener\"><img loading=\"lazy\" decoding=\"async\" width=\"815\" height=\"815\" src=\"https:\/\/e3mag.com\/wp-content\/uploads\/2023\/08\/2023_09_ifm_sg.jpg\" alt=\"\" class=\"wp-image-131516\" srcset=\"https:\/\/e3mag.com\/wp-content\/uploads\/2023\/08\/2023_09_ifm_sg.jpg 815w, https:\/\/e3mag.com\/wp-content\/uploads\/2023\/08\/2023_09_ifm_sg-400x400.jpg 400w, https:\/\/e3mag.com\/wp-content\/uploads\/2023\/08\/2023_09_ifm_sg-150x150.jpg 150w, https:\/\/e3mag.com\/wp-content\/uploads\/2023\/08\/2023_09_ifm_sg-768x768.jpg 768w, https:\/\/e3mag.com\/wp-content\/uploads\/2023\/08\/2023_09_ifm_sg-100x100.jpg 100w, https:\/\/e3mag.com\/wp-content\/uploads\/2023\/08\/2023_09_ifm_sg-480x480.jpg 480w, https:\/\/e3mag.com\/wp-content\/uploads\/2023\/08\/2023_09_ifm_sg-640x640.jpg 640w, https:\/\/e3mag.com\/wp-content\/uploads\/2023\/08\/2023_09_ifm_sg-720x720.jpg 720w, https:\/\/e3mag.com\/wp-content\/uploads\/2023\/08\/2023_09_ifm_sg-12x12.jpg 12w, https:\/\/e3mag.com\/wp-content\/uploads\/2023\/08\/2023_09_ifm_sg-600x600.jpg 600w, https:\/\/e3mag.com\/wp-content\/uploads\/2023\/08\/2023_09_ifm_sg-24x24.jpg 24w, https:\/\/e3mag.com\/wp-content\/uploads\/2023\/08\/2023_09_ifm_sg-48x48.jpg 48w, https:\/\/e3mag.com\/wp-content\/uploads\/2023\/08\/2023_09_ifm_sg-96x96.jpg 96w, https:\/\/e3mag.com\/wp-content\/uploads\/2023\/08\/2023_09_ifm_sg-300x300.jpg 300w\" sizes=\"auto, (max-width: 815px) 100vw, 815px\" \/><\/a><\/figure>\n<\/div>\n\n\n\n<div class=\"wp-block-column is-layout-flow wp-block-column-is-layout-flow\" style=\"flex-basis:66.66%\">\n<h3 class=\"wp-block-heading\">Efficiency and transparency in the supply chain with ifm<\/h3>\n\n\n\n<p>As a licensed SAP Silver Partner, we have been offering sophisticated software solutions that support holistic supply chain optimization \u2013 from demand and production planning to procurement and inventory management \u2013 for over 30 years. Our fully SAP-integrated solutions run on SAP ECC 6.0 and SAP S\/4HANA and are available both on-premises and in the cloud.<\/p>\n\n\n\n<p>More than 900 customers worldwide already rely on our tools, which enable end-to-end communication from the production level to SAP ERP, and thus benefit sustainably from improved inventories and increased delivery readiness. Join us on our mission to make complex supply chain processes manageable. <\/p>\n\n\n\n<p><a href=\"https:\/\/ifm-business-solutions.com\" target=\"_blank\" rel=\"noopener\">www.ifm-business-solutions.com<\/a><\/p>\n<\/div>\n<\/div>","protected":false},"excerpt":{"rendered":"<p>Wunderbar wandelbar vom 19. bis 21. September 2023 Alles ver\u00e4ndert sich, nichts bleibt, wie es ist. Die heutige Zeit setzt Flexibilit\u00e4t voraus. Entsprechend wandelbar pr\u00e4sentieren sich die Deutschsprachige SAP-Anwendergruppe e. V. (DSAG), SAP und das gesamte \u00d6kosystem. Genau diese Wandlungsf\u00e4higkeit r\u00fcckt auch der DSAG-Jahreskongress 2023 vom 19. bis 21. September im Congress Center Bremen in [&hellip;]<\/p>\n","protected":false},"author":38,"featured_media":131397,"parent":136162,"menu_order":7,"comment_status":"closed","ping_status":"closed","template":"","meta":{"_acf_changed":false,"pmpro_default_level":"","footnotes":""},"coauthors":[19920],"class_list":["post-130925","page","type-page","status-publish","has-post-thumbnail","hentry","pmpro-has-access"],"acf":[],"featured_image_urls_v2":{"full":["https:\/\/e3mag.com\/wp-content\/uploads\/2023\/08\/2023_08_08_Titelbild_DSAG_JK23-V2.jpg",1200,390,false],"thumbnail":["https:\/\/e3mag.com\/wp-content\/uploads\/2023\/08\/2023_08_08_Titelbild_DSAG_JK23-V2-150x150.jpg",150,150,true],"medium":["https:\/\/e3mag.com\/wp-content\/uploads\/2023\/08\/2023_08_08_Titelbild_DSAG_JK23-V2-400x130.jpg",400,130,true],"medium_large":["https:\/\/e3mag.com\/wp-content\/uploads\/2023\/08\/2023_08_08_Titelbild_DSAG_JK23-V2-768x250.jpg",768,250,true],"large":["https:\/\/e3mag.com\/wp-content\/uploads\/2023\/08\/2023_08_08_Titelbild_DSAG_JK23-V2.jpg",1200,390,false],"image-100":["https:\/\/e3mag.com\/wp-content\/uploads\/2023\/08\/2023_08_08_Titelbild_DSAG_JK23-V2-100x33.jpg",100,33,true],"image-480":["https:\/\/e3mag.com\/wp-content\/uploads\/2023\/08\/2023_08_08_Titelbild_DSAG_JK23-V2-480x156.jpg",480,156,true],"image-640":["https:\/\/e3mag.com\/wp-content\/uploads\/2023\/08\/2023_08_08_Titelbild_DSAG_JK23-V2-640x208.jpg",640,208,true],"image-720":["https:\/\/e3mag.com\/wp-content\/uploads\/2023\/08\/2023_08_08_Titelbild_DSAG_JK23-V2-720x234.jpg",720,234,true],"image-960":["https:\/\/e3mag.com\/wp-content\/uploads\/2023\/08\/2023_08_08_Titelbild_DSAG_JK23-V2-960x312.jpg",960,312,true],"image-1168":["https:\/\/e3mag.com\/wp-content\/uploads\/2023\/08\/2023_08_08_Titelbild_DSAG_JK23-V2-1168x380.jpg",1168,380,true],"image-1440":["https:\/\/e3mag.com\/wp-content\/uploads\/2023\/08\/2023_08_08_Titelbild_DSAG_JK23-V2.jpg",1200,390,false],"image-1920":["https:\/\/e3mag.com\/wp-content\/uploads\/2023\/08\/2023_08_08_Titelbild_DSAG_JK23-V2.jpg",1200,390,false],"1536x1536":["https:\/\/e3mag.com\/wp-content\/uploads\/2023\/08\/2023_08_08_Titelbild_DSAG_JK23-V2.jpg",1200,390,false],"2048x2048":["https:\/\/e3mag.com\/wp-content\/uploads\/2023\/08\/2023_08_08_Titelbild_DSAG_JK23-V2.jpg",1200,390,false],"trp-custom-language-flag":["https:\/\/e3mag.com\/wp-content\/uploads\/2023\/08\/2023_08_08_Titelbild_DSAG_JK23-V2-18x6.jpg",18,6,true],"bricks_large_16x9":["https:\/\/e3mag.com\/wp-content\/uploads\/2023\/08\/2023_08_08_Titelbild_DSAG_JK23-V2.jpg",1200,390,false],"bricks_large":["https:\/\/e3mag.com\/wp-content\/uploads\/2023\/08\/2023_08_08_Titelbild_DSAG_JK23-V2.jpg",1200,390,false],"bricks_large_square":["https:\/\/e3mag.com\/wp-content\/uploads\/2023\/08\/2023_08_08_Titelbild_DSAG_JK23-V2.jpg",1200,390,false],"bricks_medium":["https:\/\/e3mag.com\/wp-content\/uploads\/2023\/08\/2023_08_08_Titelbild_DSAG_JK23-V2-600x195.jpg",600,195,true],"bricks_medium_square":["https:\/\/e3mag.com\/wp-content\/uploads\/2023\/08\/2023_08_08_Titelbild_DSAG_JK23-V2-600x390.jpg",600,390,true],"profile_24":["https:\/\/e3mag.com\/wp-content\/uploads\/2023\/08\/2023_08_08_Titelbild_DSAG_JK23-V2-24x24.jpg",24,24,true],"profile_48":["https:\/\/e3mag.com\/wp-content\/uploads\/2023\/08\/2023_08_08_Titelbild_DSAG_JK23-V2-48x48.jpg",48,48,true],"profile_96":["https:\/\/e3mag.com\/wp-content\/uploads\/2023\/08\/2023_08_08_Titelbild_DSAG_JK23-V2-96x96.jpg",96,96,true],"profile_150":["https:\/\/e3mag.com\/wp-content\/uploads\/2023\/08\/2023_08_08_Titelbild_DSAG_JK23-V2-150x150.jpg",150,150,true],"profile_300":["https:\/\/e3mag.com\/wp-content\/uploads\/2023\/08\/2023_08_08_Titelbild_DSAG_JK23-V2-300x300.jpg",300,300,true]},"post_excerpt_stackable_v2":"<p>vom 19. bis 21. September 2023 Alles ver\u00e4ndert sich, nichts bleibt, wie es ist. Die heutige Zeit setzt Flexibilit\u00e4t voraus. Entsprechend wandelbar pr\u00e4sentieren sich die Deutschsprachige SAP-Anwendergruppe e. V. (DSAG), SAP und das gesamte \u00d6kosystem. Genau diese Wandlungsf\u00e4higkeit r\u00fcckt auch der DSAG-Jahreskongress 2023 vom 19. bis 21. September im Congress Center Bremen in den Fokus. Unter dem Motto \u201eWunderbar wandelbar \u2013 Gemeinsam neue Perspektiven schaffen\u201c freut sich die DSAG darauf, mehr als 5.000 Teilnehmende zu begr\u00fc\u00dfen. Die Interessenvertretung wirft den Blick durch das Kaleidoskop und macht sich mit den Teilnehmenden auf die Suche nach dem richtigen Dreh, um den digitalen,&hellip;<\/p>\n","category_list_v2":"","author_info_v2":{"name":"E-3 Magazine","url":"https:\/\/e3mag.com\/en\/author\/e-3-magazin\/"},"comments_num_v2":"0 comments","_links":{"self":[{"href":"https:\/\/e3mag.com\/en\/wp-json\/wp\/v2\/pages\/130925","targetHints":{"allow":["GET"]}}],"collection":[{"href":"https:\/\/e3mag.com\/en\/wp-json\/wp\/v2\/pages"}],"about":[{"href":"https:\/\/e3mag.com\/en\/wp-json\/wp\/v2\/types\/page"}],"author":[{"embeddable":true,"href":"https:\/\/e3mag.com\/en\/wp-json\/wp\/v2\/users\/38"}],"replies":[{"embeddable":true,"href":"https:\/\/e3mag.com\/en\/wp-json\/wp\/v2\/comments?post=130925"}],"version-history":[{"count":13,"href":"https:\/\/e3mag.com\/en\/wp-json\/wp\/v2\/pages\/130925\/revisions"}],"predecessor-version":[{"id":131548,"href":"https:\/\/e3mag.com\/en\/wp-json\/wp\/v2\/pages\/130925\/revisions\/131548"}],"up":[{"embeddable":true,"href":"https:\/\/e3mag.com\/en\/wp-json\/wp\/v2\/pages\/136162"}],"wp:featuredmedia":[{"embeddable":true,"href":"https:\/\/e3mag.com\/en\/wp-json\/wp\/v2\/media\/131397"}],"wp:attachment":[{"href":"https:\/\/e3mag.com\/en\/wp-json\/wp\/v2\/media?parent=130925"}],"wp:term":[{"taxonomy":"author","embeddable":true,"href":"https:\/\/e3mag.com\/en\/wp-json\/wp\/v2\/coauthors?post=130925"}],"curies":[{"name":"wp","href":"https:\/\/api.w.org\/{rel}","templated":true}]}}