{"id":5057,"date":"2017-01-03T14:00:35","date_gmt":"2017-01-03T13:00:35","guid":{"rendered":"http:\/\/e3mag.com\/?page_id=5057"},"modified":"2024-11-18T10:52:10","modified_gmt":"2024-11-18T09:52:10","slug":"partner","status":"publish","type":"page","link":"https:\/\/e3mag.com\/de\/abo\/partner\/","title":{"rendered":"Partner-Abonnement"},"content":{"rendered":"\n<h1 class=\"wp-block-heading\">Partner-Abonnement<\/h1>\n\n\n\n<p>Wenn Ihr Unternehmen im Partner-Verzeichnis vertreten ist, erhalten Sie w\u00e4hrend der Laufzeit das E3-Magazin f\u00fcr alle Medienkan\u00e4le <strong>kostenfrei.<\/strong> Zum Partner-Verzeichnis: <a href=\"https:\/\/e3mag.com\/de\/partner\/\">https:\/\/e3mag.com\/de\/partner\/<\/a><\/p>\n\n\n\n<p>Hier haben Sie die M\u00f6glichkeit, sich f\u00fcr das SAP-Anbieter\/Partner-Abonnement anzumelden. F\u00fcllen Sie daf\u00fcr bitte unten stehendes Formular aus:<\/p>\n\n\n\n<p><strong>[forminator_form id=&#8221;65843&#8243;]<\/strong><\/p>\n\n\n\n<div class=\"wp-block-ugb-button ugb-button-wrapper ugb-94b4c5d ugb-main-block\"><style>.ugb-94b4c5d .ugb-block-content{justify-content:flex-start !important}.ugb-94b4c5d .ugb-button1{background-color:#68a823}.ugb-94b4c5d .ugb-button1 .ugb-button--inner,.ugb-94b4c5d .ugb-button1 svg:not(.ugb-custom-icon){color:#ffffff !important}.ugb-94b4c5d .ugb-inner-block{text-align:left}<\/style><div class=\"ugb-inner-block\"><div class=\"ugb-block-content\"><div class=\"ugb-button-container\"><a class=\"ugb-button1 ugb-button ugb-button--size-normal\" href=\"https:\/\/e3mag.com\/wp-content\/uploads\/2023\/10\/Abonnement_AGBs_2023_09_26-2-.pdf\" target=\"_blank\" rel=\"noopener noreferrer\" title=\"\"><span class=\"ugb-button--inner\">Abonnement AGBs Stand 25.10.2023<\/span><\/a><\/div><\/div><\/div><\/div>\n","protected":false},"excerpt":{"rendered":"<p>Partner-Abonnement Wenn Ihr Unternehmen im Partner-Verzeichnis vertreten ist, erhalten Sie w\u00e4hrend der Laufzeit das E3-Magazin f\u00fcr alle Medienkan\u00e4le kostenfrei. Zum Partner-Verzeichnis: https:\/\/e3mag.com\/de\/partner\/ Hier haben Sie die M\u00f6glichkeit, sich f\u00fcr das SAP-Anbieter\/Partner-Abonnement anzumelden. F\u00fcllen Sie daf\u00fcr bitte unten stehendes Formular aus: [forminator_form id=&#8221;65843&#8243;] Abonnement AGBs Stand 25.10.2023<\/p>\n","protected":false},"author":5,"featured_media":120455,"parent":64498,"menu_order":0,"comment_status":"closed","ping_status":"closed","template":"","meta":{"_acf_changed":false,"pmpro_default_level":"","footnotes":""},"coauthors":[38854],"class_list":["post-5057","page","type-page","status-publish","has-post-thumbnail","hentry","pmpro-has-access"],"acf":[],"featured_image_urls_v2":{"full":["https:\/\/e3mag.com\/wp-content\/uploads\/2022\/12\/Abo_Unterseiten.jpg",1200,540,false],"thumbnail":["https:\/\/e3mag.com\/wp-content\/uploads\/2022\/12\/Abo_Unterseiten-150x150.jpg",150,150,true],"medium":["https:\/\/e3mag.com\/wp-content\/uploads\/2022\/12\/Abo_Unterseiten-400x180.jpg",400,180,true],"medium_large":["https:\/\/e3mag.com\/wp-content\/uploads\/2022\/12\/Abo_Unterseiten-768x346.jpg",768,346,true],"large":["https:\/\/e3mag.com\/wp-content\/uploads\/2022\/12\/Abo_Unterseiten.jpg",1200,540,false],"image-100":["https:\/\/e3mag.com\/wp-content\/uploads\/2022\/12\/Abo_Unterseiten-100x45.jpg",100,45,true],"image-480":["https:\/\/e3mag.com\/wp-content\/uploads\/2022\/12\/Abo_Unterseiten-480x216.jpg",480,216,true],"image-640":["https:\/\/e3mag.com\/wp-content\/uploads\/2022\/12\/Abo_Unterseiten-640x288.jpg",640,288,true],"image-720":["https:\/\/e3mag.com\/wp-content\/uploads\/2022\/12\/Abo_Unterseiten-720x324.jpg",720,324,true],"image-960":["https:\/\/e3mag.com\/wp-content\/uploads\/2022\/12\/Abo_Unterseiten-960x432.jpg",960,432,true],"image-1168":["https:\/\/e3mag.com\/wp-content\/uploads\/2022\/12\/Abo_Unterseiten-1168x526.jpg",1168,526,true],"image-1440":["https:\/\/e3mag.com\/wp-content\/uploads\/2022\/12\/Abo_Unterseiten.jpg",1200,540,false],"image-1920":["https:\/\/e3mag.com\/wp-content\/uploads\/2022\/12\/Abo_Unterseiten.jpg",1200,540,false],"1536x1536":["https:\/\/e3mag.com\/wp-content\/uploads\/2022\/12\/Abo_Unterseiten.jpg",1200,540,false],"2048x2048":["https:\/\/e3mag.com\/wp-content\/uploads\/2022\/12\/Abo_Unterseiten.jpg",1200,540,false],"trp-custom-language-flag":["https:\/\/e3mag.com\/wp-content\/uploads\/2022\/12\/Abo_Unterseiten.jpg",18,8,false],"bricks_large_16x9":["https:\/\/e3mag.com\/wp-content\/uploads\/2022\/12\/Abo_Unterseiten.jpg",1200,540,false],"bricks_large":["https:\/\/e3mag.com\/wp-content\/uploads\/2022\/12\/Abo_Unterseiten.jpg",1200,540,false],"bricks_large_square":["https:\/\/e3mag.com\/wp-content\/uploads\/2022\/12\/Abo_Unterseiten.jpg",1200,540,false],"bricks_medium":["https:\/\/e3mag.com\/wp-content\/uploads\/2022\/12\/Abo_Unterseiten.jpg",600,270,false],"bricks_medium_square":["https:\/\/e3mag.com\/wp-content\/uploads\/2022\/12\/Abo_Unterseiten.jpg",600,270,false],"profile_24":["https:\/\/e3mag.com\/wp-content\/uploads\/2022\/12\/Abo_Unterseiten-24x24.jpg",24,24,true],"profile_48":["https:\/\/e3mag.com\/wp-content\/uploads\/2022\/12\/Abo_Unterseiten-48x48.jpg",48,48,true],"profile_96":["https:\/\/e3mag.com\/wp-content\/uploads\/2022\/12\/Abo_Unterseiten-96x96.jpg",96,96,true],"profile_150":["https:\/\/e3mag.com\/wp-content\/uploads\/2022\/12\/Abo_Unterseiten-150x150.jpg",150,150,true],"profile_300":["https:\/\/e3mag.com\/wp-content\/uploads\/2022\/12\/Abo_Unterseiten-300x300.jpg",300,300,true]},"post_excerpt_stackable_v2":"<p>Wenn Ihr Unternehmen im Partner-Verzeichnis vertreten ist, erhalten Sie w\u00e4hrend der Laufzeit das E3-Magazin f\u00fcr alle Medienkan\u00e4le kostenfrei. Zum Partner-Verzeichnis: https:\/\/e3mag.com\/de\/partner\/ Hier haben Sie die M\u00f6glichkeit, sich f\u00fcr das SAP-Anbieter\/Partner-Abonnement anzumelden. F\u00fcllen Sie daf\u00fcr bitte unten stehendes Formular aus: [forminator_form id=&#8221;65843&#8243;] Abonnement AGBs Stand 25.10.2023<\/p>\n","category_list_v2":"","author_info_v2":{"name":"Peter M., E-3 Magazin","url":"https:\/\/e3mag.com\/de\/author\/peter-m\/"},"comments_num_v2":"0 comments","_links":{"self":[{"href":"https:\/\/e3mag.com\/de\/wp-json\/wp\/v2\/pages\/5057","targetHints":{"allow":["GET"]}}],"collection":[{"href":"https:\/\/e3mag.com\/de\/wp-json\/wp\/v2\/pages"}],"about":[{"href":"https:\/\/e3mag.com\/de\/wp-json\/wp\/v2\/types\/page"}],"author":[{"embeddable":true,"href":"https:\/\/e3mag.com\/de\/wp-json\/wp\/v2\/users\/5"}],"replies":[{"embeddable":true,"href":"https:\/\/e3mag.com\/de\/wp-json\/wp\/v2\/comments?post=5057"}],"version-history":[{"count":7,"href":"https:\/\/e3mag.com\/de\/wp-json\/wp\/v2\/pages\/5057\/revisions"}],"predecessor-version":[{"id":144362,"href":"https:\/\/e3mag.com\/de\/wp-json\/wp\/v2\/pages\/5057\/revisions\/144362"}],"up":[{"embeddable":true,"href":"https:\/\/e3mag.com\/de\/wp-json\/wp\/v2\/pages\/64498"}],"wp:featuredmedia":[{"embeddable":true,"href":"https:\/\/e3mag.com\/de\/wp-json\/wp\/v2\/media\/120455"}],"wp:attachment":[{"href":"https:\/\/e3mag.com\/de\/wp-json\/wp\/v2\/media?parent=5057"}],"wp:term":[{"taxonomy":"author","embeddable":true,"href":"https:\/\/e3mag.com\/de\/wp-json\/wp\/v2\/coauthors?post=5057"}],"curies":[{"name":"wp","href":"https:\/\/api.w.org\/{rel}","templated":true}]}}