{"id":131403,"date":"2023-08-07T12:07:22","date_gmt":"2023-08-07T10:07:22","guid":{"rendered":"http:\/\/e3mag.com\/?page_id=131403"},"modified":"2024-11-18T10:43:37","modified_gmt":"2024-11-18T09:43:37","slug":"dsag-technologietage-2","status":"publish","type":"page","link":"https:\/\/e3mag.com\/de\/e3-events\/dsag-technologietage-2\/","title":{"rendered":"DSAG Technologietage 2023"},"content":{"rendered":"\n<h2 class=\"wp-block-heading has-text-align-center\">Work in Progress<\/h2>\n\n\n\n<p class=\"has-text-align-center\"><span style=\"color: #333333;\" class=\"ugb-highlight\">vom 22. bis 23. M\u00e4rz 2023<\/span><\/p>\n\n\n\n<p>\u201eWork in Progress\u201c lautet das Motto der Technologietage 2023 der Deutschsprachigen SAP-Anwendergruppe e. V. (DSAG) am 22. und 23. M\u00e4rz in Mannheim. Es ist derzeit viel im Fluss auf Seiten von SAP. Neue Produkte stehen an, andere laufen in naher Zukunft aus der Wartung, vieles ist in Arbeit, einiges davon aus Sicht der DSAG bereits zu lange. Die DSAG-Technologietage beleuchten den aktuellen Stand wichtiger Themen und zeigen Wege auf, um den Status von \u201ein Arbeit\u201c auf \u201eerledigt\u201c umzustellen. <a href=\"https:\/\/www.dsag.de\/techtage\" data-type=\"URL\" data-id=\"www.dsag.de\/techtage\" target=\"_blank\" rel=\"noreferrer noopener\">www.dsag.de\/jahreskongress<\/a><\/p>\n\n\n\n<div class=\"wp-block-columns is-layout-flex wp-container-core-columns-is-layout-9d6595d7 wp-block-columns-is-layout-flex\">\n<div class=\"wp-block-column is-layout-flow wp-block-column-is-layout-flow\"><\/div>\n\n\n\n<div class=\"wp-block-column is-layout-flow wp-block-column-is-layout-flow\"><\/div>\n\n\n\n<div class=\"wp-block-column is-layout-flow wp-block-column-is-layout-flow\"><\/div>\n<\/div>\n\n\n\n<h2 class=\"wp-block-heading has-text-align-center\">Aussteller<\/h2>\n\n\n\n<div style=\"height:45px\" aria-hidden=\"true\" class=\"wp-block-spacer\"><\/div>\n\n\n\n<div class=\"wp-block-columns is-layout-flex wp-container-core-columns-is-layout-9d6595d7 wp-block-columns-is-layout-flex\">\n<div class=\"wp-block-column is-layout-flow wp-block-column-is-layout-flow\" style=\"flex-basis:33.33%\">\n<figure class=\"wp-block-image size-full\"><img decoding=\"async\" src=\"https:\/\/e3mag.com\/wp-content\/uploads\/2021\/08\/Zetvisions_Hund.png\" alt=\"Das modell wird realit\u00e4t\" class=\"wp-image-94987\"\/><figcaption class=\"wp-element-caption\">Das modell wird realit\u00e4t<\/figcaption><\/figure>\n<\/div>\n\n\n\n<div class=\"wp-block-column is-layout-flow wp-block-column-is-layout-flow\" style=\"flex-basis:66.66%\">\n<h3 class=\"wp-block-heading\">Basis Technologies<\/h3>\n\n\n\n<p>Wenn Sie vor der Herausforderung stehen, Ihre bestehenden ERP- oder S\/4-Landschaften hocheffizient, schnell und agil zu betreiben, dann lernen Sie auf den DSAG Technologietagen in Mannheim unsere vollst\u00e4ndig automatisierte SAP Test- und DevOps-Plattform f\u00fcr SAP kennen. Erfahren Sie, wie Sie mit Hilfe unserer Automatisierungstechnologie Ihre S\/4HANA Transformation reibungslos durchf\u00fchren und die Resilienz Ihres Unternehmens deutlich erh\u00f6hen k\u00f6nnen.<\/p>\n\n\n\n<p>Unser Vortrag VP003 am Donnerstag, 23.03.23, 09:00 Uhr beleuchtet unsere neue Auswirkungsanalyse f\u00fcr den stressfreien SAP S\/4HANA Weg im Detail. Mit ihr identifizieren Sie automatisch die Auswirkungen von \u00c4nderungen in Ihrem SAP-System und schaffen Fakten f\u00fcr eine optimale Entscheidungsgrundlage im Rahmen der SAP S\/4 Einf\u00fchrung und Optimierung.<\/p>\n<\/div>\n<\/div>\n\n\n\n<div style=\"height:30px\" aria-hidden=\"true\" class=\"wp-block-spacer\"><\/div>\n\n\n\n<div class=\"wp-block-columns is-layout-flex wp-container-core-columns-is-layout-9d6595d7 wp-block-columns-is-layout-flex\">\n<div class=\"wp-block-column is-layout-flow wp-block-column-is-layout-flow\" style=\"flex-basis:33.33%\">\n<figure class=\"wp-block-image size-full\"><a href=\"https:\/\/www.gtw-mc.com\/\" target=\"_blank\" rel=\"noopener\"><img loading=\"lazy\" decoding=\"async\" width=\"815\" height=\"815\" src=\"https:\/\/e3mag.com\/wp-content\/uploads\/2023\/02\/2023-02_special_guide_gtw.jpg\" alt=\"GTW\" class=\"wp-image-121803\" srcset=\"https:\/\/e3mag.com\/wp-content\/uploads\/2023\/02\/2023-02_special_guide_gtw.jpg 815w, https:\/\/e3mag.com\/wp-content\/uploads\/2023\/02\/2023-02_special_guide_gtw-400x400.jpg 400w, https:\/\/e3mag.com\/wp-content\/uploads\/2023\/02\/2023-02_special_guide_gtw-150x150.jpg 150w, https:\/\/e3mag.com\/wp-content\/uploads\/2023\/02\/2023-02_special_guide_gtw-768x768.jpg 768w, https:\/\/e3mag.com\/wp-content\/uploads\/2023\/02\/2023-02_special_guide_gtw-100x100.jpg 100w, https:\/\/e3mag.com\/wp-content\/uploads\/2023\/02\/2023-02_special_guide_gtw-480x480.jpg 480w, https:\/\/e3mag.com\/wp-content\/uploads\/2023\/02\/2023-02_special_guide_gtw-640x640.jpg 640w, https:\/\/e3mag.com\/wp-content\/uploads\/2023\/02\/2023-02_special_guide_gtw-720x720.jpg 720w, https:\/\/e3mag.com\/wp-content\/uploads\/2023\/02\/2023-02_special_guide_gtw-24x24.jpg 24w, https:\/\/e3mag.com\/wp-content\/uploads\/2023\/02\/2023-02_special_guide_gtw-48x48.jpg 48w, https:\/\/e3mag.com\/wp-content\/uploads\/2023\/02\/2023-02_special_guide_gtw-96x96.jpg 96w, https:\/\/e3mag.com\/wp-content\/uploads\/2023\/02\/2023-02_special_guide_gtw-300x300.jpg 300w\" sizes=\"auto, (max-width: 815px) 100vw, 815px\" \/><\/a><\/figure>\n<\/div>\n\n\n\n<div class=\"wp-block-column is-layout-flow wp-block-column-is-layout-flow\" style=\"flex-basis:66.66%\">\n<h3 class=\"wp-block-heading\">GTW<\/h3>\n\n\n\n<p>Wie harmonisiert und digitalisiert man komplexe Fakturierungsprozesse ohne dabei die n\u00f6tige Flexibilit\u00e4t zu verlieren?<\/p>\n\n\n\n<p>Die Schweizerische Post AG hat SAP BRIM als neue \u201eState-of-the-Art\u201c Abrechnungs- und Fakturierungsl\u00f6sung implementiert und zeigt auf, wie die kritischen Systeme f\u00fcr die Abrechnung der physischen Dienstleistungen in die neue Billing-Solution migriert und gleichzeitig um neue digitale und innovative Dienstleistungen erweitert wurde.<\/p>\n\n\n\n<p>Partnervortag: VP007 &#8211; Harmonisierung komplexer Fakturierungsprozesse mit S\/4 HANA BRIM am 23.03.2023 von 09:00 bis 09:30 Uhr<\/p>\n\n\n\n<p>Weitere Details zu den BRIM-Projekten der Schweizerischen Post, als auch generelle Informationen zu den Abrechnungsl\u00f6sungen SAP BRIM und SAP Subscription Billing, erhalten Sie am Stand der GTW und Schweizerischen Post.<\/p>\n<\/div>\n<\/div>\n\n\n\n<div style=\"height:30px\" aria-hidden=\"true\" class=\"wp-block-spacer\"><\/div>\n\n\n\n<div class=\"wp-block-columns is-layout-flex wp-container-core-columns-is-layout-9d6595d7 wp-block-columns-is-layout-flex\">\n<div class=\"wp-block-column is-layout-flow wp-block-column-is-layout-flow\" style=\"flex-basis:33.33%\">\n<figure class=\"wp-block-image size-full\"><a href=\"https:\/\/securitybridge.com\/\" target=\"_blank\" rel=\"noopener\"><img loading=\"lazy\" decoding=\"async\" width=\"815\" height=\"815\" src=\"https:\/\/e3mag.com\/wp-content\/uploads\/2023\/02\/special_guide_button_web.jpg\" alt=\"Special Guide Security Bridge\" class=\"wp-image-121761\" srcset=\"https:\/\/e3mag.com\/wp-content\/uploads\/2023\/02\/special_guide_button_web.jpg 815w, https:\/\/e3mag.com\/wp-content\/uploads\/2023\/02\/special_guide_button_web-400x400.jpg 400w, https:\/\/e3mag.com\/wp-content\/uploads\/2023\/02\/special_guide_button_web-150x150.jpg 150w, https:\/\/e3mag.com\/wp-content\/uploads\/2023\/02\/special_guide_button_web-768x768.jpg 768w, https:\/\/e3mag.com\/wp-content\/uploads\/2023\/02\/special_guide_button_web-100x100.jpg 100w, https:\/\/e3mag.com\/wp-content\/uploads\/2023\/02\/special_guide_button_web-480x480.jpg 480w, https:\/\/e3mag.com\/wp-content\/uploads\/2023\/02\/special_guide_button_web-640x640.jpg 640w, https:\/\/e3mag.com\/wp-content\/uploads\/2023\/02\/special_guide_button_web-720x720.jpg 720w, https:\/\/e3mag.com\/wp-content\/uploads\/2023\/02\/special_guide_button_web-24x24.jpg 24w, https:\/\/e3mag.com\/wp-content\/uploads\/2023\/02\/special_guide_button_web-48x48.jpg 48w, https:\/\/e3mag.com\/wp-content\/uploads\/2023\/02\/special_guide_button_web-96x96.jpg 96w, https:\/\/e3mag.com\/wp-content\/uploads\/2023\/02\/special_guide_button_web-300x300.jpg 300w\" sizes=\"auto, (max-width: 815px) 100vw, 815px\" \/><\/a><\/figure>\n<\/div>\n\n\n\n<div class=\"wp-block-column is-layout-flow wp-block-column-is-layout-flow\" style=\"flex-basis:66.66%\">\n<h3 class=\"wp-block-heading\">SecurityBridge \/\/ NCMI GmbH <\/h3>\n\n\n\n<p>Auf den&nbsp;DSAG Technologietagen 2023 informiert der Sicherheitsanbieter&nbsp;SecurityBridge \u00fcber neueste Entwicklungen im Bereich der SAP-Security. Dazu geh\u00f6rt seine neueste Entwicklung: eine Patch-Management-L\u00f6sung, die Sicherheitspatches automatisch identifiziert und ihre Installation per Mausklick erm\u00f6glicht.&nbsp;\u201eOne-Click SAP Security Patch Automation\u201c ist eine Funktion der SAP-Security-Plattform von SecurityBridge.&nbsp;SAP-Patch-Management-Verfahren lassen sich dadurch mit einem einzigen Klick automatisieren.&nbsp;<\/p>\n\n\n\n<p>SecurityBridge ist ein Softwarehersteller mit Hauptsitz in Ingolstadt, Deutschland sowie mehreren internationalen Standorten. Als Antwort auf die stetig wachsende Bedrohungslage durch Cyberangriffe bietet die gleichnamige SecurityBridge Plattform eine attraktive und effektive Sicherheitsl\u00f6sung f\u00fcr SAP-Kunden.&nbsp;<\/p>\n<\/div>\n<\/div>\n","protected":false},"excerpt":{"rendered":"<p>Work in Progress vom 22. bis 23. M\u00e4rz 2023 \u201eWork in Progress\u201c lautet das Motto der Technologietage 2023 der Deutschsprachigen SAP-Anwendergruppe e. V. (DSAG) am 22. und 23. M\u00e4rz in Mannheim. Es ist derzeit viel im Fluss auf Seiten von SAP. Neue Produkte stehen an, andere laufen in naher Zukunft aus der Wartung, vieles ist [&hellip;]<\/p>\n","protected":false},"author":38,"featured_media":123181,"parent":136162,"menu_order":5,"comment_status":"closed","ping_status":"closed","template":"","meta":{"_acf_changed":false,"pmpro_default_level":"","footnotes":""},"coauthors":[19920],"class_list":["post-131403","page","type-page","status-publish","has-post-thumbnail","hentry","pmpro-has-access"],"acf":[],"featured_image_urls_v2":{"full":["https:\/\/e3mag.com\/wp-content\/uploads\/2023\/04\/work-in-progress-1200x390-1.jpg",1200,390,false],"thumbnail":["https:\/\/e3mag.com\/wp-content\/uploads\/2023\/04\/work-in-progress-1200x390-1-150x150.jpg",150,150,true],"medium":["https:\/\/e3mag.com\/wp-content\/uploads\/2023\/04\/work-in-progress-1200x390-1-400x130.jpg",400,130,true],"medium_large":["https:\/\/e3mag.com\/wp-content\/uploads\/2023\/04\/work-in-progress-1200x390-1-768x250.jpg",768,250,true],"large":["https:\/\/e3mag.com\/wp-content\/uploads\/2023\/04\/work-in-progress-1200x390-1.jpg",1200,390,false],"image-100":["https:\/\/e3mag.com\/wp-content\/uploads\/2023\/04\/work-in-progress-1200x390-1-100x33.jpg",100,33,true],"image-480":["https:\/\/e3mag.com\/wp-content\/uploads\/2023\/04\/work-in-progress-1200x390-1-480x156.jpg",480,156,true],"image-640":["https:\/\/e3mag.com\/wp-content\/uploads\/2023\/04\/work-in-progress-1200x390-1-640x208.jpg",640,208,true],"image-720":["https:\/\/e3mag.com\/wp-content\/uploads\/2023\/04\/work-in-progress-1200x390-1-720x234.jpg",720,234,true],"image-960":["https:\/\/e3mag.com\/wp-content\/uploads\/2023\/04\/work-in-progress-1200x390-1-960x312.jpg",960,312,true],"image-1168":["https:\/\/e3mag.com\/wp-content\/uploads\/2023\/04\/work-in-progress-1200x390-1-1168x380.jpg",1168,380,true],"image-1440":["https:\/\/e3mag.com\/wp-content\/uploads\/2023\/04\/work-in-progress-1200x390-1.jpg",1200,390,false],"image-1920":["https:\/\/e3mag.com\/wp-content\/uploads\/2023\/04\/work-in-progress-1200x390-1.jpg",1200,390,false],"1536x1536":["https:\/\/e3mag.com\/wp-content\/uploads\/2023\/04\/work-in-progress-1200x390-1.jpg",1200,390,false],"2048x2048":["https:\/\/e3mag.com\/wp-content\/uploads\/2023\/04\/work-in-progress-1200x390-1.jpg",1200,390,false],"trp-custom-language-flag":["https:\/\/e3mag.com\/wp-content\/uploads\/2023\/04\/work-in-progress-1200x390-1.jpg",18,6,false],"bricks_large_16x9":["https:\/\/e3mag.com\/wp-content\/uploads\/2023\/04\/work-in-progress-1200x390-1.jpg",1200,390,false],"bricks_large":["https:\/\/e3mag.com\/wp-content\/uploads\/2023\/04\/work-in-progress-1200x390-1.jpg",1200,390,false],"bricks_large_square":["https:\/\/e3mag.com\/wp-content\/uploads\/2023\/04\/work-in-progress-1200x390-1.jpg",1200,390,false],"bricks_medium":["https:\/\/e3mag.com\/wp-content\/uploads\/2023\/04\/work-in-progress-1200x390-1-600x195.jpg",600,195,true],"bricks_medium_square":["https:\/\/e3mag.com\/wp-content\/uploads\/2023\/04\/work-in-progress-1200x390-1-600x390.jpg",600,390,true],"profile_24":["https:\/\/e3mag.com\/wp-content\/uploads\/2023\/04\/work-in-progress-1200x390-1-24x24.jpg",24,24,true],"profile_48":["https:\/\/e3mag.com\/wp-content\/uploads\/2023\/04\/work-in-progress-1200x390-1-48x48.jpg",48,48,true],"profile_96":["https:\/\/e3mag.com\/wp-content\/uploads\/2023\/04\/work-in-progress-1200x390-1-96x96.jpg",96,96,true],"profile_150":["https:\/\/e3mag.com\/wp-content\/uploads\/2023\/04\/work-in-progress-1200x390-1-150x150.jpg",150,150,true],"profile_300":["https:\/\/e3mag.com\/wp-content\/uploads\/2023\/04\/work-in-progress-1200x390-1-300x300.jpg",300,300,true]},"post_excerpt_stackable_v2":"<p>vom 22. bis 23. M\u00e4rz 2023 \u201eWork in Progress\u201c lautet das Motto der Technologietage 2023 der Deutschsprachigen SAP-Anwendergruppe e. V. (DSAG) am 22. und 23. M\u00e4rz in Mannheim. Es ist derzeit viel im Fluss auf Seiten von SAP. Neue Produkte stehen an, andere laufen in naher Zukunft aus der Wartung, vieles ist in Arbeit, einiges davon aus Sicht der DSAG bereits zu lange. Die DSAG-Technologietage beleuchten den aktuellen Stand wichtiger Themen und zeigen Wege auf, um den Status von \u201ein Arbeit\u201c auf \u201eerledigt\u201c umzustellen. www.dsag.de\/jahreskongress Das modell wird realit\u00e4t Wenn Sie vor der Herausforderung stehen, Ihre bestehenden ERP- oder S\/4-Landschaften&hellip;<\/p>\n","category_list_v2":"","author_info_v2":{"name":"E-3 Magazin","url":"https:\/\/e3mag.com\/de\/author\/e-3-magazin\/"},"comments_num_v2":"0 comments","_links":{"self":[{"href":"https:\/\/e3mag.com\/de\/wp-json\/wp\/v2\/pages\/131403","targetHints":{"allow":["GET"]}}],"collection":[{"href":"https:\/\/e3mag.com\/de\/wp-json\/wp\/v2\/pages"}],"about":[{"href":"https:\/\/e3mag.com\/de\/wp-json\/wp\/v2\/types\/page"}],"author":[{"embeddable":true,"href":"https:\/\/e3mag.com\/de\/wp-json\/wp\/v2\/users\/38"}],"replies":[{"embeddable":true,"href":"https:\/\/e3mag.com\/de\/wp-json\/wp\/v2\/comments?post=131403"}],"version-history":[{"count":1,"href":"https:\/\/e3mag.com\/de\/wp-json\/wp\/v2\/pages\/131403\/revisions"}],"predecessor-version":[{"id":131404,"href":"https:\/\/e3mag.com\/de\/wp-json\/wp\/v2\/pages\/131403\/revisions\/131404"}],"up":[{"embeddable":true,"href":"https:\/\/e3mag.com\/de\/wp-json\/wp\/v2\/pages\/136162"}],"wp:featuredmedia":[{"embeddable":true,"href":"https:\/\/e3mag.com\/de\/wp-json\/wp\/v2\/media\/123181"}],"wp:attachment":[{"href":"https:\/\/e3mag.com\/de\/wp-json\/wp\/v2\/media?parent=131403"}],"wp:term":[{"taxonomy":"author","embeddable":true,"href":"https:\/\/e3mag.com\/de\/wp-json\/wp\/v2\/coauthors?post=131403"}],"curies":[{"name":"wp","href":"https:\/\/api.w.org\/{rel}","templated":true}]}}