{"id":130925,"date":"2023-08-08T11:01:13","date_gmt":"2023-08-08T09:01:13","guid":{"rendered":"http:\/\/e3mag.com\/?page_id=130925"},"modified":"2024-11-18T10:43:40","modified_gmt":"2024-11-18T09:43:40","slug":"dsag-jahreskongress-2023","status":"publish","type":"page","link":"https:\/\/e3mag.com\/de\/e3-events\/dsag-jahreskongress-2023\/","title":{"rendered":"DSAG Jahreskongress 2023"},"content":{"rendered":"\n<h2 class=\"wp-block-heading has-text-align-center\">Wunderbar wandelbar<\/h2>\n\n\n\n<p class=\"has-text-align-center\"><span class=\"ugb-highlight\" style=\"color: #333333;\">vom 19. bis 21. September 2023<\/span><\/p>\n\n\n\n<p>Alles ver\u00e4ndert sich, nichts bleibt, wie es ist. Die heutige Zeit setzt Flexibilit\u00e4t voraus. Entsprechend wandelbar pr\u00e4sentieren sich die Deutschsprachige SAP-Anwendergruppe e. V. (DSAG), SAP und das gesamte \u00d6kosystem. Genau diese Wandlungsf\u00e4higkeit r\u00fcckt auch der DSAG-Jahreskongress 2023 vom 19. bis 21. September im Congress Center Bremen in den Fokus. Unter dem Motto \u201eWunderbar wandelbar \u2013 Gemeinsam neue Perspektiven schaffen\u201c freut sich die DSAG darauf, mehr als 5.000 Teilnehmende zu begr\u00fc\u00dfen. Die Interessenvertretung wirft den Blick durch das Kaleidoskop und macht sich mit den Teilnehmenden auf die Suche nach dem richtigen Dreh, um den digitalen, technologischen, \u00f6kologischen und \u00f6konomischen Wandel zu meistern und Ver\u00e4nderungen erfolgreich zu gestalten. <a href=\"https:\/\/www.dsag.de\/jahreskongress\" target=\"_blank\" rel=\"noopener\">www.dsag.de\/jahreskongress<\/a><\/p>\n\n\n\n<div class=\"wp-block-columns is-layout-flex wp-container-core-columns-is-layout-9d6595d7 wp-block-columns-is-layout-flex\">\n<div class=\"wp-block-column is-layout-flow wp-block-column-is-layout-flow\"><\/div>\n\n\n\n<div class=\"wp-block-column is-layout-flow wp-block-column-is-layout-flow\"><\/div>\n\n\n\n<div class=\"wp-block-column is-layout-flow wp-block-column-is-layout-flow\"><\/div>\n<\/div>\n\n\n\n<h2 class=\"wp-block-heading has-text-align-center\">Aussteller<\/h2>\n\n\n\n<div style=\"height:45px\" aria-hidden=\"true\" class=\"wp-block-spacer\"><\/div>\n\n\n\n<div class=\"wp-block-columns is-layout-flex wp-container-core-columns-is-layout-9d6595d7 wp-block-columns-is-layout-flex\">\n<div class=\"wp-block-column is-layout-flow wp-block-column-is-layout-flow\" style=\"flex-basis:33.33%\">\n<figure class=\"wp-block-image size-full\"><a href=\"https:\/\/www.claranet.de\" target=\"_blank\" rel=\"noopener\"><img loading=\"lazy\" decoding=\"async\" width=\"815\" height=\"814\" src=\"https:\/\/e3mag.com\/wp-content\/uploads\/2023\/08\/2023_09_claranet_sg.jpg\" alt=\"\" class=\"wp-image-131426\" srcset=\"https:\/\/e3mag.com\/wp-content\/uploads\/2023\/08\/2023_09_claranet_sg.jpg 815w, https:\/\/e3mag.com\/wp-content\/uploads\/2023\/08\/2023_09_claranet_sg-400x400.jpg 400w, https:\/\/e3mag.com\/wp-content\/uploads\/2023\/08\/2023_09_claranet_sg-150x150.jpg 150w, https:\/\/e3mag.com\/wp-content\/uploads\/2023\/08\/2023_09_claranet_sg-768x767.jpg 768w, https:\/\/e3mag.com\/wp-content\/uploads\/2023\/08\/2023_09_claranet_sg-100x100.jpg 100w, https:\/\/e3mag.com\/wp-content\/uploads\/2023\/08\/2023_09_claranet_sg-480x479.jpg 480w, https:\/\/e3mag.com\/wp-content\/uploads\/2023\/08\/2023_09_claranet_sg-640x639.jpg 640w, https:\/\/e3mag.com\/wp-content\/uploads\/2023\/08\/2023_09_claranet_sg-720x719.jpg 720w, https:\/\/e3mag.com\/wp-content\/uploads\/2023\/08\/2023_09_claranet_sg-12x12.jpg 12w, https:\/\/e3mag.com\/wp-content\/uploads\/2023\/08\/2023_09_claranet_sg-600x600.jpg 600w, https:\/\/e3mag.com\/wp-content\/uploads\/2023\/08\/2023_09_claranet_sg-24x24.jpg 24w, https:\/\/e3mag.com\/wp-content\/uploads\/2023\/08\/2023_09_claranet_sg-48x48.jpg 48w, https:\/\/e3mag.com\/wp-content\/uploads\/2023\/08\/2023_09_claranet_sg-96x96.jpg 96w, https:\/\/e3mag.com\/wp-content\/uploads\/2023\/08\/2023_09_claranet_sg-300x300.jpg 300w\" sizes=\"auto, (max-width: 815px) 100vw, 815px\" \/><\/a><\/figure>\n<\/div>\n\n\n\n<div class=\"wp-block-column is-layout-flow wp-block-column-is-layout-flow\" style=\"flex-basis:66.66%\">\n<h3 class=\"wp-block-heading\">Claranet GmbH<\/h3>\n\n\n\n<p>Claranet ist ein globaler Technology Service Provider mit Kompetenzen in den Bereichen Cloud, Cyber Security, Data und Applications wie SAP und Workplace Services. Unsere Leistungen im SAP-Bereich sind vielseitig und decken unter anderem SAP S\/4HANA, SAP on Cloud und SAP Managed Services ab. Profitieren Sie von langj\u00e4hrigem Know-how und unabh\u00e4ngiger, objektiver Beratung.<\/p>\n\n\n\n<p>Claranet zeichnet dabei besonders die F\u00e4higkeit aus, gro\u00df genug zu sein, um umfassend zu unterst\u00fctzen, und klein genug, um Sie individuell und pers\u00f6nlich zu betreuen, weil wir flexible, skalierbare Technologiel\u00f6sungen anbieten und genau dort sind, wo Sie uns brauchen, in Ihrem Tempo, in Ihrer Region.<\/p>\n\n\n\n<p>Treffen Sie unser SAP-Expertenteam auf dem DSAG-Jahreskongress am <strong>Stand Q1<\/strong>!<\/p>\n\n\n\n<p><a href=\"https:\/\/www.claranet.de\/\" target=\"_blank\" rel=\"noopener\">www.claranet.de<\/a><\/p>\n<\/div>\n<\/div>\n\n\n\n<div class=\"wp-block-columns is-layout-flex wp-container-core-columns-is-layout-9d6595d7 wp-block-columns-is-layout-flex\">\n<div class=\"wp-block-column is-layout-flow wp-block-column-is-layout-flow\" style=\"flex-basis:33.33%\">\n<figure class=\"wp-block-image size-full\"><a href=\"https:\/\/consult-sk.com\/\" target=\"_blank\" rel=\"noopener\"><img loading=\"lazy\" decoding=\"async\" width=\"815\" height=\"815\" src=\"https:\/\/e3mag.com\/wp-content\/uploads\/2023\/08\/2023_09_consult_sk_sg.jpg\" alt=\"\" class=\"wp-image-131395\" srcset=\"https:\/\/e3mag.com\/wp-content\/uploads\/2023\/08\/2023_09_consult_sk_sg.jpg 815w, https:\/\/e3mag.com\/wp-content\/uploads\/2023\/08\/2023_09_consult_sk_sg-400x400.jpg 400w, https:\/\/e3mag.com\/wp-content\/uploads\/2023\/08\/2023_09_consult_sk_sg-150x150.jpg 150w, https:\/\/e3mag.com\/wp-content\/uploads\/2023\/08\/2023_09_consult_sk_sg-768x768.jpg 768w, https:\/\/e3mag.com\/wp-content\/uploads\/2023\/08\/2023_09_consult_sk_sg-100x100.jpg 100w, https:\/\/e3mag.com\/wp-content\/uploads\/2023\/08\/2023_09_consult_sk_sg-480x480.jpg 480w, https:\/\/e3mag.com\/wp-content\/uploads\/2023\/08\/2023_09_consult_sk_sg-640x640.jpg 640w, https:\/\/e3mag.com\/wp-content\/uploads\/2023\/08\/2023_09_consult_sk_sg-720x720.jpg 720w, https:\/\/e3mag.com\/wp-content\/uploads\/2023\/08\/2023_09_consult_sk_sg-12x12.jpg 12w, https:\/\/e3mag.com\/wp-content\/uploads\/2023\/08\/2023_09_consult_sk_sg-600x600.jpg 600w, https:\/\/e3mag.com\/wp-content\/uploads\/2023\/08\/2023_09_consult_sk_sg-24x24.jpg 24w, https:\/\/e3mag.com\/wp-content\/uploads\/2023\/08\/2023_09_consult_sk_sg-48x48.jpg 48w, https:\/\/e3mag.com\/wp-content\/uploads\/2023\/08\/2023_09_consult_sk_sg-96x96.jpg 96w, https:\/\/e3mag.com\/wp-content\/uploads\/2023\/08\/2023_09_consult_sk_sg-300x300.jpg 300w\" sizes=\"auto, (max-width: 815px) 100vw, 815px\" \/><\/a><\/figure>\n<\/div>\n\n\n\n<div class=\"wp-block-column is-layout-flow wp-block-column-is-layout-flow\" style=\"flex-basis:66.66%\">\n<h3 class=\"wp-block-heading\">Consult-SK<\/h3>\n\n\n\n<p> Die Consult-SK GmbH (CSK) mit Sitz im westf\u00e4lischen Minden, ist seit 2013 deutschland- und europaweit als SAP\u00ae Prozessberatung f\u00fcr namhafte Unternehmen aus Einzelhandel, Industrie, Medien sowie aus der Energie- bzw. Entsorgungswirtschaft t\u00e4tig. Zu den Leistungen und Kompetenzen des Unternehmens z\u00e4hlen kundenspezifische Anpassungen von SAP\u00ae Addons, die Digitalisierung von Gesch\u00e4ftsprozessen in den Bereichen Purchase2Pay\/Order2Cash und die Entwicklung eigener SAP\u00ae Softwarel\u00f6sungen. Getreu dem Motto \u201eProzesse. Einfach. Besser.\u201c<\/p>\n\n\n\n<p>Auf dem DSAG Jahreskongress 2023 ist die CSK am <strong>Stand L1 in Halle 5<\/strong> zu finden. Das Tochterunternehmen, die REexpect GmbH \u2013 spezialisiert auf das SAP\u00ae Modul RE-FX \u2013 informiert ebenfalls \u00fcber das Software- und Dienstleistungsangebot.<\/p>\n\n\n\n<p><a href=\"https:\/\/consult-sk.com\/\" target=\"_blank\" rel=\"noopener\">www.consult-sk.com<\/a><\/p>\n<\/div>\n<\/div>\n\n\n\n\n\n\n\n<div class=\"wp-block-columns is-layout-flex wp-container-core-columns-is-layout-9d6595d7 wp-block-columns-is-layout-flex\">\n<div class=\"wp-block-column is-layout-flow wp-block-column-is-layout-flow\" style=\"flex-basis:33.33%\">\n<figure class=\"wp-block-image size-full\"><a href=\"https:\/\/www.esker.de\" target=\"_blank\" rel=\"noopener\"><img loading=\"lazy\" decoding=\"async\" width=\"815\" height=\"815\" src=\"https:\/\/e3mag.com\/wp-content\/uploads\/2023\/07\/2022-10_esker_special_guide_dsag.jpg\" alt=\"\" class=\"wp-image-131063\" srcset=\"https:\/\/e3mag.com\/wp-content\/uploads\/2023\/07\/2022-10_esker_special_guide_dsag.jpg 815w, https:\/\/e3mag.com\/wp-content\/uploads\/2023\/07\/2022-10_esker_special_guide_dsag-400x400.jpg 400w, https:\/\/e3mag.com\/wp-content\/uploads\/2023\/07\/2022-10_esker_special_guide_dsag-150x150.jpg 150w, https:\/\/e3mag.com\/wp-content\/uploads\/2023\/07\/2022-10_esker_special_guide_dsag-768x768.jpg 768w, https:\/\/e3mag.com\/wp-content\/uploads\/2023\/07\/2022-10_esker_special_guide_dsag-100x100.jpg 100w, https:\/\/e3mag.com\/wp-content\/uploads\/2023\/07\/2022-10_esker_special_guide_dsag-480x480.jpg 480w, https:\/\/e3mag.com\/wp-content\/uploads\/2023\/07\/2022-10_esker_special_guide_dsag-640x640.jpg 640w, https:\/\/e3mag.com\/wp-content\/uploads\/2023\/07\/2022-10_esker_special_guide_dsag-720x720.jpg 720w, https:\/\/e3mag.com\/wp-content\/uploads\/2023\/07\/2022-10_esker_special_guide_dsag-12x12.jpg 12w, https:\/\/e3mag.com\/wp-content\/uploads\/2023\/07\/2022-10_esker_special_guide_dsag-600x600.jpg 600w, https:\/\/e3mag.com\/wp-content\/uploads\/2023\/07\/2022-10_esker_special_guide_dsag-24x24.jpg 24w, https:\/\/e3mag.com\/wp-content\/uploads\/2023\/07\/2022-10_esker_special_guide_dsag-48x48.jpg 48w, https:\/\/e3mag.com\/wp-content\/uploads\/2023\/07\/2022-10_esker_special_guide_dsag-96x96.jpg 96w, https:\/\/e3mag.com\/wp-content\/uploads\/2023\/07\/2022-10_esker_special_guide_dsag-300x300.jpg 300w\" sizes=\"auto, (max-width: 815px) 100vw, 815px\" \/><\/a><\/figure>\n<\/div>\n\n\n\n<div class=\"wp-block-column is-layout-flow wp-block-column-is-layout-flow\" style=\"flex-basis:66.66%\">\n<h3 class=\"wp-block-heading\">Esker Software Entwicklungs- und Vertriebs-GmbH<\/h3>\n\n\n\n<p>Esker bietet eine globale Cloud-Plattform zur Automatisierung von Dokumentenprozessen und unterst\u00fctzt Finanz-, Einkaufs- und Kundendienstabteilungen bei der digitalen Transformation in den Bereichen Order-to-Cash (O2C) und Source-to-Pay (S2P). Die Esker-L\u00f6sungen werden weltweit eingesetzt und beinhalten Technologien wie k\u00fcnstliche Intelligenz (KI), um die Produktivit\u00e4t und die Transparenz im Unternehmen zu erh\u00f6hen.<\/p>\n\n\n\n<p>Zugleich wird damit die Zusammenarbeit von Kunden, Lieferanten und Mitarbeitenden gest\u00e4rkt. Esker verf\u00fcgt \u00fcber Niederlassungen in Nord- und Lateinamerika, Europa und im Asien-Pazifik-Raum und deutsche Standorte in Feldkirchen\/M\u00fcnchen und Ratingen. Das in Frankreich b\u00f6rsennotierte Unternehmen erwirtschaftete im Jahr 2022 einen Umsatz von 159,3 Millionen Euro, zwei Drittel davon au\u00dferhalb Frankreichs. <\/p>\n\n\n\n<p><strong>Stand P6<\/strong><\/p>\n\n\n\n<p><a href=\"https:\/\/www.esker.de\" target=\"_blank\" rel=\"noreferrer noopener\">www.esker.de<\/a><\/p>\n<\/div>\n<\/div>\n\n\n\n<div class=\"wp-block-columns is-layout-flex wp-container-core-columns-is-layout-9d6595d7 wp-block-columns-is-layout-flex\">\n<div class=\"wp-block-column is-layout-flow wp-block-column-is-layout-flow\" style=\"flex-basis:33.33%\">\n<figure class=\"wp-block-image size-full\"><a href=\"https:\/\/ifm-business-solutions.com\" target=\"_blank\" rel=\"noopener\"><img loading=\"lazy\" decoding=\"async\" width=\"815\" height=\"815\" src=\"https:\/\/e3mag.com\/wp-content\/uploads\/2023\/08\/2023_09_ifm_sg.jpg\" alt=\"\" class=\"wp-image-131516\" srcset=\"https:\/\/e3mag.com\/wp-content\/uploads\/2023\/08\/2023_09_ifm_sg.jpg 815w, https:\/\/e3mag.com\/wp-content\/uploads\/2023\/08\/2023_09_ifm_sg-400x400.jpg 400w, https:\/\/e3mag.com\/wp-content\/uploads\/2023\/08\/2023_09_ifm_sg-150x150.jpg 150w, https:\/\/e3mag.com\/wp-content\/uploads\/2023\/08\/2023_09_ifm_sg-768x768.jpg 768w, https:\/\/e3mag.com\/wp-content\/uploads\/2023\/08\/2023_09_ifm_sg-100x100.jpg 100w, https:\/\/e3mag.com\/wp-content\/uploads\/2023\/08\/2023_09_ifm_sg-480x480.jpg 480w, https:\/\/e3mag.com\/wp-content\/uploads\/2023\/08\/2023_09_ifm_sg-640x640.jpg 640w, https:\/\/e3mag.com\/wp-content\/uploads\/2023\/08\/2023_09_ifm_sg-720x720.jpg 720w, https:\/\/e3mag.com\/wp-content\/uploads\/2023\/08\/2023_09_ifm_sg-12x12.jpg 12w, https:\/\/e3mag.com\/wp-content\/uploads\/2023\/08\/2023_09_ifm_sg-600x600.jpg 600w, https:\/\/e3mag.com\/wp-content\/uploads\/2023\/08\/2023_09_ifm_sg-24x24.jpg 24w, https:\/\/e3mag.com\/wp-content\/uploads\/2023\/08\/2023_09_ifm_sg-48x48.jpg 48w, https:\/\/e3mag.com\/wp-content\/uploads\/2023\/08\/2023_09_ifm_sg-96x96.jpg 96w, https:\/\/e3mag.com\/wp-content\/uploads\/2023\/08\/2023_09_ifm_sg-300x300.jpg 300w\" sizes=\"auto, (max-width: 815px) 100vw, 815px\" \/><\/a><\/figure>\n<\/div>\n\n\n\n<div class=\"wp-block-column is-layout-flow wp-block-column-is-layout-flow\" style=\"flex-basis:66.66%\">\n<h3 class=\"wp-block-heading\">Effizienz und Transparenz in der Supply Chain mit ifm<\/h3>\n\n\n\n<p>Als lizenzierter SAP Silver Partner bieten wir seit \u00fcber 30 Jahren ausgekl\u00fcgelte Softwarel\u00f6sungen an, die bei der ganzheitlichen Supply-Chain-Optimierung unterst\u00fctzen \u2013 von der Absatz- und Produktionsplanung \u00fcber die Beschaffung bis hin zum Bestandsmanagement. Unsere vollst\u00e4ndig im SAP-System integrierten L\u00f6sungen laufen auf SAP ECC 6.0 und SAP S\/4HANA und sind sowohl On-Premises als auch in der Cloud verf\u00fcgbar.<\/p>\n\n\n\n<p>\u00dcber 900 Kunden weltweit setzen bereits auf unsere Tools, die eine durchg\u00e4ngige Kommunikation von der Produktionsebene bis ins SAP ERP erm\u00f6glichen, und profitieren so nachhaltig von verbesserten Best\u00e4nden sowie gesteigerter Lieferbereitschaft. Begleiten auch Sie uns auf unserer Mission, komplexe Supply-Chain-Prozesse beherrschbar zu machen. <\/p>\n\n\n\n<p><a href=\"https:\/\/ifm-business-solutions.com\" target=\"_blank\" rel=\"noopener\">www.ifm-business-solutions.com<\/a><\/p>\n<\/div>\n<\/div>\n\n\n\n\n\n\n\n\n","protected":false},"excerpt":{"rendered":"<p>Wunderbar wandelbar vom 19. bis 21. September 2023 Alles ver\u00e4ndert sich, nichts bleibt, wie es ist. Die heutige Zeit setzt Flexibilit\u00e4t voraus. Entsprechend wandelbar pr\u00e4sentieren sich die Deutschsprachige SAP-Anwendergruppe e. V. (DSAG), SAP und das gesamte \u00d6kosystem. Genau diese Wandlungsf\u00e4higkeit r\u00fcckt auch der DSAG-Jahreskongress 2023 vom 19. bis 21. September im Congress Center Bremen in [&hellip;]<\/p>\n","protected":false},"author":38,"featured_media":131397,"parent":136162,"menu_order":7,"comment_status":"closed","ping_status":"closed","template":"","meta":{"_acf_changed":false,"pmpro_default_level":"","footnotes":""},"coauthors":[19920],"class_list":["post-130925","page","type-page","status-publish","has-post-thumbnail","hentry","pmpro-has-access"],"acf":[],"featured_image_urls_v2":{"full":["https:\/\/e3mag.com\/wp-content\/uploads\/2023\/08\/2023_08_08_Titelbild_DSAG_JK23-V2.jpg",1200,390,false],"thumbnail":["https:\/\/e3mag.com\/wp-content\/uploads\/2023\/08\/2023_08_08_Titelbild_DSAG_JK23-V2-150x150.jpg",150,150,true],"medium":["https:\/\/e3mag.com\/wp-content\/uploads\/2023\/08\/2023_08_08_Titelbild_DSAG_JK23-V2-400x130.jpg",400,130,true],"medium_large":["https:\/\/e3mag.com\/wp-content\/uploads\/2023\/08\/2023_08_08_Titelbild_DSAG_JK23-V2-768x250.jpg",768,250,true],"large":["https:\/\/e3mag.com\/wp-content\/uploads\/2023\/08\/2023_08_08_Titelbild_DSAG_JK23-V2.jpg",1200,390,false],"image-100":["https:\/\/e3mag.com\/wp-content\/uploads\/2023\/08\/2023_08_08_Titelbild_DSAG_JK23-V2-100x33.jpg",100,33,true],"image-480":["https:\/\/e3mag.com\/wp-content\/uploads\/2023\/08\/2023_08_08_Titelbild_DSAG_JK23-V2-480x156.jpg",480,156,true],"image-640":["https:\/\/e3mag.com\/wp-content\/uploads\/2023\/08\/2023_08_08_Titelbild_DSAG_JK23-V2-640x208.jpg",640,208,true],"image-720":["https:\/\/e3mag.com\/wp-content\/uploads\/2023\/08\/2023_08_08_Titelbild_DSAG_JK23-V2-720x234.jpg",720,234,true],"image-960":["https:\/\/e3mag.com\/wp-content\/uploads\/2023\/08\/2023_08_08_Titelbild_DSAG_JK23-V2-960x312.jpg",960,312,true],"image-1168":["https:\/\/e3mag.com\/wp-content\/uploads\/2023\/08\/2023_08_08_Titelbild_DSAG_JK23-V2-1168x380.jpg",1168,380,true],"image-1440":["https:\/\/e3mag.com\/wp-content\/uploads\/2023\/08\/2023_08_08_Titelbild_DSAG_JK23-V2.jpg",1200,390,false],"image-1920":["https:\/\/e3mag.com\/wp-content\/uploads\/2023\/08\/2023_08_08_Titelbild_DSAG_JK23-V2.jpg",1200,390,false],"1536x1536":["https:\/\/e3mag.com\/wp-content\/uploads\/2023\/08\/2023_08_08_Titelbild_DSAG_JK23-V2.jpg",1200,390,false],"2048x2048":["https:\/\/e3mag.com\/wp-content\/uploads\/2023\/08\/2023_08_08_Titelbild_DSAG_JK23-V2.jpg",1200,390,false],"trp-custom-language-flag":["https:\/\/e3mag.com\/wp-content\/uploads\/2023\/08\/2023_08_08_Titelbild_DSAG_JK23-V2-18x6.jpg",18,6,true],"bricks_large_16x9":["https:\/\/e3mag.com\/wp-content\/uploads\/2023\/08\/2023_08_08_Titelbild_DSAG_JK23-V2.jpg",1200,390,false],"bricks_large":["https:\/\/e3mag.com\/wp-content\/uploads\/2023\/08\/2023_08_08_Titelbild_DSAG_JK23-V2.jpg",1200,390,false],"bricks_large_square":["https:\/\/e3mag.com\/wp-content\/uploads\/2023\/08\/2023_08_08_Titelbild_DSAG_JK23-V2.jpg",1200,390,false],"bricks_medium":["https:\/\/e3mag.com\/wp-content\/uploads\/2023\/08\/2023_08_08_Titelbild_DSAG_JK23-V2-600x195.jpg",600,195,true],"bricks_medium_square":["https:\/\/e3mag.com\/wp-content\/uploads\/2023\/08\/2023_08_08_Titelbild_DSAG_JK23-V2-600x390.jpg",600,390,true],"profile_24":["https:\/\/e3mag.com\/wp-content\/uploads\/2023\/08\/2023_08_08_Titelbild_DSAG_JK23-V2-24x24.jpg",24,24,true],"profile_48":["https:\/\/e3mag.com\/wp-content\/uploads\/2023\/08\/2023_08_08_Titelbild_DSAG_JK23-V2-48x48.jpg",48,48,true],"profile_96":["https:\/\/e3mag.com\/wp-content\/uploads\/2023\/08\/2023_08_08_Titelbild_DSAG_JK23-V2-96x96.jpg",96,96,true],"profile_150":["https:\/\/e3mag.com\/wp-content\/uploads\/2023\/08\/2023_08_08_Titelbild_DSAG_JK23-V2-150x150.jpg",150,150,true],"profile_300":["https:\/\/e3mag.com\/wp-content\/uploads\/2023\/08\/2023_08_08_Titelbild_DSAG_JK23-V2-300x300.jpg",300,300,true]},"post_excerpt_stackable_v2":"<p>vom 19. bis 21. September 2023 Alles ver\u00e4ndert sich, nichts bleibt, wie es ist. Die heutige Zeit setzt Flexibilit\u00e4t voraus. Entsprechend wandelbar pr\u00e4sentieren sich die Deutschsprachige SAP-Anwendergruppe e. V. (DSAG), SAP und das gesamte \u00d6kosystem. Genau diese Wandlungsf\u00e4higkeit r\u00fcckt auch der DSAG-Jahreskongress 2023 vom 19. bis 21. September im Congress Center Bremen in den Fokus. Unter dem Motto \u201eWunderbar wandelbar \u2013 Gemeinsam neue Perspektiven schaffen\u201c freut sich die DSAG darauf, mehr als 5.000 Teilnehmende zu begr\u00fc\u00dfen. Die Interessenvertretung wirft den Blick durch das Kaleidoskop und macht sich mit den Teilnehmenden auf die Suche nach dem richtigen Dreh, um den digitalen,&hellip;<\/p>\n","category_list_v2":"","author_info_v2":{"name":"E-3 Magazin","url":"https:\/\/e3mag.com\/de\/author\/e-3-magazin\/"},"comments_num_v2":"0 comments","_links":{"self":[{"href":"https:\/\/e3mag.com\/de\/wp-json\/wp\/v2\/pages\/130925","targetHints":{"allow":["GET"]}}],"collection":[{"href":"https:\/\/e3mag.com\/de\/wp-json\/wp\/v2\/pages"}],"about":[{"href":"https:\/\/e3mag.com\/de\/wp-json\/wp\/v2\/types\/page"}],"author":[{"embeddable":true,"href":"https:\/\/e3mag.com\/de\/wp-json\/wp\/v2\/users\/38"}],"replies":[{"embeddable":true,"href":"https:\/\/e3mag.com\/de\/wp-json\/wp\/v2\/comments?post=130925"}],"version-history":[{"count":13,"href":"https:\/\/e3mag.com\/de\/wp-json\/wp\/v2\/pages\/130925\/revisions"}],"predecessor-version":[{"id":131548,"href":"https:\/\/e3mag.com\/de\/wp-json\/wp\/v2\/pages\/130925\/revisions\/131548"}],"up":[{"embeddable":true,"href":"https:\/\/e3mag.com\/de\/wp-json\/wp\/v2\/pages\/136162"}],"wp:featuredmedia":[{"embeddable":true,"href":"https:\/\/e3mag.com\/de\/wp-json\/wp\/v2\/media\/131397"}],"wp:attachment":[{"href":"https:\/\/e3mag.com\/de\/wp-json\/wp\/v2\/media?parent=130925"}],"wp:term":[{"taxonomy":"author","embeddable":true,"href":"https:\/\/e3mag.com\/de\/wp-json\/wp\/v2\/coauthors?post=130925"}],"curies":[{"name":"wp","href":"https:\/\/api.w.org\/{rel}","templated":true}]}}