{"id":115764,"date":"2022-06-07T09:06:20","date_gmt":"2022-06-07T07:06:20","guid":{"rendered":"http:\/\/e3mag.com\/?page_id=115764"},"modified":"2024-11-18T10:43:34","modified_gmt":"2024-11-18T09:43:34","slug":"e-world-energy-water","status":"publish","type":"page","link":"https:\/\/e3mag.com\/de\/e3-events\/e-world-energy-water\/","title":{"rendered":"E-world energy &amp; water 2023"},"content":{"rendered":"\n<h1 class=\"wp-block-heading\">E-world energy &amp; water 2023<\/h1>\n\n\n\n<h2 class=\"wp-block-heading\"><br>Europas Leitmesse der Energiewirtschaft<\/h2>\n\n\n\n<p>Unter dem Leitmotiv \u201eSolutions for a Sustainable Future\u201c trifft sich die Energiebranche vom 23 \u2013 25. Mai 2023 in Essen und setzt auch in diesem Jahr wieder wichtige Impulse in den Bereichen nachhaltige Technologien und intelligente Energiesysteme. (Inter)nationale Aussteller pr\u00e4sentieren in f\u00fcnf Hallen ihre Innovationen f\u00fcr eine klimaneutrale Energiezukunft.<\/p>\n\n\n\n<p>Die vier Fachforen bieten ein breit gef\u00e4chertes Vortragsprogramm. Die Schwerpunkte liegen auf dem Ausbau und der Integration erneuerbarer Energien, dem Thema Wasserstoff, den Anforderungen der zuk\u00fcnftigen Energieversorgung sowie auf den Auswirkungen und Ver\u00e4nderung der Energiewirtschaft auf EVUs und Endverbraucher*innen.<\/p>\n\n\n\n<p>Weitere Informationen unter <a href=\"https:\/\/www.e-world-essen.com\" target=\"_blank\" rel=\"noopener\">www.e-world-essen.com<\/a><\/p>\n","protected":false},"excerpt":{"rendered":"<p>E-world energy &amp; water 2023 Europas Leitmesse der Energiewirtschaft Unter dem Leitmotiv \u201eSolutions for a Sustainable Future\u201c trifft sich die Energiebranche vom 23 \u2013 25. Mai 2023 in Essen und setzt auch in diesem Jahr wieder wichtige Impulse in den Bereichen nachhaltige Technologien und intelligente Energiesysteme. (Inter)nationale Aussteller pr\u00e4sentieren in f\u00fcnf Hallen ihre Innovationen f\u00fcr [&hellip;]<\/p>\n","protected":false},"author":38,"featured_media":122862,"parent":136162,"menu_order":3,"comment_status":"closed","ping_status":"closed","template":"","meta":{"_acf_changed":false,"pmpro_default_level":"","footnotes":""},"coauthors":[19920],"class_list":["post-115764","page","type-page","status-publish","has-post-thumbnail","hentry","pmpro-has-access"],"acf":[],"featured_image_urls_v2":{"full":["https:\/\/e3mag.com\/wp-content\/uploads\/2023\/04\/e-world-1200x390-1.jpg",1200,390,false],"thumbnail":["https:\/\/e3mag.com\/wp-content\/uploads\/2023\/04\/e-world-1200x390-1-150x150.jpg",150,150,true],"medium":["https:\/\/e3mag.com\/wp-content\/uploads\/2023\/04\/e-world-1200x390-1-400x130.jpg",400,130,true],"medium_large":["https:\/\/e3mag.com\/wp-content\/uploads\/2023\/04\/e-world-1200x390-1-768x250.jpg",768,250,true],"large":["https:\/\/e3mag.com\/wp-content\/uploads\/2023\/04\/e-world-1200x390-1.jpg",1200,390,false],"image-100":["https:\/\/e3mag.com\/wp-content\/uploads\/2023\/04\/e-world-1200x390-1-100x33.jpg",100,33,true],"image-480":["https:\/\/e3mag.com\/wp-content\/uploads\/2023\/04\/e-world-1200x390-1-480x156.jpg",480,156,true],"image-640":["https:\/\/e3mag.com\/wp-content\/uploads\/2023\/04\/e-world-1200x390-1-640x208.jpg",640,208,true],"image-720":["https:\/\/e3mag.com\/wp-content\/uploads\/2023\/04\/e-world-1200x390-1-720x234.jpg",720,234,true],"image-960":["https:\/\/e3mag.com\/wp-content\/uploads\/2023\/04\/e-world-1200x390-1-960x312.jpg",960,312,true],"image-1168":["https:\/\/e3mag.com\/wp-content\/uploads\/2023\/04\/e-world-1200x390-1-1168x380.jpg",1168,380,true],"image-1440":["https:\/\/e3mag.com\/wp-content\/uploads\/2023\/04\/e-world-1200x390-1.jpg",1200,390,false],"image-1920":["https:\/\/e3mag.com\/wp-content\/uploads\/2023\/04\/e-world-1200x390-1.jpg",1200,390,false],"1536x1536":["https:\/\/e3mag.com\/wp-content\/uploads\/2023\/04\/e-world-1200x390-1.jpg",1200,390,false],"2048x2048":["https:\/\/e3mag.com\/wp-content\/uploads\/2023\/04\/e-world-1200x390-1.jpg",1200,390,false],"trp-custom-language-flag":["https:\/\/e3mag.com\/wp-content\/uploads\/2023\/04\/e-world-1200x390-1.jpg",18,6,false],"bricks_large_16x9":["https:\/\/e3mag.com\/wp-content\/uploads\/2023\/04\/e-world-1200x390-1.jpg",1200,390,false],"bricks_large":["https:\/\/e3mag.com\/wp-content\/uploads\/2023\/04\/e-world-1200x390-1.jpg",1200,390,false],"bricks_large_square":["https:\/\/e3mag.com\/wp-content\/uploads\/2023\/04\/e-world-1200x390-1.jpg",1200,390,false],"bricks_medium":["https:\/\/e3mag.com\/wp-content\/uploads\/2023\/04\/e-world-1200x390-1.jpg",600,195,false],"bricks_medium_square":["https:\/\/e3mag.com\/wp-content\/uploads\/2023\/04\/e-world-1200x390-1.jpg",600,195,false],"profile_24":["https:\/\/e3mag.com\/wp-content\/uploads\/2023\/04\/e-world-1200x390-1-24x24.jpg",24,24,true],"profile_48":["https:\/\/e3mag.com\/wp-content\/uploads\/2023\/04\/e-world-1200x390-1-48x48.jpg",48,48,true],"profile_96":["https:\/\/e3mag.com\/wp-content\/uploads\/2023\/04\/e-world-1200x390-1-96x96.jpg",96,96,true],"profile_150":["https:\/\/e3mag.com\/wp-content\/uploads\/2023\/04\/e-world-1200x390-1-150x150.jpg",150,150,true],"profile_300":["https:\/\/e3mag.com\/wp-content\/uploads\/2023\/04\/e-world-1200x390-1-300x300.jpg",300,300,true]},"post_excerpt_stackable_v2":"<p>Unter dem Leitmotiv \u201eSolutions for a Sustainable Future\u201c trifft sich die Energiebranche vom 23 \u2013 25. Mai 2023 in Essen und setzt auch in diesem Jahr wieder wichtige Impulse in den Bereichen nachhaltige Technologien und intelligente Energiesysteme. (Inter)nationale Aussteller pr\u00e4sentieren in f\u00fcnf Hallen ihre Innovationen f\u00fcr eine klimaneutrale Energiezukunft. Die vier Fachforen bieten ein breit gef\u00e4chertes Vortragsprogramm. Die Schwerpunkte liegen auf dem Ausbau und der Integration erneuerbarer Energien, dem Thema Wasserstoff, den Anforderungen der zuk\u00fcnftigen Energieversorgung sowie auf den Auswirkungen und Ver\u00e4nderung der Energiewirtschaft auf EVUs und Endverbraucher*innen. Weitere Informationen unter www.e-world-essen.com<\/p>\n","category_list_v2":"","author_info_v2":{"name":"E-3 Magazin","url":"https:\/\/e3mag.com\/de\/author\/e-3-magazin\/"},"comments_num_v2":"0 comments","_links":{"self":[{"href":"https:\/\/e3mag.com\/de\/wp-json\/wp\/v2\/pages\/115764","targetHints":{"allow":["GET"]}}],"collection":[{"href":"https:\/\/e3mag.com\/de\/wp-json\/wp\/v2\/pages"}],"about":[{"href":"https:\/\/e3mag.com\/de\/wp-json\/wp\/v2\/types\/page"}],"author":[{"embeddable":true,"href":"https:\/\/e3mag.com\/de\/wp-json\/wp\/v2\/users\/38"}],"replies":[{"embeddable":true,"href":"https:\/\/e3mag.com\/de\/wp-json\/wp\/v2\/comments?post=115764"}],"version-history":[{"count":1,"href":"https:\/\/e3mag.com\/de\/wp-json\/wp\/v2\/pages\/115764\/revisions"}],"predecessor-version":[{"id":136172,"href":"https:\/\/e3mag.com\/de\/wp-json\/wp\/v2\/pages\/115764\/revisions\/136172"}],"up":[{"embeddable":true,"href":"https:\/\/e3mag.com\/de\/wp-json\/wp\/v2\/pages\/136162"}],"wp:featuredmedia":[{"embeddable":true,"href":"https:\/\/e3mag.com\/de\/wp-json\/wp\/v2\/media\/122862"}],"wp:attachment":[{"href":"https:\/\/e3mag.com\/de\/wp-json\/wp\/v2\/media?parent=115764"}],"wp:term":[{"taxonomy":"author","embeddable":true,"href":"https:\/\/e3mag.com\/de\/wp-json\/wp\/v2\/coauthors?post=115764"}],"curies":[{"name":"wp","href":"https:\/\/api.w.org\/{rel}","templated":true}]}}